{"id":17395,"date":"2025-07-14T12:38:13","date_gmt":"2025-07-14T12:38:13","guid":{"rendered":"https:\/\/muvluxe.com\/product\/jubilee-25th-anniversary\/"},"modified":"2025-10-15T13:03:39","modified_gmt":"2025-10-15T13:03:39","slug":"jubilee-25th-anniversary","status":"publish","type":"product","link":"https:\/\/muvluxe.com\/it\/prodotto\/jubilee-25th-anniversary\/","title":{"rendered":"Jubilee 25th Anniversary"},"content":{"rendered":"<p>Teas\u00e9e lors du premier \u00e9pisode de \u201c<strong>23Live<\/strong>\u201d pr\u00e9sent\u00e9 par&nbsp;<strong>Marcus Jordan<\/strong>, le fils de MJ, cette nouvelle version de la&nbsp;<a class=\"\" href=\"https:\/\/wethenew.com\/collections\/air-jordan-11\"><strong>Air Jordan 11<\/strong><\/a>&nbsp;c\u00e9l\u00e8bre le 25\u00e8me anniversaire de la silhouette de Tinker Hatfield !<\/p>\n<p>La&nbsp;<strong>Air Jordan 11 Retro Jubilee 25th Anniversary<\/strong>&nbsp;pr\u00e9sente une empeigne en mesh noir, compl\u00e9t\u00e9e par un cuir noir verni. Quelques touches de gris&nbsp;<strong>argent\u00e9<\/strong>&nbsp;au niveau des oeillets et du logo&nbsp;<strong>Jumpman<\/strong>&nbsp;renforcent la sobri\u00e9t\u00e9 du mod\u00e8le. Le design se termine sur une midsole blanche ainsi qu\u2019une outsole&nbsp;<strong>translucide<\/strong>.<\/p>\n<p>Entre la production de la s\u00e9rie \u201c<strong>23Live<\/strong>\u201d centr\u00e9e sur les ic\u00f4nes de la Jordan Brand et les sorties de mod\u00e8les comme la&nbsp;<strong>Air Jordan 5 Retro Off White Sail<\/strong>, la marque au&nbsp;<strong>Jumpman<\/strong>&nbsp;est bien d\u00e9cid\u00e9e \u00e0 illuminer cette fin d\u2019ann\u00e9e !<\/p>\n<p>&nbsp;<\/p>","protected":false},"excerpt":{"rendered":"<p>Teas\u00e9e lors du premier \u00e9pisode de \u201c23Live\u201d pr\u00e9sent\u00e9 par&nbsp;Marcus Jordan, le fils de MJ, cette nouvelle version de la&nbsp;Air Jordan 11&nbsp;c\u00e9l\u00e8bre le 25\u00e8me anniversaire de la silhouette de Tinker Hatfield ! La&nbsp;Air Jordan 11 Retro Jubilee 25th Anniversary&nbsp;pr\u00e9sente une empeigne en mesh noir, compl\u00e9t\u00e9e par un cuir noir verni. Quelques touches de gris&nbsp;argent\u00e9&nbsp;au niveau des [&hellip;]<\/p>\n","protected":false},"featured_media":17391,"template":"","meta":[],"product_brand":[292],"product_cat":[299,15,293],"product_tag":[],"class_list":{"0":"post-17395","1":"product","2":"type-product","3":"status-publish","4":"has-post-thumbnail","6":"product_brand-air-jordan","7":"product_cat-air-jordan-11","8":"product_cat-all","9":"product_cat-sneakers","11":"first","12":"instock","13":"sale","14":"shipping-taxable","15":"purchasable","16":"product-type-variable"},"jetpack_sharing_enabled":true,"_links":{"self":[{"href":"https:\/\/muvluxe.com\/it\/wp-json\/wp\/v2\/product\/17395","targetHints":{"allow":["GET"]}}],"collection":[{"href":"https:\/\/muvluxe.com\/it\/wp-json\/wp\/v2\/product"}],"about":[{"href":"https:\/\/muvluxe.com\/it\/wp-json\/wp\/v2\/types\/product"}],"wp:featuredmedia":[{"embeddable":true,"href":"https:\/\/muvluxe.com\/it\/wp-json\/wp\/v2\/media\/17391"}],"wp:attachment":[{"href":"https:\/\/muvluxe.com\/it\/wp-json\/wp\/v2\/media?parent=17395"}],"wp:term":[{"taxonomy":"product_brand","embeddable":true,"href":"https:\/\/muvluxe.com\/it\/wp-json\/wp\/v2\/product_brand?post=17395"},{"taxonomy":"product_cat","embeddable":true,"href":"https:\/\/muvluxe.com\/it\/wp-json\/wp\/v2\/product_cat?post=17395"},{"taxonomy":"product_tag","embeddable":true,"href":"https:\/\/muvluxe.com\/it\/wp-json\/wp\/v2\/product_tag?post=17395"}],"curies":[{"name":"wp","href":"https:\/\/api.w.org\/{rel}","templated":true}]}}