{"id":17418,"date":"2025-07-14T12:38:32","date_gmt":"2025-07-14T12:38:32","guid":{"rendered":"https:\/\/muvluxe.com\/product\/bred\/"},"modified":"2025-10-15T13:03:38","modified_gmt":"2025-10-15T13:03:38","slug":"bred","status":"publish","type":"product","link":"https:\/\/muvluxe.com\/it\/prodotto\/bred\/","title":{"rendered":"Bred"},"content":{"rendered":"<p>L\u2019un des plus grands classiques de la marque au&nbsp;<strong>Jumpman<\/strong>&nbsp;est de retour en 2019, apr\u00e8s trois r\u00e9\u00e9ditions ant\u00e9rieures, restant fid\u00e8le \u00e0 la version originale de 1996.<\/p>\n<p>La&nbsp;<strong>Air Jordan 11 Retro Bred<\/strong>&nbsp;reprend les codes couleurs des Bulls de Chicago et pr\u00e9sente une empeigne en mesh ballistic noir, un mudguard en cuir verni noir, agr\u00e9ment\u00e9 du Jumpman en rouge ainsi que la mention \u00ab 23 \u00bb au niveau des talons. La midsole blanche et l\u2019outsole rouge viennent finaliser le design embl\u00e9matique et contraster avec le reste de la paire.<\/p>\n<p>Port\u00e9e par&nbsp;<strong>Michael Jordan<\/strong>&nbsp;lors de son quatri\u00e8me titre de meilleur joueur en finale de la NBA, la Air Jordan 11 Retro Bred se place comme un v\u00e9ritable classique de la sneaker.<\/p>","protected":false},"excerpt":{"rendered":"<p>L\u2019un des plus grands classiques de la marque au&nbsp;Jumpman&nbsp;est de retour en 2019, apr\u00e8s trois r\u00e9\u00e9ditions ant\u00e9rieures, restant fid\u00e8le \u00e0 la version originale de 1996. La&nbsp;Air Jordan 11 Retro Bred&nbsp;reprend les codes couleurs des Bulls de Chicago et pr\u00e9sente une empeigne en mesh ballistic noir, un mudguard en cuir verni noir, agr\u00e9ment\u00e9 du Jumpman en [&hellip;]<\/p>\n","protected":false},"featured_media":17414,"template":"","meta":[],"product_brand":[292],"product_cat":[299,15,293],"product_tag":[],"class_list":{"0":"post-17418","1":"product","2":"type-product","3":"status-publish","4":"has-post-thumbnail","6":"product_brand-air-jordan","7":"product_cat-air-jordan-11","8":"product_cat-all","9":"product_cat-sneakers","11":"first","12":"instock","13":"sale","14":"shipping-taxable","15":"purchasable","16":"product-type-variable"},"jetpack_sharing_enabled":true,"_links":{"self":[{"href":"https:\/\/muvluxe.com\/it\/wp-json\/wp\/v2\/product\/17418","targetHints":{"allow":["GET"]}}],"collection":[{"href":"https:\/\/muvluxe.com\/it\/wp-json\/wp\/v2\/product"}],"about":[{"href":"https:\/\/muvluxe.com\/it\/wp-json\/wp\/v2\/types\/product"}],"wp:featuredmedia":[{"embeddable":true,"href":"https:\/\/muvluxe.com\/it\/wp-json\/wp\/v2\/media\/17414"}],"wp:attachment":[{"href":"https:\/\/muvluxe.com\/it\/wp-json\/wp\/v2\/media?parent=17418"}],"wp:term":[{"taxonomy":"product_brand","embeddable":true,"href":"https:\/\/muvluxe.com\/it\/wp-json\/wp\/v2\/product_brand?post=17418"},{"taxonomy":"product_cat","embeddable":true,"href":"https:\/\/muvluxe.com\/it\/wp-json\/wp\/v2\/product_cat?post=17418"},{"taxonomy":"product_tag","embeddable":true,"href":"https:\/\/muvluxe.com\/it\/wp-json\/wp\/v2\/product_tag?post=17418"}],"curies":[{"name":"wp","href":"https:\/\/api.w.org\/{rel}","templated":true}]}}