{"id":17553,"date":"2025-07-14T12:39:48","date_gmt":"2025-07-14T12:39:48","guid":{"rendered":"https:\/\/muvluxe.com\/product\/low-ie-bred\/"},"modified":"2025-10-15T13:02:56","modified_gmt":"2025-10-15T13:02:56","slug":"low-ie-bred","status":"publish","type":"product","link":"https:\/\/muvluxe.com\/it\/prodotto\/low-ie-bred\/","title":{"rendered":"Low IE Bred"},"content":{"rendered":"<p>Per il 25 \u00b0 anniversario della coppia,&nbsp;<strong>Air Jordan<\/strong>&nbsp;RIVENDA IL&nbsp;<strong>Air Jordan 11 Low CIO\u00c8<\/strong>&nbsp;autentico alla versione originale.<\/p>\n<p>L\u00e0&nbsp;<strong>Air Jordan 11 Retro Low CIO\u00c8 Bred<\/strong>&nbsp;Prendi i colori del&nbsp;<strong>Modello 1996<\/strong>. Ancora una volta la tomaia \u00e8 coperta di pelle nera su una pelle scamosciata dello stesso colore. Troviamo un tocco di colore, questo&nbsp;<strong>VERO Red<\/strong>, al PEG. Infine, l\u2019unica \u00e8 composta da una parte superiore bianca e una parte inferiore traslucida.<\/p>\n<p>Un\u2019altra ristampa per il marchio americano, che rimane&nbsp;<strong>Fedele ai suoi classici<\/strong>.<\/p>","protected":false},"excerpt":{"rendered":"<p>Per il 25 \u00b0 anniversario della coppia,&nbsp;Air Jordan&nbsp;RIVENDA IL&nbsp;Air Jordan 11 Low CIO\u00c8&nbsp;autentico alla versione originale. L\u00e0&nbsp;Air Jordan 11 Retro Low CIO\u00c8 Bred&nbsp;Prendi i colori del&nbsp;Modello 1996. Ancora una volta la tomaia \u00e8 coperta di pelle nera su una pelle scamosciata dello stesso colore. Troviamo un tocco di colore, questo&nbsp;VERO Red, al PEG. Infine, l\u2019unica [&hellip;]<\/p>\n","protected":false},"featured_media":17550,"template":"","meta":[],"product_brand":[292],"product_cat":[299,15,293],"product_tag":[],"class_list":{"0":"post-17553","1":"product","2":"type-product","3":"status-publish","4":"has-post-thumbnail","6":"product_brand-air-jordan","7":"product_cat-air-jordan-11","8":"product_cat-all","9":"product_cat-sneakers","11":"first","12":"instock","13":"sale","14":"shipping-taxable","15":"purchasable","16":"product-type-variable"},"jetpack_sharing_enabled":true,"_links":{"self":[{"href":"https:\/\/muvluxe.com\/it\/wp-json\/wp\/v2\/product\/17553","targetHints":{"allow":["GET"]}}],"collection":[{"href":"https:\/\/muvluxe.com\/it\/wp-json\/wp\/v2\/product"}],"about":[{"href":"https:\/\/muvluxe.com\/it\/wp-json\/wp\/v2\/types\/product"}],"wp:featuredmedia":[{"embeddable":true,"href":"https:\/\/muvluxe.com\/it\/wp-json\/wp\/v2\/media\/17550"}],"wp:attachment":[{"href":"https:\/\/muvluxe.com\/it\/wp-json\/wp\/v2\/media?parent=17553"}],"wp:term":[{"taxonomy":"product_brand","embeddable":true,"href":"https:\/\/muvluxe.com\/it\/wp-json\/wp\/v2\/product_brand?post=17553"},{"taxonomy":"product_cat","embeddable":true,"href":"https:\/\/muvluxe.com\/it\/wp-json\/wp\/v2\/product_cat?post=17553"},{"taxonomy":"product_tag","embeddable":true,"href":"https:\/\/muvluxe.com\/it\/wp-json\/wp\/v2\/product_tag?post=17553"}],"curies":[{"name":"wp","href":"https:\/\/api.w.org\/{rel}","templated":true}]}}