{"id":17598,"date":"2025-07-14T12:40:17","date_gmt":"2025-07-14T12:40:17","guid":{"rendered":"https:\/\/muvluxe.com\/product\/low-72-10\/"},"modified":"2025-10-15T13:02:55","modified_gmt":"2025-10-15T13:02:55","slug":"low-72-10","status":"publish","type":"product","link":"https:\/\/muvluxe.com\/it\/prodotto\/low-72-10\/","title":{"rendered":"Low 72-10"},"content":{"rendered":"<p>En 1996, les Chicago Bulls terminent la saison avec 72 victoires pour seulement 10 d\u00e9faites. Une performance qui restera un record NBA jusqu\u2019en 2016.&nbsp;<strong>Nike<\/strong>&nbsp;et&nbsp;<strong>Jordan Brand<\/strong>&nbsp;ont rendu hommage \u00e0 cette saison \u00e0 travers une iconique&nbsp;<strong><a class=\"\" href=\"https:\/\/wethenew.com\/collections\/air-jordan-11\">Air Jordan 11 Low<\/a><\/strong>.<\/p>\n<p>La&nbsp;<strong>Air Jordan 11 Low 72-10<\/strong>&nbsp;est des plus sobres, mais elle n\u2019en demeure pas moins r\u00e9ussie. Une association de&nbsp;<strong>cuir foulonn\u00e9<\/strong>&nbsp;et&nbsp;<strong>cuir verni<\/strong>&nbsp;offrent \u00e0 ce mod\u00e8le&nbsp;des finitions parfaites. Des&nbsp;<strong>d\u00e9tails rouges<\/strong>&nbsp;au niveau des brandings viennent sublimer le tout.&nbsp;\u201c<em>Une saison historique men\u00e9e par le plus grand joueur de tous les temps<\/em>\u201c, peut-on tout simplement lire sur l\u2019\u00e9tiquette de la languette.<\/p>\n<p>Mod\u00e8le port\u00e9e par Michael Jordan en 1996, cette d\u00e9clinaison 72-10 de la&nbsp;<strong>Air Jordan 11<\/strong>&nbsp;<strong>Low<\/strong>&nbsp;rappelle une des plus belles performances du sport am\u00e9ricain.<\/p>","protected":false},"excerpt":{"rendered":"<p>En 1996, les Chicago Bulls terminent la saison avec 72 victoires pour seulement 10 d\u00e9faites. Une performance qui restera un record NBA jusqu\u2019en 2016.&nbsp;Nike&nbsp;et&nbsp;Jordan Brand&nbsp;ont rendu hommage \u00e0 cette saison \u00e0 travers une iconique&nbsp;Air Jordan 11 Low. La&nbsp;Air Jordan 11 Low 72-10&nbsp;est des plus sobres, mais elle n\u2019en demeure pas moins r\u00e9ussie. Une association de&nbsp;cuir [&hellip;]<\/p>\n","protected":false},"featured_media":17595,"template":"","meta":[],"product_brand":[292],"product_cat":[299,15,293],"product_tag":[],"class_list":{"0":"post-17598","1":"product","2":"type-product","3":"status-publish","4":"has-post-thumbnail","6":"product_brand-air-jordan","7":"product_cat-air-jordan-11","8":"product_cat-all","9":"product_cat-sneakers","11":"first","12":"instock","13":"sale","14":"shipping-taxable","15":"purchasable","16":"product-type-variable"},"jetpack_sharing_enabled":true,"_links":{"self":[{"href":"https:\/\/muvluxe.com\/it\/wp-json\/wp\/v2\/product\/17598","targetHints":{"allow":["GET"]}}],"collection":[{"href":"https:\/\/muvluxe.com\/it\/wp-json\/wp\/v2\/product"}],"about":[{"href":"https:\/\/muvluxe.com\/it\/wp-json\/wp\/v2\/types\/product"}],"wp:featuredmedia":[{"embeddable":true,"href":"https:\/\/muvluxe.com\/it\/wp-json\/wp\/v2\/media\/17595"}],"wp:attachment":[{"href":"https:\/\/muvluxe.com\/it\/wp-json\/wp\/v2\/media?parent=17598"}],"wp:term":[{"taxonomy":"product_brand","embeddable":true,"href":"https:\/\/muvluxe.com\/it\/wp-json\/wp\/v2\/product_brand?post=17598"},{"taxonomy":"product_cat","embeddable":true,"href":"https:\/\/muvluxe.com\/it\/wp-json\/wp\/v2\/product_cat?post=17598"},{"taxonomy":"product_tag","embeddable":true,"href":"https:\/\/muvluxe.com\/it\/wp-json\/wp\/v2\/product_tag?post=17598"}],"curies":[{"name":"wp","href":"https:\/\/api.w.org\/{rel}","templated":true}]}}