{"id":17620,"date":"2025-07-14T12:40:28","date_gmt":"2025-07-14T12:40:28","guid":{"rendered":"https:\/\/muvluxe.com\/product\/low-bright-citrus\/"},"modified":"2025-10-15T13:02:54","modified_gmt":"2025-10-15T13:02:54","slug":"low-bright-citrus","status":"publish","type":"product","link":"https:\/\/muvluxe.com\/it\/prodotto\/low-bright-citrus\/","title":{"rendered":"Low Bright Citrus"},"content":{"rendered":"<p>Introduite pour la premi\u00e8re fois en&nbsp;<strong>2001<\/strong>, puis r\u00e9apparue en&nbsp;<strong>2015<\/strong>, la Air Jordan 11 Retro Low Bright Citrus fait son retour pour le printemps.<strong><\/strong><\/p>\n<p>La<strong>&nbsp;Air Jordan 11 Retro Low Bright Citrus<\/strong>&nbsp;pr\u00e9sente une tige blanche compos\u00e9e de cuir verni et de cuir lisse assorti. Des accents orange au niveau des \u00e9l\u00e9ments de branding et de l\u2019outsole&nbsp;<strong>semi-translucide<\/strong>&nbsp;compl\u00e8tent le look bicolore de cette paire.<strong><\/strong><\/p>\n<p>Avec sa construction au plus proche des \u00e9ditions&nbsp;<strong>OG<\/strong>, le retour de cette silhouette au&nbsp;<strong>design acidul\u00e9<\/strong>&nbsp;fera naitre en certain un brin de nostalgie.<\/p>","protected":false},"excerpt":{"rendered":"<p>Introduite pour la premi\u00e8re fois en&nbsp;2001, puis r\u00e9apparue en&nbsp;2015, la Air Jordan 11 Retro Low Bright Citrus fait son retour pour le printemps. La&nbsp;Air Jordan 11 Retro Low Bright Citrus&nbsp;pr\u00e9sente une tige blanche compos\u00e9e de cuir verni et de cuir lisse assorti. Des accents orange au niveau des \u00e9l\u00e9ments de branding et de l\u2019outsole&nbsp;semi-translucide&nbsp;compl\u00e8tent le [&hellip;]<\/p>\n","protected":false},"featured_media":17617,"template":"","meta":[],"product_brand":[292],"product_cat":[299,15,293],"product_tag":[],"class_list":{"0":"post-17620","1":"product","2":"type-product","3":"status-publish","4":"has-post-thumbnail","6":"product_brand-air-jordan","7":"product_cat-air-jordan-11","8":"product_cat-all","9":"product_cat-sneakers","11":"first","12":"instock","13":"sale","14":"shipping-taxable","15":"purchasable","16":"product-type-variable"},"jetpack_sharing_enabled":true,"_links":{"self":[{"href":"https:\/\/muvluxe.com\/it\/wp-json\/wp\/v2\/product\/17620","targetHints":{"allow":["GET"]}}],"collection":[{"href":"https:\/\/muvluxe.com\/it\/wp-json\/wp\/v2\/product"}],"about":[{"href":"https:\/\/muvluxe.com\/it\/wp-json\/wp\/v2\/types\/product"}],"wp:featuredmedia":[{"embeddable":true,"href":"https:\/\/muvluxe.com\/it\/wp-json\/wp\/v2\/media\/17617"}],"wp:attachment":[{"href":"https:\/\/muvluxe.com\/it\/wp-json\/wp\/v2\/media?parent=17620"}],"wp:term":[{"taxonomy":"product_brand","embeddable":true,"href":"https:\/\/muvluxe.com\/it\/wp-json\/wp\/v2\/product_brand?post=17620"},{"taxonomy":"product_cat","embeddable":true,"href":"https:\/\/muvluxe.com\/it\/wp-json\/wp\/v2\/product_cat?post=17620"},{"taxonomy":"product_tag","embeddable":true,"href":"https:\/\/muvluxe.com\/it\/wp-json\/wp\/v2\/product_tag?post=17620"}],"curies":[{"name":"wp","href":"https:\/\/api.w.org\/{rel}","templated":true}]}}