{"id":17641,"date":"2025-07-14T12:40:39","date_gmt":"2025-07-14T12:40:39","guid":{"rendered":"https:\/\/muvluxe.com\/product\/low-pure-violet\/"},"modified":"2025-10-15T13:02:54","modified_gmt":"2025-10-15T13:02:54","slug":"low-pure-violet","status":"publish","type":"product","link":"https:\/\/muvluxe.com\/it\/prodotto\/low-pure-violet\/","title":{"rendered":"Low Pure Violet"},"content":{"rendered":"<p>La collection estivale de&nbsp;<strong>Jordan Brand<\/strong>&nbsp;se d\u00e9voile et nous offre une d\u00e9clinaison&nbsp;<strong>douce<\/strong>&nbsp;et&nbsp;<strong>\u00e9pur\u00e9e<\/strong>&nbsp;de la lowtop sign\u00e9e Tinker<\/p>","protected":false},"excerpt":{"rendered":"<p>La collection estivale de&nbsp;Jordan Brand&nbsp;se d\u00e9voile et nous offre une d\u00e9clinaison&nbsp;douce&nbsp;et&nbsp;\u00e9pur\u00e9e&nbsp;de la lowtop sign\u00e9e Tinker<\/p>","protected":false},"featured_media":17639,"template":"","meta":[],"product_brand":[292],"product_cat":[299,15,293],"product_tag":[],"class_list":{"0":"post-17641","1":"product","2":"type-product","3":"status-publish","4":"has-post-thumbnail","6":"product_brand-air-jordan","7":"product_cat-air-jordan-11","8":"product_cat-all","9":"product_cat-sneakers","11":"first","12":"instock","13":"sale","14":"shipping-taxable","15":"purchasable","16":"product-type-variable"},"jetpack_sharing_enabled":true,"_links":{"self":[{"href":"https:\/\/muvluxe.com\/it\/wp-json\/wp\/v2\/product\/17641","targetHints":{"allow":["GET"]}}],"collection":[{"href":"https:\/\/muvluxe.com\/it\/wp-json\/wp\/v2\/product"}],"about":[{"href":"https:\/\/muvluxe.com\/it\/wp-json\/wp\/v2\/types\/product"}],"wp:featuredmedia":[{"embeddable":true,"href":"https:\/\/muvluxe.com\/it\/wp-json\/wp\/v2\/media\/17639"}],"wp:attachment":[{"href":"https:\/\/muvluxe.com\/it\/wp-json\/wp\/v2\/media?parent=17641"}],"wp:term":[{"taxonomy":"product_brand","embeddable":true,"href":"https:\/\/muvluxe.com\/it\/wp-json\/wp\/v2\/product_brand?post=17641"},{"taxonomy":"product_cat","embeddable":true,"href":"https:\/\/muvluxe.com\/it\/wp-json\/wp\/v2\/product_cat?post=17641"},{"taxonomy":"product_tag","embeddable":true,"href":"https:\/\/muvluxe.com\/it\/wp-json\/wp\/v2\/product_tag?post=17641"}],"curies":[{"name":"wp","href":"https:\/\/api.w.org\/{rel}","templated":true}]}}