{"id":17664,"date":"2025-07-14T12:45:17","date_gmt":"2025-07-14T12:45:17","guid":{"rendered":"https:\/\/muvluxe.com\/product\/cool-grey-2\/"},"modified":"2025-10-15T13:02:53","modified_gmt":"2025-10-15T13:02:53","slug":"cool-grey-2","status":"publish","type":"product","link":"https:\/\/muvluxe.com\/it\/prodotto\/cool-grey-2\/","title":{"rendered":"Cool Grey"},"content":{"rendered":"<div>\n<p>La&nbsp;<strong>Jordan Brand<\/strong>&nbsp;frappe fort avec le retour d\u2019un de ces coloris les plus iconiques de la&nbsp;<strong>Air Jordan 11<\/strong>, r\u00e9\u00e9dit\u00e9 pour la derni\u00e8re fois en 2010 !<\/p>\n<p>La&nbsp;<strong>Air Jordan 11 Retro Cool Grey (2021)<\/strong>&nbsp;affiche une base en&nbsp;<strong>patent leather<\/strong>&nbsp;gris, reposant sur une outsole icy bleu clair. On retrouve le num\u00e9ro&nbsp;<strong>23<\/strong>&nbsp;sur le patch au niveau du talon ainsi qu\u2019un&nbsp;<strong>Jumpman<\/strong>&nbsp;blanc pour parfaire l\u2019hommage \u00e0&nbsp;<strong>M.J<\/strong>.<\/p>\n<p>Avec cette nouvelle d\u00e9clinaison de l\u00e9gende, la marque au Jumpman continue de r\u00e9galer les fans inconditionnels de&nbsp;<strong>Michael Jordan<\/strong>&nbsp;!<\/p>\n<\/div>","protected":false},"excerpt":{"rendered":"<p>La&nbsp;Jordan Brand&nbsp;frappe fort avec le retour d\u2019un de ces coloris les plus iconiques de la&nbsp;Air Jordan 11, r\u00e9\u00e9dit\u00e9 pour la derni\u00e8re fois en 2010 ! La&nbsp;Air Jordan 11 Retro Cool Grey (2021)&nbsp;affiche une base en&nbsp;patent leather&nbsp;gris, reposant sur une outsole icy bleu clair. On retrouve le num\u00e9ro&nbsp;23&nbsp;sur le patch au niveau du talon ainsi qu\u2019un&nbsp;Jumpman&nbsp;blanc [&hellip;]<\/p>\n","protected":false},"featured_media":17660,"template":"","meta":[],"product_brand":[292],"product_cat":[299,15,293],"product_tag":[],"class_list":{"0":"post-17664","1":"product","2":"type-product","3":"status-publish","4":"has-post-thumbnail","6":"product_brand-air-jordan","7":"product_cat-air-jordan-11","8":"product_cat-all","9":"product_cat-sneakers","11":"first","12":"instock","13":"sale","14":"shipping-taxable","15":"purchasable","16":"product-type-variable"},"jetpack_sharing_enabled":true,"_links":{"self":[{"href":"https:\/\/muvluxe.com\/it\/wp-json\/wp\/v2\/product\/17664","targetHints":{"allow":["GET"]}}],"collection":[{"href":"https:\/\/muvluxe.com\/it\/wp-json\/wp\/v2\/product"}],"about":[{"href":"https:\/\/muvluxe.com\/it\/wp-json\/wp\/v2\/types\/product"}],"wp:featuredmedia":[{"embeddable":true,"href":"https:\/\/muvluxe.com\/it\/wp-json\/wp\/v2\/media\/17660"}],"wp:attachment":[{"href":"https:\/\/muvluxe.com\/it\/wp-json\/wp\/v2\/media?parent=17664"}],"wp:term":[{"taxonomy":"product_brand","embeddable":true,"href":"https:\/\/muvluxe.com\/it\/wp-json\/wp\/v2\/product_brand?post=17664"},{"taxonomy":"product_cat","embeddable":true,"href":"https:\/\/muvluxe.com\/it\/wp-json\/wp\/v2\/product_cat?post=17664"},{"taxonomy":"product_tag","embeddable":true,"href":"https:\/\/muvluxe.com\/it\/wp-json\/wp\/v2\/product_tag?post=17664"}],"curies":[{"name":"wp","href":"https:\/\/api.w.org\/{rel}","templated":true}]}}