{"id":17686,"date":"2025-07-14T12:49:35","date_gmt":"2025-07-14T12:49:35","guid":{"rendered":"https:\/\/muvluxe.com\/product\/retro-playoffs-2022\/"},"modified":"2025-10-15T13:06:26","modified_gmt":"2025-10-15T13:06:26","slug":"retro-playoffs-2022","status":"publish","type":"product","link":"https:\/\/muvluxe.com\/it\/prodotto\/retro-playoffs-2022\/","title":{"rendered":"Retro Playoffs (2022)"},"content":{"rendered":"<p>\u00c0&nbsp;l\u2019occasion du 25\u00e8me anniversaire de la silhouette,&nbsp;<strong>Jordan Brand<\/strong>&nbsp;nous offre une r\u00e9\u00e9dition exclusive du mod\u00e8le embl\u00e9matique !<\/p>\n<p>La&nbsp;<strong>Air Jordan 12 Retro Playoffs (2022)<\/strong>&nbsp;arbore une empeigne en&nbsp;<strong>cuir grain\u00e9 noir<\/strong>&nbsp;orn\u00e9e de surpiq\u00fbres ton sur ton inspir\u00e9es de l\u2019embl\u00e8me du soleil levant de l\u2019ancien drapeau japonais. Le mudguard se pare de&nbsp;<strong>cuir blanc<\/strong>&nbsp;au grain large qui s\u2019accorde minutieusement \u00e0 la semelle bicolore. Des oeillets chrom\u00e9s ainsi que les branding&nbsp;<strong>Jumpman<\/strong>&nbsp;et&nbsp;<strong>23<\/strong>&nbsp;brod\u00e9s en&nbsp;<strong>rouge<\/strong>, viennent finaliser le design mythique de&nbsp;<strong>1997<\/strong>.<\/p>\n<p>Port\u00e9e par MJ en personne lors du match d\u00e9cisif de la victoire du&nbsp;<strong>championnat NBA<\/strong>, elle est must-have pour tout les fans de la l\u00e9gende.<\/p>","protected":false},"excerpt":{"rendered":"<p>\u00c0&nbsp;l\u2019occasion du 25\u00e8me anniversaire de la silhouette,&nbsp;Jordan Brand&nbsp;nous offre une r\u00e9\u00e9dition exclusive du mod\u00e8le embl\u00e9matique ! La&nbsp;Air Jordan 12 Retro Playoffs (2022)&nbsp;arbore une empeigne en&nbsp;cuir grain\u00e9 noir&nbsp;orn\u00e9e de surpiq\u00fbres ton sur ton inspir\u00e9es de l\u2019embl\u00e8me du soleil levant de l\u2019ancien drapeau japonais. Le mudguard se pare de&nbsp;cuir blanc&nbsp;au grain large qui s\u2019accorde minutieusement \u00e0 la [&hellip;]<\/p>\n","protected":false},"featured_media":17683,"template":"","meta":[],"product_brand":[292],"product_cat":[300,15,293],"product_tag":[],"class_list":{"0":"post-17686","1":"product","2":"type-product","3":"status-publish","4":"has-post-thumbnail","6":"product_brand-air-jordan","7":"product_cat-air-jordan-12","8":"product_cat-all","9":"product_cat-sneakers","11":"first","12":"instock","13":"sale","14":"shipping-taxable","15":"purchasable","16":"product-type-variable"},"jetpack_sharing_enabled":true,"_links":{"self":[{"href":"https:\/\/muvluxe.com\/it\/wp-json\/wp\/v2\/product\/17686","targetHints":{"allow":["GET"]}}],"collection":[{"href":"https:\/\/muvluxe.com\/it\/wp-json\/wp\/v2\/product"}],"about":[{"href":"https:\/\/muvluxe.com\/it\/wp-json\/wp\/v2\/types\/product"}],"wp:featuredmedia":[{"embeddable":true,"href":"https:\/\/muvluxe.com\/it\/wp-json\/wp\/v2\/media\/17683"}],"wp:attachment":[{"href":"https:\/\/muvluxe.com\/it\/wp-json\/wp\/v2\/media?parent=17686"}],"wp:term":[{"taxonomy":"product_brand","embeddable":true,"href":"https:\/\/muvluxe.com\/it\/wp-json\/wp\/v2\/product_brand?post=17686"},{"taxonomy":"product_cat","embeddable":true,"href":"https:\/\/muvluxe.com\/it\/wp-json\/wp\/v2\/product_cat?post=17686"},{"taxonomy":"product_tag","embeddable":true,"href":"https:\/\/muvluxe.com\/it\/wp-json\/wp\/v2\/product_tag?post=17686"}],"curies":[{"name":"wp","href":"https:\/\/api.w.org\/{rel}","templated":true}]}}