{"id":17799,"date":"2025-07-14T12:50:47","date_gmt":"2025-07-14T12:50:47","guid":{"rendered":"https:\/\/muvluxe.com\/product\/retro-stone-blue\/"},"modified":"2025-10-15T13:05:52","modified_gmt":"2025-10-15T13:05:52","slug":"retro-stone-blue","status":"publish","type":"product","link":"https:\/\/muvluxe.com\/it\/prodotto\/retro-stone-blue\/","title":{"rendered":"Retro Stone Blue"},"content":{"rendered":"<p>La silhouette&nbsp;<strong>Jordan<\/strong>&nbsp;aux courbes sportives et tendances, la&nbsp;<strong>Air Jordan 12<\/strong>, revient avec un nouveau coloris&nbsp;<strong>Stone Blue<\/strong>&nbsp;aux tons bleu indigo !<\/p>\n<p>La&nbsp;<strong>Air Jordan 12 Retro Stone Blue<\/strong>&nbsp;arbore une base en cuir bleu indigo, avec des coutures plac\u00e9es en sorte de rappeler le drapeau du soleil levant. On retrouve le branding Jordan avec le logo brod\u00e9 sur la languette ainsi que le num\u00e9ro 23 pr\u00e9sent au niveau du talon. Le design se conclue par des oeillets m\u00e9talliques, renfor\u00e7ant l\u2019aspect recherch\u00e9 des mat\u00e9riaux utilis\u00e9s.<\/p>\n<p>Air Jordan multiplie les sorties estivales pour le plus grand bonheur des sneakersaddicts, \u00e9largissant sa gamme de Air Jordan 12, mais \u00e9galement de&nbsp;<strong>Air Jordan 3 avec la Fire Red Denim<\/strong>&nbsp;!<\/p>","protected":false},"excerpt":{"rendered":"<p>La silhouette&nbsp;Jordan&nbsp;aux courbes sportives et tendances, la&nbsp;Air Jordan 12, revient avec un nouveau coloris&nbsp;Stone Blue&nbsp;aux tons bleu indigo ! La&nbsp;Air Jordan 12 Retro Stone Blue&nbsp;arbore une base en cuir bleu indigo, avec des coutures plac\u00e9es en sorte de rappeler le drapeau du soleil levant. On retrouve le branding Jordan avec le logo brod\u00e9 sur la [&hellip;]<\/p>\n","protected":false},"featured_media":17796,"template":"","meta":[],"product_brand":[292],"product_cat":[300,15,293],"product_tag":[],"class_list":{"0":"post-17799","1":"product","2":"type-product","3":"status-publish","4":"has-post-thumbnail","6":"product_brand-air-jordan","7":"product_cat-air-jordan-12","8":"product_cat-all","9":"product_cat-sneakers","11":"first","12":"instock","13":"sale","14":"shipping-taxable","15":"purchasable","16":"product-type-variable"},"jetpack_sharing_enabled":true,"_links":{"self":[{"href":"https:\/\/muvluxe.com\/it\/wp-json\/wp\/v2\/product\/17799","targetHints":{"allow":["GET"]}}],"collection":[{"href":"https:\/\/muvluxe.com\/it\/wp-json\/wp\/v2\/product"}],"about":[{"href":"https:\/\/muvluxe.com\/it\/wp-json\/wp\/v2\/types\/product"}],"wp:featuredmedia":[{"embeddable":true,"href":"https:\/\/muvluxe.com\/it\/wp-json\/wp\/v2\/media\/17796"}],"wp:attachment":[{"href":"https:\/\/muvluxe.com\/it\/wp-json\/wp\/v2\/media?parent=17799"}],"wp:term":[{"taxonomy":"product_brand","embeddable":true,"href":"https:\/\/muvluxe.com\/it\/wp-json\/wp\/v2\/product_brand?post=17799"},{"taxonomy":"product_cat","embeddable":true,"href":"https:\/\/muvluxe.com\/it\/wp-json\/wp\/v2\/product_cat?post=17799"},{"taxonomy":"product_tag","embeddable":true,"href":"https:\/\/muvluxe.com\/it\/wp-json\/wp\/v2\/product_tag?post=17799"}],"curies":[{"name":"wp","href":"https:\/\/api.w.org\/{rel}","templated":true}]}}