{"id":17866,"date":"2025-07-14T12:51:28","date_gmt":"2025-07-14T12:51:28","guid":{"rendered":"https:\/\/muvluxe.com\/product\/super-bowl-lv\/"},"modified":"2025-10-15T13:05:51","modified_gmt":"2025-10-15T13:05:51","slug":"super-bowl-lv","status":"publish","type":"product","link":"https:\/\/muvluxe.com\/it\/prodotto\/super-bowl-lv\/","title":{"rendered":"Super Bowl LV"},"content":{"rendered":"<p>A l\u2019occasion du&nbsp;<strong>55\u00e8me Super Bowl<\/strong>&nbsp;entre les Bucaneers de&nbsp;<strong>Tampa Bay<\/strong>&nbsp;et les Chiefs de&nbsp;<strong>Kansas City<\/strong>, Jordan d\u00e9voile une nouvelle&nbsp;<strong>Air Jordan 12<\/strong>&nbsp;en version low-top pour marquer l\u2019un des&nbsp;<strong>\u00e9v\u00e8nements<\/strong>&nbsp;les plus importants de la culture am\u00e9ricaine.<\/p>\n<p class=\"_3ikEe\">La&nbsp;<strong>Air Jordan 12 SE Super Bowl LV<\/strong>&nbsp;pr\u00e9sente une tige en&nbsp;<strong>textile<\/strong>&nbsp;noir, accompagn\u00e9e d\u2019un mudguard et d\u2019une toebox en&nbsp;<strong>cuir<\/strong>&nbsp;rouge. Des d\u00e9tails&nbsp;<strong>dor\u00e9s<\/strong>&nbsp;sur le quarter panel et les lacets s\u2019ajoutent \u00e0 la silhouette. Le jeu de couleur rouge et noir se poursuit \u00e9galement sur l\u2019outsole, qui comprend un logo&nbsp;<strong>Jumpman<\/strong>&nbsp;discret \u00e0 l\u2019avant.<\/p>\n<p class=\"_3ikEe\">Avec cette \u00e9dition basse aux courbes sportives, la marque au&nbsp;<strong>Jumpman<\/strong>&nbsp;ne met aucune silhouette de c\u00f4t\u00e9 et revisite un classique de 1996 !<\/p>","protected":false},"excerpt":{"rendered":"<p>A l\u2019occasion du&nbsp;55\u00e8me Super Bowl&nbsp;entre les Bucaneers de&nbsp;Tampa Bay&nbsp;et les Chiefs de&nbsp;Kansas City, Jordan d\u00e9voile une nouvelle&nbsp;Air Jordan 12&nbsp;en version low-top pour marquer l\u2019un des&nbsp;\u00e9v\u00e8nements&nbsp;les plus importants de la culture am\u00e9ricaine. La&nbsp;Air Jordan 12 SE Super Bowl LV&nbsp;pr\u00e9sente une tige en&nbsp;textile&nbsp;noir, accompagn\u00e9e d\u2019un mudguard et d\u2019une toebox en&nbsp;cuir&nbsp;rouge. Des d\u00e9tails&nbsp;dor\u00e9s&nbsp;sur le quarter panel et les [&hellip;]<\/p>\n","protected":false},"featured_media":17863,"template":"","meta":[],"product_brand":[292],"product_cat":[300,15,293],"product_tag":[],"class_list":{"0":"post-17866","1":"product","2":"type-product","3":"status-publish","4":"has-post-thumbnail","6":"product_brand-air-jordan","7":"product_cat-air-jordan-12","8":"product_cat-all","9":"product_cat-sneakers","11":"first","12":"instock","13":"sale","14":"shipping-taxable","15":"purchasable","16":"product-type-variable"},"jetpack_sharing_enabled":true,"_links":{"self":[{"href":"https:\/\/muvluxe.com\/it\/wp-json\/wp\/v2\/product\/17866","targetHints":{"allow":["GET"]}}],"collection":[{"href":"https:\/\/muvluxe.com\/it\/wp-json\/wp\/v2\/product"}],"about":[{"href":"https:\/\/muvluxe.com\/it\/wp-json\/wp\/v2\/types\/product"}],"wp:featuredmedia":[{"embeddable":true,"href":"https:\/\/muvluxe.com\/it\/wp-json\/wp\/v2\/media\/17863"}],"wp:attachment":[{"href":"https:\/\/muvluxe.com\/it\/wp-json\/wp\/v2\/media?parent=17866"}],"wp:term":[{"taxonomy":"product_brand","embeddable":true,"href":"https:\/\/muvluxe.com\/it\/wp-json\/wp\/v2\/product_brand?post=17866"},{"taxonomy":"product_cat","embeddable":true,"href":"https:\/\/muvluxe.com\/it\/wp-json\/wp\/v2\/product_cat?post=17866"},{"taxonomy":"product_tag","embeddable":true,"href":"https:\/\/muvluxe.com\/it\/wp-json\/wp\/v2\/product_tag?post=17866"}],"curies":[{"name":"wp","href":"https:\/\/api.w.org\/{rel}","templated":true}]}}