{"id":17908,"date":"2025-07-14T12:51:42","date_gmt":"2025-07-14T12:51:42","guid":{"rendered":"https:\/\/muvluxe.com\/product\/stealth\/"},"modified":"2025-10-15T13:05:48","modified_gmt":"2025-10-15T13:05:48","slug":"stealth","status":"publish","type":"product","link":"https:\/\/muvluxe.com\/it\/prodotto\/stealth\/","title":{"rendered":"Stealth"},"content":{"rendered":"<p>Parmi les mod\u00e8les les plus confortables du catalogue&nbsp;<strong>Jordan Brand<\/strong>, cette&nbsp;<strong>Air Jordan 12<\/strong>&nbsp;s\u2019avance dans un coloris&nbsp;<strong>bicolore<\/strong>.<\/p>\n<p>La&nbsp;<strong>Air Jordan 12 Stealth<\/strong>&nbsp;d\u00e9voile une empeigne en&nbsp;<strong>cuir grain\u00e9<\/strong>, divis\u00e9e en deux parties. Le upper est gris et sublim\u00e9 par des&nbsp;<strong>coutures<\/strong>&nbsp;inspir\u00e9es des rayons du soleil pr\u00e9sentes sur le drapeau de la&nbsp;<strong>marine japonaise<\/strong>. Le muguard, lui, se pr\u00e9sente dans un blanc pur, en accord avec la semelle immacul\u00e9e du mod\u00e8le. Quelques d\u00e9tails blancs au niveau de la languette accentuent cet aspect bicolore tandis que les oeillets en&nbsp;<strong>m\u00e9tal<\/strong>&nbsp;sont bien pr\u00e9sents, comme \u00e0 leur habitude.<\/p>\n<p>Premier mod\u00e8le&nbsp;de la gamme \u00e0 \u00eatre \u00e9quip\u00e9 de l\u2019amorti&nbsp;<strong>Zoom Air<\/strong>, la&nbsp;<strong>AJ12<\/strong>&nbsp;est de retour dans une nouvelle teinte \u00e9pur\u00e9e.<\/p>","protected":false},"excerpt":{"rendered":"<p>Parmi les mod\u00e8les les plus confortables du catalogue&nbsp;Jordan Brand, cette&nbsp;Air Jordan 12&nbsp;s\u2019avance dans un coloris&nbsp;bicolore. La&nbsp;Air Jordan 12 Stealth&nbsp;d\u00e9voile une empeigne en&nbsp;cuir grain\u00e9, divis\u00e9e en deux parties. Le upper est gris et sublim\u00e9 par des&nbsp;coutures&nbsp;inspir\u00e9es des rayons du soleil pr\u00e9sentes sur le drapeau de la&nbsp;marine japonaise. Le muguard, lui, se pr\u00e9sente dans un blanc pur, [&hellip;]<\/p>\n","protected":false},"featured_media":17905,"template":"","meta":[],"product_brand":[292],"product_cat":[300,15,293],"product_tag":[],"class_list":{"0":"post-17908","1":"product","2":"type-product","3":"status-publish","4":"has-post-thumbnail","6":"product_brand-air-jordan","7":"product_cat-air-jordan-12","8":"product_cat-all","9":"product_cat-sneakers","11":"first","12":"instock","13":"sale","14":"shipping-taxable","15":"purchasable","16":"product-type-variable"},"jetpack_sharing_enabled":true,"_links":{"self":[{"href":"https:\/\/muvluxe.com\/it\/wp-json\/wp\/v2\/product\/17908","targetHints":{"allow":["GET"]}}],"collection":[{"href":"https:\/\/muvluxe.com\/it\/wp-json\/wp\/v2\/product"}],"about":[{"href":"https:\/\/muvluxe.com\/it\/wp-json\/wp\/v2\/types\/product"}],"wp:featuredmedia":[{"embeddable":true,"href":"https:\/\/muvluxe.com\/it\/wp-json\/wp\/v2\/media\/17905"}],"wp:attachment":[{"href":"https:\/\/muvluxe.com\/it\/wp-json\/wp\/v2\/media?parent=17908"}],"wp:term":[{"taxonomy":"product_brand","embeddable":true,"href":"https:\/\/muvluxe.com\/it\/wp-json\/wp\/v2\/product_brand?post=17908"},{"taxonomy":"product_cat","embeddable":true,"href":"https:\/\/muvluxe.com\/it\/wp-json\/wp\/v2\/product_cat?post=17908"},{"taxonomy":"product_tag","embeddable":true,"href":"https:\/\/muvluxe.com\/it\/wp-json\/wp\/v2\/product_tag?post=17908"}],"curies":[{"name":"wp","href":"https:\/\/api.w.org\/{rel}","templated":true}]}}