{"id":17952,"date":"2025-07-14T12:52:05","date_gmt":"2025-07-14T12:52:05","guid":{"rendered":"https:\/\/muvluxe.com\/product\/retro-eastside-golf\/"},"modified":"2025-10-15T13:05:46","modified_gmt":"2025-10-15T13:05:46","slug":"retro-eastside-golf","status":"publish","type":"product","link":"https:\/\/muvluxe.com\/it\/prodotto\/retro-eastside-golf\/","title":{"rendered":"Retro Eastside Golf"},"content":{"rendered":"<p>Pour la saison Fall\/Winter 2022,&nbsp;<strong>Jordan Brand<\/strong>&nbsp;s\u2019associe \u00e0&nbsp;<strong>Eastside Golf<\/strong>, marque lifestyle originaire d\u2019Atlanta en Georgie qui prone l\u2019inclusivit\u00e9 et la diversit\u00e9 dans le golf.<\/p>\n<p>La&nbsp;<strong>Air Jordan 12 Retro Eastside Golf<\/strong>&nbsp;arbore une base en&nbsp;<strong>cuir premium<\/strong>&nbsp;\u00e0 la&nbsp;<strong>teinte cr\u00e8me<\/strong>. Quelques&nbsp;<strong>t<\/strong><strong>ouches dor\u00e9es<\/strong>&nbsp;ornent les oeillets m\u00e9talliques et ajoutent une touche d\u2019\u00e9clat \u00e0 l\u2019ensemble. Un mudguard en&nbsp;<strong>snakeskin rouge&nbsp;argile<\/strong>&nbsp;vient sublimer les panels et arbore un effet \u00ab \u00e9claboussure de boue&nbsp;\u00bb pour nous rappeler la terre des greens de Georgie. Son outsole translucide aux d\u00e9tails&nbsp;<strong>vert jade<\/strong>, finalise le design r\u00e9tro futuriste de Tinker Hatfield.<\/p>\n<p>Classique revisit\u00e9 \u00e0 la perfection, cette \u00e9dition sp\u00e9ciale se voit accompagn\u00e9e d\u2019une&nbsp;<strong>AJ1 Low<\/strong>&nbsp;et d\u2019une&nbsp;<strong>AJ1 High<\/strong>&nbsp; !<\/p>","protected":false},"excerpt":{"rendered":"<p>Pour la saison Fall\/Winter 2022,&nbsp;Jordan Brand&nbsp;s\u2019associe \u00e0&nbsp;Eastside Golf, marque lifestyle originaire d\u2019Atlanta en Georgie qui prone l\u2019inclusivit\u00e9 et la diversit\u00e9 dans le golf. La&nbsp;Air Jordan 12 Retro Eastside Golf&nbsp;arbore une base en&nbsp;cuir premium&nbsp;\u00e0 la&nbsp;teinte cr\u00e8me. Quelques&nbsp;touches dor\u00e9es&nbsp;ornent les oeillets m\u00e9talliques et ajoutent une touche d\u2019\u00e9clat \u00e0 l\u2019ensemble. Un mudguard en&nbsp;snakeskin rouge&nbsp;argile&nbsp;vient sublimer les panels et [&hellip;]<\/p>\n","protected":false},"featured_media":17949,"template":"","meta":[],"product_brand":[292],"product_cat":[300,15,293],"product_tag":[],"class_list":{"0":"post-17952","1":"product","2":"type-product","3":"status-publish","4":"has-post-thumbnail","6":"product_brand-air-jordan","7":"product_cat-air-jordan-12","8":"product_cat-all","9":"product_cat-sneakers","11":"first","12":"instock","13":"sale","14":"shipping-taxable","15":"purchasable","16":"product-type-variable"},"jetpack_sharing_enabled":true,"_links":{"self":[{"href":"https:\/\/muvluxe.com\/it\/wp-json\/wp\/v2\/product\/17952","targetHints":{"allow":["GET"]}}],"collection":[{"href":"https:\/\/muvluxe.com\/it\/wp-json\/wp\/v2\/product"}],"about":[{"href":"https:\/\/muvluxe.com\/it\/wp-json\/wp\/v2\/types\/product"}],"wp:featuredmedia":[{"embeddable":true,"href":"https:\/\/muvluxe.com\/it\/wp-json\/wp\/v2\/media\/17949"}],"wp:attachment":[{"href":"https:\/\/muvluxe.com\/it\/wp-json\/wp\/v2\/media?parent=17952"}],"wp:term":[{"taxonomy":"product_brand","embeddable":true,"href":"https:\/\/muvluxe.com\/it\/wp-json\/wp\/v2\/product_brand?post=17952"},{"taxonomy":"product_cat","embeddable":true,"href":"https:\/\/muvluxe.com\/it\/wp-json\/wp\/v2\/product_cat?post=17952"},{"taxonomy":"product_tag","embeddable":true,"href":"https:\/\/muvluxe.com\/it\/wp-json\/wp\/v2\/product_tag?post=17952"}],"curies":[{"name":"wp","href":"https:\/\/api.w.org\/{rel}","templated":true}]}}