{"id":18040,"date":"2025-07-14T12:58:41","date_gmt":"2025-07-14T12:58:41","guid":{"rendered":"https:\/\/muvluxe.com\/product\/flint-2020\/"},"modified":"2025-10-15T13:08:55","modified_gmt":"2025-10-15T13:08:55","slug":"flint-2020","status":"publish","type":"product","link":"https:\/\/muvluxe.com\/it\/prodotto\/flint-2020\/","title":{"rendered":"Flint (2020)"},"content":{"rendered":"<p>Initialement commercialis\u00e9e en&nbsp;<strong>1998<\/strong>, puis r\u00e9\u00e9dit\u00e9e en&nbsp;<strong>2005<\/strong>&nbsp;et&nbsp;<strong>2010<\/strong>, la Air Jordan 13 Retro Flint fait son grand comeback en 2020 pour la saison estivale.<\/p>\n<p>La&nbsp;<strong>Air Jordan 13 Retro Flint (2020)<\/strong>&nbsp;est compos\u00e9e d\u2019un upper majoritairement compos\u00e9 de&nbsp;<strong>maille<\/strong>&nbsp;<strong>bleu denim<\/strong>&nbsp;laissant appara\u00eetre un rev\u00eatement r\u00e9fl\u00e9chissant. La toebox et la languette en cuir blanc apportent du contraste pendant qu\u2019un empi\u00e8cement en&nbsp;<strong>suede gris<\/strong>&nbsp;partant du talon et allant jusqu\u2019au au garde-boue, apporte de la structure au design. Le tout est finalis\u00e9 par un Jumpman bleu ciel au niveau de la languette, l\u2019incontournable&nbsp;<strong>hologramme<\/strong>&nbsp;sur les c\u00f4t\u00e9s ext\u00e9rieurs et des mini languettes \u00e0 la base des lacets avec l\u2019inscription \u00ab<strong>Jordan<\/strong>\u00bb en lettres capitales.<\/p>\n<p>Si le retour de la Air Jordan 13 ravira les fans de l\u2019<strong>OG<\/strong>, la Jordan Brand semble continuer sur sa lanc\u00e9e de r\u00e9\u00e9dition de paires r\u00e9tro, avec de nouvelles it\u00e9rations d\u00e9j\u00e0 pr\u00e9vues \u2026<\/p>","protected":false},"excerpt":{"rendered":"<p>Initialement commercialis\u00e9e en&nbsp;1998, puis r\u00e9\u00e9dit\u00e9e en&nbsp;2005&nbsp;et&nbsp;2010, la Air Jordan 13 Retro Flint fait son grand comeback en 2020 pour la saison estivale. La&nbsp;Air Jordan 13 Retro Flint (2020)&nbsp;est compos\u00e9e d\u2019un upper majoritairement compos\u00e9 de&nbsp;maille&nbsp;bleu denim&nbsp;laissant appara\u00eetre un rev\u00eatement r\u00e9fl\u00e9chissant. La toebox et la languette en cuir blanc apportent du contraste pendant qu\u2019un empi\u00e8cement en&nbsp;suede gris&nbsp;partant [&hellip;]<\/p>\n","protected":false},"featured_media":18036,"template":"","meta":[],"product_brand":[292],"product_cat":[301,15,293],"product_tag":[],"class_list":{"0":"post-18040","1":"product","2":"type-product","3":"status-publish","4":"has-post-thumbnail","6":"product_brand-air-jordan","7":"product_cat-air-jordan-13","8":"product_cat-all","9":"product_cat-sneakers","11":"first","12":"instock","13":"sale","14":"shipping-taxable","15":"purchasable","16":"product-type-variable"},"jetpack_sharing_enabled":true,"_links":{"self":[{"href":"https:\/\/muvluxe.com\/it\/wp-json\/wp\/v2\/product\/18040","targetHints":{"allow":["GET"]}}],"collection":[{"href":"https:\/\/muvluxe.com\/it\/wp-json\/wp\/v2\/product"}],"about":[{"href":"https:\/\/muvluxe.com\/it\/wp-json\/wp\/v2\/types\/product"}],"wp:featuredmedia":[{"embeddable":true,"href":"https:\/\/muvluxe.com\/it\/wp-json\/wp\/v2\/media\/18036"}],"wp:attachment":[{"href":"https:\/\/muvluxe.com\/it\/wp-json\/wp\/v2\/media?parent=18040"}],"wp:term":[{"taxonomy":"product_brand","embeddable":true,"href":"https:\/\/muvluxe.com\/it\/wp-json\/wp\/v2\/product_brand?post=18040"},{"taxonomy":"product_cat","embeddable":true,"href":"https:\/\/muvluxe.com\/it\/wp-json\/wp\/v2\/product_cat?post=18040"},{"taxonomy":"product_tag","embeddable":true,"href":"https:\/\/muvluxe.com\/it\/wp-json\/wp\/v2\/product_tag?post=18040"}],"curies":[{"name":"wp","href":"https:\/\/api.w.org\/{rel}","templated":true}]}}