{"id":18063,"date":"2025-07-14T12:59:00","date_gmt":"2025-07-14T12:59:00","guid":{"rendered":"https:\/\/muvluxe.com\/product\/retro-black-hyper-royal\/"},"modified":"2025-10-15T13:08:26","modified_gmt":"2025-10-15T13:08:26","slug":"retro-black-hyper-royal","status":"publish","type":"product","link":"https:\/\/muvluxe.com\/it\/prodotto\/retro-black-hyper-royal\/","title":{"rendered":"Retro Black Hyper Royal"},"content":{"rendered":"<p>Inspir\u00e9e de l\u2019\u00e9dition&nbsp;<strong>Player Exclusive<\/strong>&nbsp;du joueur d\u2019Orlando&nbsp;<strong>Quentin Richardson<\/strong>, cette nouvelle&nbsp;<strong>Air Jordan 13<\/strong>&nbsp;rend hommage au style de jeu de&nbsp;<strong>M.J<\/strong>. Cette version reprend les formes de panth\u00e8res, animal auquel Jordan f\u00fbt compar\u00e9 gr\u00e2ce \u00e0 son agilit\u00e9 et sa vitesse.<\/p>\n<p>La&nbsp;<strong>Air Jordan 13 Retro Black Hyper Royal<\/strong>&nbsp;se pare d\u2019un upper en mesh reprenant des \u00e9l\u00e9ments r\u00e9fl\u00e9chissants. On note \u00e9galement le bleu du colorway&nbsp;<strong>Hyper Royal<\/strong>&nbsp;sur le talon et le quarter panel du mod\u00e8le. Une outsole reprenant l\u2019empreinte d\u2019une panth\u00e8re vient compl\u00e9ter la silhouette iconique.<\/p>\n<p>Apr\u00e8s le coloris&nbsp;<strong>Lucky Green<\/strong>,&nbsp;<strong>Jordan<\/strong>&nbsp;s\u2019attaque d\u00e9sormais \u00e0 un autre colorway mythique pour inscrire cette Air Jordan 13 au rang d\u2019incontournable pour les fans du mod\u00e8le b-ball !<\/p>","protected":false},"excerpt":{"rendered":"<p>Inspir\u00e9e de l\u2019\u00e9dition&nbsp;Player Exclusive&nbsp;du joueur d\u2019Orlando&nbsp;Quentin Richardson, cette nouvelle&nbsp;Air Jordan 13&nbsp;rend hommage au style de jeu de&nbsp;M.J. Cette version reprend les formes de panth\u00e8res, animal auquel Jordan f\u00fbt compar\u00e9 gr\u00e2ce \u00e0 son agilit\u00e9 et sa vitesse. La&nbsp;Air Jordan 13 Retro Black Hyper Royal&nbsp;se pare d\u2019un upper en mesh reprenant des \u00e9l\u00e9ments r\u00e9fl\u00e9chissants. On note \u00e9galement [&hellip;]<\/p>\n","protected":false},"featured_media":18059,"template":"","meta":[],"product_brand":[292],"product_cat":[301,15,293],"product_tag":[],"class_list":{"0":"post-18063","1":"product","2":"type-product","3":"status-publish","4":"has-post-thumbnail","6":"product_brand-air-jordan","7":"product_cat-air-jordan-13","8":"product_cat-all","9":"product_cat-sneakers","11":"first","12":"instock","13":"sale","14":"shipping-taxable","15":"purchasable","16":"product-type-variable"},"jetpack_sharing_enabled":true,"_links":{"self":[{"href":"https:\/\/muvluxe.com\/it\/wp-json\/wp\/v2\/product\/18063","targetHints":{"allow":["GET"]}}],"collection":[{"href":"https:\/\/muvluxe.com\/it\/wp-json\/wp\/v2\/product"}],"about":[{"href":"https:\/\/muvluxe.com\/it\/wp-json\/wp\/v2\/types\/product"}],"wp:featuredmedia":[{"embeddable":true,"href":"https:\/\/muvluxe.com\/it\/wp-json\/wp\/v2\/media\/18059"}],"wp:attachment":[{"href":"https:\/\/muvluxe.com\/it\/wp-json\/wp\/v2\/media?parent=18063"}],"wp:term":[{"taxonomy":"product_brand","embeddable":true,"href":"https:\/\/muvluxe.com\/it\/wp-json\/wp\/v2\/product_brand?post=18063"},{"taxonomy":"product_cat","embeddable":true,"href":"https:\/\/muvluxe.com\/it\/wp-json\/wp\/v2\/product_cat?post=18063"},{"taxonomy":"product_tag","embeddable":true,"href":"https:\/\/muvluxe.com\/it\/wp-json\/wp\/v2\/product_tag?post=18063"}],"curies":[{"name":"wp","href":"https:\/\/api.w.org\/{rel}","templated":true}]}}