{"id":18176,"date":"2025-07-14T13:00:30","date_gmt":"2025-07-14T13:00:30","guid":{"rendered":"https:\/\/muvluxe.com\/product\/low-singles-day\/"},"modified":"2025-10-15T13:08:21","modified_gmt":"2025-10-15T13:08:21","slug":"low-singles-day","status":"publish","type":"product","link":"https:\/\/muvluxe.com\/it\/prodotto\/low-singles-day\/","title":{"rendered":"Low Singles\u2019 Day"},"content":{"rendered":"<p>\u00c0 l\u2019occasion de la f\u00eate des c\u00e9libataires,&nbsp;<strong>Jordan Brand<\/strong>&nbsp;nous d\u00e9voile une version&nbsp;<strong>cyberpunk<\/strong>&nbsp;de son mod\u00e8le embl\u00e9matique de 1997.<\/p>\n<p>La&nbsp;<strong>Air Jordan 13 Low Singles\u2019 Day<\/strong>&nbsp;pr\u00e9sente une base en cuir grain\u00e9 noir matelass\u00e9 vert clair qui affiche un&nbsp;<strong>quadrillage g\u00e9om\u00e9trique<\/strong>. Ce dernier se pare d\u2019inscriptions&nbsp;<strong>Glow In The Dark<\/strong>&nbsp;au style binaire qui s\u2019accordent avec la semelle noire et&nbsp;<strong>vert phosphorescent<\/strong>. Une semelle int\u00e9rieure aux motifs rappelant les puces \u00e9lectroniques vient parachever le design de Tinker Hatfield.<\/p>\n<p>Inspir\u00e9e de l\u2019univers&nbsp;<strong>cybern\u00e9tique<\/strong>, cette nouvelle&nbsp;<strong>Air Jordan 13<\/strong>&nbsp;saura ravir les fans de la c\u00e9l\u00e8bre saga&nbsp;<strong>Matrix<\/strong>&nbsp;ou encore de l\u2019album&nbsp;<strong>Trinity<\/strong>&nbsp;de l\u2019artiste&nbsp;<strong>Laylow<\/strong>&nbsp;!<\/p>","protected":false},"excerpt":{"rendered":"<p>\u00c0 l\u2019occasion de la f\u00eate des c\u00e9libataires,&nbsp;Jordan Brand&nbsp;nous d\u00e9voile une version&nbsp;cyberpunk&nbsp;de son mod\u00e8le embl\u00e9matique de 1997. La&nbsp;Air Jordan 13 Low Singles\u2019 Day&nbsp;pr\u00e9sente une base en cuir grain\u00e9 noir matelass\u00e9 vert clair qui affiche un&nbsp;quadrillage g\u00e9om\u00e9trique. Ce dernier se pare d\u2019inscriptions&nbsp;Glow In The Dark&nbsp;au style binaire qui s\u2019accordent avec la semelle noire et&nbsp;vert phosphorescent. Une semelle [&hellip;]<\/p>\n","protected":false},"featured_media":18173,"template":"","meta":[],"product_brand":[292],"product_cat":[301,15,293],"product_tag":[],"class_list":{"0":"post-18176","1":"product","2":"type-product","3":"status-publish","4":"has-post-thumbnail","6":"product_brand-air-jordan","7":"product_cat-air-jordan-13","8":"product_cat-all","9":"product_cat-sneakers","11":"first","12":"instock","13":"sale","14":"shipping-taxable","15":"purchasable","16":"product-type-variable"},"jetpack_sharing_enabled":true,"_links":{"self":[{"href":"https:\/\/muvluxe.com\/it\/wp-json\/wp\/v2\/product\/18176","targetHints":{"allow":["GET"]}}],"collection":[{"href":"https:\/\/muvluxe.com\/it\/wp-json\/wp\/v2\/product"}],"about":[{"href":"https:\/\/muvluxe.com\/it\/wp-json\/wp\/v2\/types\/product"}],"wp:featuredmedia":[{"embeddable":true,"href":"https:\/\/muvluxe.com\/it\/wp-json\/wp\/v2\/media\/18173"}],"wp:attachment":[{"href":"https:\/\/muvluxe.com\/it\/wp-json\/wp\/v2\/media?parent=18176"}],"wp:term":[{"taxonomy":"product_brand","embeddable":true,"href":"https:\/\/muvluxe.com\/it\/wp-json\/wp\/v2\/product_brand?post=18176"},{"taxonomy":"product_cat","embeddable":true,"href":"https:\/\/muvluxe.com\/it\/wp-json\/wp\/v2\/product_cat?post=18176"},{"taxonomy":"product_tag","embeddable":true,"href":"https:\/\/muvluxe.com\/it\/wp-json\/wp\/v2\/product_tag?post=18176"}],"curies":[{"name":"wp","href":"https:\/\/api.w.org\/{rel}","templated":true}]}}