{"id":18198,"date":"2025-07-14T13:00:44","date_gmt":"2025-07-14T13:00:44","guid":{"rendered":"https:\/\/muvluxe.com\/product\/retro-obsidian\/"},"modified":"2025-10-15T13:08:21","modified_gmt":"2025-10-15T13:08:21","slug":"retro-obsidian","status":"publish","type":"product","link":"https:\/\/muvluxe.com\/it\/prodotto\/retro-obsidian\/","title":{"rendered":"Retro Obsidian"},"content":{"rendered":"<p>La&nbsp;<strong>Air Jordan 13 Retro Obsidian<\/strong>&nbsp;pr\u00e9sente une empeigne m\u00ealant&nbsp;<strong>cuir<\/strong>&nbsp;blanc et daim bleu marine. Inspir\u00e9e de la patte d\u2019une&nbsp;<strong>panth\u00e8re<\/strong>, l\u2019outsole reprend le logo du Jumpman ainsi que des nuances de bleu et de blanc. C\u00f4t\u00e9 d\u00e9tails, on note un deuxi\u00e8me logo du&nbsp;<strong>Jumpman<\/strong>&nbsp;sur la languette ainsi qu\u2019une midsole blanche.<\/p>","protected":false},"excerpt":{"rendered":"<p>La&nbsp;Air Jordan 13 Retro Obsidian&nbsp;pr\u00e9sente une empeigne m\u00ealant&nbsp;cuir&nbsp;blanc et daim bleu marine. Inspir\u00e9e de la patte d\u2019une&nbsp;panth\u00e8re, l\u2019outsole reprend le logo du Jumpman ainsi que des nuances de bleu et de blanc. C\u00f4t\u00e9 d\u00e9tails, on note un deuxi\u00e8me logo du&nbsp;Jumpman&nbsp;sur la languette ainsi qu\u2019une midsole blanche.<\/p>","protected":false},"featured_media":18195,"template":"","meta":[],"product_brand":[292],"product_cat":[301,15,293],"product_tag":[],"class_list":{"0":"post-18198","1":"product","2":"type-product","3":"status-publish","4":"has-post-thumbnail","6":"product_brand-air-jordan","7":"product_cat-air-jordan-13","8":"product_cat-all","9":"product_cat-sneakers","11":"first","12":"instock","13":"sale","14":"shipping-taxable","15":"purchasable","16":"product-type-variable"},"jetpack_sharing_enabled":true,"_links":{"self":[{"href":"https:\/\/muvluxe.com\/it\/wp-json\/wp\/v2\/product\/18198","targetHints":{"allow":["GET"]}}],"collection":[{"href":"https:\/\/muvluxe.com\/it\/wp-json\/wp\/v2\/product"}],"about":[{"href":"https:\/\/muvluxe.com\/it\/wp-json\/wp\/v2\/types\/product"}],"wp:featuredmedia":[{"embeddable":true,"href":"https:\/\/muvluxe.com\/it\/wp-json\/wp\/v2\/media\/18195"}],"wp:attachment":[{"href":"https:\/\/muvluxe.com\/it\/wp-json\/wp\/v2\/media?parent=18198"}],"wp:term":[{"taxonomy":"product_brand","embeddable":true,"href":"https:\/\/muvluxe.com\/it\/wp-json\/wp\/v2\/product_brand?post=18198"},{"taxonomy":"product_cat","embeddable":true,"href":"https:\/\/muvluxe.com\/it\/wp-json\/wp\/v2\/product_cat?post=18198"},{"taxonomy":"product_tag","embeddable":true,"href":"https:\/\/muvluxe.com\/it\/wp-json\/wp\/v2\/product_tag?post=18198"}],"curies":[{"name":"wp","href":"https:\/\/api.w.org\/{rel}","templated":true}]}}