{"id":18220,"date":"2025-07-14T13:00:56","date_gmt":"2025-07-14T13:00:56","guid":{"rendered":"https:\/\/muvluxe.com\/product\/retro-brave-blue\/"},"modified":"2025-10-15T13:08:20","modified_gmt":"2025-10-15T13:08:20","slug":"retro-brave-blue","status":"publish","type":"product","link":"https:\/\/muvluxe.com\/it\/prodotto\/retro-brave-blue\/","title":{"rendered":"Retro Brave Blue"},"content":{"rendered":"<p class=\"p1\">Initialement commercialis\u00e9e en&nbsp;version low en&nbsp;<b>1998<\/b>, puis r\u00e9\u00e9dit\u00e9e en&nbsp;<b>2017<\/b>, la Brave Blue fait son grand comeback en 2022&nbsp; pour la saison estivale.<\/p>\n<p class=\"p1\">La&nbsp;<b>Air Jordan 13 Retro Brave Blue<\/b>&nbsp;est compos\u00e9e d\u2019un upper majoritairement compos\u00e9 de&nbsp;<b>maille<\/b>&nbsp;<b>bleu denim<\/b>&nbsp;laissant appara\u00eetre un rev\u00eatement r\u00e9fl\u00e9chissant. La toebox et la languette en cuir grain\u00e9 noir apportent du contraste pendant qu\u2019un empi\u00e8cement en&nbsp;<b>su\u00e8de noir<\/b>&nbsp;partant du talon et allant jusqu\u2019au au garde-boue, apporte de la structure au design. Le tout est finalis\u00e9 par un Jumpman bleu ciel au niveau de la languette, l\u2019incontournable&nbsp;<b>hologramme<\/b>&nbsp;sur les c\u00f4t\u00e9s ext\u00e9rieurs et des mini languettes \u00e0 la base des lacets avec l\u2019inscription \u00ab<b>Jordan<\/b>\u00bb en lettres capitales.<\/p>\n<p class=\"p1\">Si le retour de la Air Jordan 13 ravira les fans de l\u2019<b>OG<\/b>, la&nbsp;<strong>Jordan Brand<\/strong>&nbsp;semble continuer sur sa lanc\u00e9e de r\u00e9\u00e9dition de paires r\u00e9tro, avec de nouvelles it\u00e9rations d\u00e9j\u00e0 pr\u00e9vues \u2026<\/p>","protected":false},"excerpt":{"rendered":"<p>Initialement commercialis\u00e9e en&nbsp;version low en&nbsp;1998, puis r\u00e9\u00e9dit\u00e9e en&nbsp;2017, la Brave Blue fait son grand comeback en 2022&nbsp; pour la saison estivale. La&nbsp;Air Jordan 13 Retro Brave Blue&nbsp;est compos\u00e9e d\u2019un upper majoritairement compos\u00e9 de&nbsp;maille&nbsp;bleu denim&nbsp;laissant appara\u00eetre un rev\u00eatement r\u00e9fl\u00e9chissant. La toebox et la languette en cuir grain\u00e9 noir apportent du contraste pendant qu\u2019un empi\u00e8cement en&nbsp;su\u00e8de noir&nbsp;partant [&hellip;]<\/p>\n","protected":false},"featured_media":18217,"template":"","meta":[],"product_brand":[292],"product_cat":[301,15,293],"product_tag":[],"class_list":{"0":"post-18220","1":"product","2":"type-product","3":"status-publish","4":"has-post-thumbnail","6":"product_brand-air-jordan","7":"product_cat-air-jordan-13","8":"product_cat-all","9":"product_cat-sneakers","11":"first","12":"instock","13":"sale","14":"shipping-taxable","15":"purchasable","16":"product-type-variable"},"jetpack_sharing_enabled":true,"_links":{"self":[{"href":"https:\/\/muvluxe.com\/it\/wp-json\/wp\/v2\/product\/18220","targetHints":{"allow":["GET"]}}],"collection":[{"href":"https:\/\/muvluxe.com\/it\/wp-json\/wp\/v2\/product"}],"about":[{"href":"https:\/\/muvluxe.com\/it\/wp-json\/wp\/v2\/types\/product"}],"wp:featuredmedia":[{"embeddable":true,"href":"https:\/\/muvluxe.com\/it\/wp-json\/wp\/v2\/media\/18217"}],"wp:attachment":[{"href":"https:\/\/muvluxe.com\/it\/wp-json\/wp\/v2\/media?parent=18220"}],"wp:term":[{"taxonomy":"product_brand","embeddable":true,"href":"https:\/\/muvluxe.com\/it\/wp-json\/wp\/v2\/product_brand?post=18220"},{"taxonomy":"product_cat","embeddable":true,"href":"https:\/\/muvluxe.com\/it\/wp-json\/wp\/v2\/product_cat?post=18220"},{"taxonomy":"product_tag","embeddable":true,"href":"https:\/\/muvluxe.com\/it\/wp-json\/wp\/v2\/product_tag?post=18220"}],"curies":[{"name":"wp","href":"https:\/\/api.w.org\/{rel}","templated":true}]}}