{"id":18242,"date":"2025-07-14T13:01:10","date_gmt":"2025-07-14T13:01:10","guid":{"rendered":"https:\/\/muvluxe.com\/product\/retro-university-blue\/"},"modified":"2025-10-15T13:08:20","modified_gmt":"2025-10-15T13:08:20","slug":"retro-university-blue","status":"publish","type":"product","link":"https:\/\/muvluxe.com\/it\/prodotto\/retro-university-blue\/","title":{"rendered":"Retro University Blue"},"content":{"rendered":"<p>Paire port\u00e9e par&nbsp;<strong>Michael Jordan<\/strong>&nbsp;lors de son derni\u00e8re titre&nbsp;<strong>NBA<\/strong>, la&nbsp;<strong>Air Jordan 13<\/strong>&nbsp;est de retour dans une nouvelle d\u00e9clinaison bicolore.<\/p>\n<p>La&nbsp;<strong>Air Jordan 13 Retro University Blue<\/strong>&nbsp;affiche une base con\u00e7ue en&nbsp;<strong>mesh textur\u00e9 noir<\/strong>&nbsp;accompagn\u00e9 d\u2019un mudguard en&nbsp;<strong>cuir noir<\/strong>. Des empi\u00e8cements et un&nbsp;<strong>Jumpman<\/strong>&nbsp;bleu ciel viennent sublimer la paire pour donner naissance au coloris tant appr\u00e9ci\u00e9 faisant r\u00e9f\u00e9rence \u00e0 l\u2019universit\u00e9 de&nbsp;<strong>North Carolina<\/strong>. Fid\u00e8le \u00e0 ce mod\u00e8le, l\u2019empi\u00e8cement holographique repr\u00e9sentant l\u2019oeil d\u2019une panth\u00e8re est bien pr\u00e9sent.<\/p>\n<p>Silhouette historique consid\u00e9r\u00e9e comme la plus confortable du catalogue&nbsp;<strong>Air Jordan<\/strong>, cette nouvelle&nbsp;<strong>AJ13<\/strong>&nbsp;va en s\u00e9duire plus d\u2019un.<\/p>","protected":false},"excerpt":{"rendered":"<p>Paire port\u00e9e par&nbsp;Michael Jordan&nbsp;lors de son derni\u00e8re titre&nbsp;NBA, la&nbsp;Air Jordan 13&nbsp;est de retour dans une nouvelle d\u00e9clinaison bicolore. La&nbsp;Air Jordan 13 Retro University Blue&nbsp;affiche une base con\u00e7ue en&nbsp;mesh textur\u00e9 noir&nbsp;accompagn\u00e9 d\u2019un mudguard en&nbsp;cuir noir. Des empi\u00e8cements et un&nbsp;Jumpman&nbsp;bleu ciel viennent sublimer la paire pour donner naissance au coloris tant appr\u00e9ci\u00e9 faisant r\u00e9f\u00e9rence \u00e0 l\u2019universit\u00e9 de&nbsp;North [&hellip;]<\/p>\n","protected":false},"featured_media":18239,"template":"","meta":[],"product_brand":[292],"product_cat":[301,15,293],"product_tag":[],"class_list":{"0":"post-18242","1":"product","2":"type-product","3":"status-publish","4":"has-post-thumbnail","6":"product_brand-air-jordan","7":"product_cat-air-jordan-13","8":"product_cat-all","9":"product_cat-sneakers","11":"first","12":"instock","13":"sale","14":"shipping-taxable","15":"purchasable","16":"product-type-variable"},"jetpack_sharing_enabled":true,"_links":{"self":[{"href":"https:\/\/muvluxe.com\/it\/wp-json\/wp\/v2\/product\/18242","targetHints":{"allow":["GET"]}}],"collection":[{"href":"https:\/\/muvluxe.com\/it\/wp-json\/wp\/v2\/product"}],"about":[{"href":"https:\/\/muvluxe.com\/it\/wp-json\/wp\/v2\/types\/product"}],"wp:featuredmedia":[{"embeddable":true,"href":"https:\/\/muvluxe.com\/it\/wp-json\/wp\/v2\/media\/18239"}],"wp:attachment":[{"href":"https:\/\/muvluxe.com\/it\/wp-json\/wp\/v2\/media?parent=18242"}],"wp:term":[{"taxonomy":"product_brand","embeddable":true,"href":"https:\/\/muvluxe.com\/it\/wp-json\/wp\/v2\/product_brand?post=18242"},{"taxonomy":"product_cat","embeddable":true,"href":"https:\/\/muvluxe.com\/it\/wp-json\/wp\/v2\/product_cat?post=18242"},{"taxonomy":"product_tag","embeddable":true,"href":"https:\/\/muvluxe.com\/it\/wp-json\/wp\/v2\/product_tag?post=18242"}],"curies":[{"name":"wp","href":"https:\/\/api.w.org\/{rel}","templated":true}]}}