{"id":18264,"date":"2025-07-14T13:05:05","date_gmt":"2025-07-14T13:05:05","guid":{"rendered":"https:\/\/muvluxe.com\/product\/lucky-green-2\/"},"modified":"2025-10-15T13:08:16","modified_gmt":"2025-10-15T13:08:16","slug":"lucky-green-2","status":"publish","type":"product","link":"https:\/\/muvluxe.com\/it\/prodotto\/lucky-green-2\/","title":{"rendered":"Lucky Green"},"content":{"rendered":"<div>\n<p class=\"p1\">Apr\u00e8s la r\u00e9\u00e9dition de la&nbsp;<strong>Air Jordan 13 Flint (2020)<\/strong>, la marque au Jumpman d\u00e9voile un nouveau coloris pour le mod\u00e8le de 1998, ressemblant de pr\u00e8s \u00e0 la version exclusive \u00ab<strong>Three Point Record<\/strong>\u00bb Player Exclusive de Ray Allen, aper\u00e7ue en 2011.<\/p>\n<p class=\"p1\">La&nbsp;<strong>Air Jordan 13 Lucky Green<\/strong>&nbsp;s\u2019habille de blanc et de vert, autrement dit des couleurs de l\u2019\u00e9quipe du Massachusetts dans laquelle Ray Allen \u00e9voluait. On distingue une base en&nbsp;<strong>cuir blanc grain\u00e9<\/strong>, coupl\u00e9e \u00e0 des empi\u00e8cements en&nbsp;<strong>su\u00e8de vert<\/strong>&nbsp;au niveau du talon et du mudguard. Une outsole noire compl\u00e8te l\u2019effet contrastant, tout comme la doublure int\u00e9rieure qui est elle aussi noire, contrairement \u00e0 la version Player Exclusive. Un Jumpman vert et des perforations sur la languette ajoutent du d\u00e9tail pendant que le branding sous forme d\u2019<strong>hologramme<\/strong>, propre au mod\u00e8le, finalise l\u2019ensemble.<\/p>\n<p class=\"p1\">Cette it\u00e9ration qui rappelle la rivalit\u00e9 entre l\u2019\u00e9quipe de&nbsp;<strong>Boston<\/strong>&nbsp;et celle de Michael Jordan, les&nbsp;<strong>Bulls<\/strong>, compl\u00e8te la gamme pour le plaisir des amateurs de la discipline !<\/p>\n<\/div>","protected":false},"excerpt":{"rendered":"<p>Apr\u00e8s la r\u00e9\u00e9dition de la&nbsp;Air Jordan 13 Flint (2020), la marque au Jumpman d\u00e9voile un nouveau coloris pour le mod\u00e8le de 1998, ressemblant de pr\u00e8s \u00e0 la version exclusive \u00abThree Point Record\u00bb Player Exclusive de Ray Allen, aper\u00e7ue en 2011. La&nbsp;Air Jordan 13 Lucky Green&nbsp;s\u2019habille de blanc et de vert, autrement dit des couleurs de [&hellip;]<\/p>\n","protected":false},"featured_media":18261,"template":"","meta":[],"product_brand":[292],"product_cat":[301,15,293],"product_tag":[],"class_list":{"0":"post-18264","1":"product","2":"type-product","3":"status-publish","4":"has-post-thumbnail","6":"product_brand-air-jordan","7":"product_cat-air-jordan-13","8":"product_cat-all","9":"product_cat-sneakers","11":"first","12":"instock","13":"sale","14":"shipping-taxable","15":"purchasable","16":"product-type-variable"},"jetpack_sharing_enabled":true,"_links":{"self":[{"href":"https:\/\/muvluxe.com\/it\/wp-json\/wp\/v2\/product\/18264","targetHints":{"allow":["GET"]}}],"collection":[{"href":"https:\/\/muvluxe.com\/it\/wp-json\/wp\/v2\/product"}],"about":[{"href":"https:\/\/muvluxe.com\/it\/wp-json\/wp\/v2\/types\/product"}],"wp:featuredmedia":[{"embeddable":true,"href":"https:\/\/muvluxe.com\/it\/wp-json\/wp\/v2\/media\/18261"}],"wp:attachment":[{"href":"https:\/\/muvluxe.com\/it\/wp-json\/wp\/v2\/media?parent=18264"}],"wp:term":[{"taxonomy":"product_brand","embeddable":true,"href":"https:\/\/muvluxe.com\/it\/wp-json\/wp\/v2\/product_brand?post=18264"},{"taxonomy":"product_cat","embeddable":true,"href":"https:\/\/muvluxe.com\/it\/wp-json\/wp\/v2\/product_cat?post=18264"},{"taxonomy":"product_tag","embeddable":true,"href":"https:\/\/muvluxe.com\/it\/wp-json\/wp\/v2\/product_tag?post=18264"}],"curies":[{"name":"wp","href":"https:\/\/api.w.org\/{rel}","templated":true}]}}