{"id":19832,"date":"2025-07-16T13:28:13","date_gmt":"2025-07-16T13:28:13","guid":{"rendered":"https:\/\/muvluxe.com\/product\/sunset-pulse\/"},"modified":"2025-10-15T16:49:43","modified_gmt":"2025-10-15T16:49:43","slug":"sunset-pulse","status":"publish","type":"product","link":"https:\/\/muvluxe.com\/it\/prodotto\/sunset-pulse\/","title":{"rendered":"Sunset Pulse"},"content":{"rendered":"<p class=\"p1\">Lo swoosh espande ancora la sua gamma di primavera come il branco \u201c<strong><span class=\"s1\">Gratuito 99<\/span><\/strong>\u201cQuesta volta \u00e8 il&nbsp;<strong>Nike Dunk Low \u201cSunset Impulso \u201c<\/strong>&nbsp;che \u00e8 lavorato in una tavolozza multicolore.<\/p>\n<p>L\u00e0&nbsp;<strong>Nike Dunk Low Sunset Impulso&nbsp;<\/strong>Visualizza una struttura in&nbsp;<strong>Pelle di brevetto<\/strong>&nbsp;E&nbsp;<strong>Svezia<\/strong>. L\u00e0 low-Top indossa un aspetto non corrispondente che mescola toni vivaci di&nbsp;<strong>viola<\/strong>,&nbsp;<strong>rosso<\/strong>,&nbsp;<strong>rose<\/strong>,&nbsp;<strong>GIALLO<\/strong>&nbsp;E&nbsp;<strong>Verde<\/strong>&nbsp;Intorno a Swoosh a volte argento a volte dorato. Una&nbsp;<strong>dispensa<\/strong>&nbsp;bianco e a&nbsp;<strong>suola<\/strong>&nbsp;Il verde viene a tempera design Di Peter Moore.<\/p>\n<p>Pi\u00f9&nbsp;<strong>apprezzato<\/strong>&nbsp;del momento dovrebbe fare appello a tutti coloro che amano le impronte&nbsp;<b>audace.<\/b><\/p>\n<p>&nbsp;<\/p>","protected":false},"excerpt":{"rendered":"<p>Lo swoosh espande ancora la sua gamma di primavera come il branco \u201cGratuito 99\u201cQuesta volta \u00e8 il&nbsp;Nike Dunk Low \u201cSunset Impulso \u201c&nbsp;che \u00e8 lavorato in una tavolozza multicolore. L\u00e0&nbsp;Nike Dunk Low Sunset Impulso&nbsp;Visualizza una struttura in&nbsp;Pelle di brevetto&nbsp;E&nbsp;Svezia. L\u00e0 low-Top indossa un aspetto non corrispondente che mescola toni vivaci di&nbsp;viola,&nbsp;rosso,&nbsp;rose,&nbsp;GIALLO&nbsp;E&nbsp;Verde&nbsp;Intorno a Swoosh a volte argento [&hellip;]<\/p>\n","protected":false},"featured_media":19829,"template":"","meta":[],"product_brand":[302],"product_cat":[15,304,293],"product_tag":[],"class_list":{"0":"post-19832","1":"product","2":"type-product","3":"status-publish","4":"has-post-thumbnail","6":"product_brand-nike","7":"product_cat-all","8":"product_cat-dunk-low","9":"product_cat-sneakers","11":"first","12":"instock","13":"sale","14":"shipping-taxable","15":"purchasable","16":"product-type-variable"},"jetpack_sharing_enabled":true,"_links":{"self":[{"href":"https:\/\/muvluxe.com\/it\/wp-json\/wp\/v2\/product\/19832","targetHints":{"allow":["GET"]}}],"collection":[{"href":"https:\/\/muvluxe.com\/it\/wp-json\/wp\/v2\/product"}],"about":[{"href":"https:\/\/muvluxe.com\/it\/wp-json\/wp\/v2\/types\/product"}],"wp:featuredmedia":[{"embeddable":true,"href":"https:\/\/muvluxe.com\/it\/wp-json\/wp\/v2\/media\/19829"}],"wp:attachment":[{"href":"https:\/\/muvluxe.com\/it\/wp-json\/wp\/v2\/media?parent=19832"}],"wp:term":[{"taxonomy":"product_brand","embeddable":true,"href":"https:\/\/muvluxe.com\/it\/wp-json\/wp\/v2\/product_brand?post=19832"},{"taxonomy":"product_cat","embeddable":true,"href":"https:\/\/muvluxe.com\/it\/wp-json\/wp\/v2\/product_cat?post=19832"},{"taxonomy":"product_tag","embeddable":true,"href":"https:\/\/muvluxe.com\/it\/wp-json\/wp\/v2\/product_tag?post=19832"}],"curies":[{"name":"wp","href":"https:\/\/api.w.org\/{rel}","templated":true}]}}