{"id":20302,"date":"2025-07-16T13:34:44","date_gmt":"2025-07-16T13:34:44","guid":{"rendered":"https:\/\/muvluxe.com\/product\/two-tone-grey\/"},"modified":"2025-10-15T16:48:16","modified_gmt":"2025-10-15T16:48:16","slug":"two-tone-grey","status":"publish","type":"product","link":"https:\/\/muvluxe.com\/it\/prodotto\/two-tone-grey\/","title":{"rendered":"Two Tone Grey"},"content":{"rendered":"<p>Il marchio di Swoosh \u00e8 tornato con un nuovo&nbsp;<strong>Dunk Low<\/strong>&nbsp;Posizionato sotto il segno della sobriet\u00e0!<\/p>\n<p>L\u00e0&nbsp;<strong>Nike Dunk Low Two Tone Grey<\/strong>&nbsp;Si riferisce a una base in pelle bianca, accompagnata da sovrapposizioni in pelle grigia su occhiali, guardia di fango e tallone. UN&nbsp;<strong>Swoosh<\/strong>&nbsp;Il bianco arriva a fondersi nella parte superiore mentre il gioco di colore continua nell\u2019intersuola e nella suola.<\/p>\n<p>Con il suo colore sobrio, questa nuova edizione \u00e8 perfetta per qualsiasi tipo di abiti!<\/p>","protected":false},"excerpt":{"rendered":"<p>Il marchio di Swoosh \u00e8 tornato con un nuovo&nbsp;Dunk Low&nbsp;Posizionato sotto il segno della sobriet\u00e0! L\u00e0&nbsp;Nike Dunk Low Two Tone Grey&nbsp;Si riferisce a una base in pelle bianca, accompagnata da sovrapposizioni in pelle grigia su occhiali, guardia di fango e tallone. UN&nbsp;Swoosh&nbsp;Il bianco arriva a fondersi nella parte superiore mentre il gioco di colore continua [&hellip;]<\/p>\n","protected":false},"featured_media":20299,"template":"","meta":[],"product_brand":[302],"product_cat":[15,304,293],"product_tag":[],"class_list":{"0":"post-20302","1":"product","2":"type-product","3":"status-publish","4":"has-post-thumbnail","6":"product_brand-nike","7":"product_cat-all","8":"product_cat-dunk-low","9":"product_cat-sneakers","11":"first","12":"instock","13":"sale","14":"shipping-taxable","15":"purchasable","16":"product-type-variable"},"jetpack_sharing_enabled":true,"_links":{"self":[{"href":"https:\/\/muvluxe.com\/it\/wp-json\/wp\/v2\/product\/20302","targetHints":{"allow":["GET"]}}],"collection":[{"href":"https:\/\/muvluxe.com\/it\/wp-json\/wp\/v2\/product"}],"about":[{"href":"https:\/\/muvluxe.com\/it\/wp-json\/wp\/v2\/types\/product"}],"wp:featuredmedia":[{"embeddable":true,"href":"https:\/\/muvluxe.com\/it\/wp-json\/wp\/v2\/media\/20299"}],"wp:attachment":[{"href":"https:\/\/muvluxe.com\/it\/wp-json\/wp\/v2\/media?parent=20302"}],"wp:term":[{"taxonomy":"product_brand","embeddable":true,"href":"https:\/\/muvluxe.com\/it\/wp-json\/wp\/v2\/product_brand?post=20302"},{"taxonomy":"product_cat","embeddable":true,"href":"https:\/\/muvluxe.com\/it\/wp-json\/wp\/v2\/product_cat?post=20302"},{"taxonomy":"product_tag","embeddable":true,"href":"https:\/\/muvluxe.com\/it\/wp-json\/wp\/v2\/product_tag?post=20302"}],"curies":[{"name":"wp","href":"https:\/\/api.w.org\/{rel}","templated":true}]}}