{"id":20460,"date":"2025-07-16T13:36:29","date_gmt":"2025-07-16T13:36:29","guid":{"rendered":"https:\/\/muvluxe.com\/product\/c\/"},"modified":"2025-10-15T16:47:42","modified_gmt":"2025-10-15T16:47:42","slug":"c","status":"publish","type":"product","link":"https:\/\/muvluxe.com\/it\/prodotto\/c\/","title":{"rendered":"c"},"content":{"rendered":"<p>Nike e il creatore Rei Kawakubo aveva sublimato il&nbsp;<strong>Air Max 95<\/strong>&nbsp;Quest\u2019inverno, quest\u2019ultimo non intende fermarti l\u00ec e ribadire un branco di due&nbsp;<strong>Nike Dunk Low<\/strong>.<\/p>\n<p>L\u00e0&nbsp;<strong>Nike Dunk Low Comme des Gar\u00e7ons Stampa<\/strong>&nbsp;Presenta una parte superiore di Nexkin, un tessuto intrecciabile traslucido. Questo materiale innovativo consente una buona resistenza al maltempo e porta un effetto strutturato alla silhouette. Sotto questo rivestimento, notiamo una stampa&nbsp;<strong>CDG bianco<\/strong>, che contrasta con il resto del design Per lo pi\u00f9 nero. Infine, un rinforzo in pelle sul tallone e gli elementi come lo swoosh, i lacci e la suola mostrano anche il nero per finalizzare tutto.<\/p>\n<p>Disponibile anche in una versione&nbsp;<a class=\"\" href=\"https:\/\/wethenew.com\/it\/products\/nike-dunk-low-comme-des-garcons-black\"><strong>BLACK<\/strong><\/a>&nbsp;Pi\u00f9 minimalista, questa nuova creazione durante la trasparenza firmata Nike E CDG dovrebbe deliziare i fan dell\u2019etichetta giapponese.<\/p>","protected":false},"excerpt":{"rendered":"<p>Nike e il creatore Rei Kawakubo aveva sublimato il&nbsp;Air Max 95&nbsp;Quest\u2019inverno, quest\u2019ultimo non intende fermarti l\u00ec e ribadire un branco di due&nbsp;Nike Dunk Low. L\u00e0&nbsp;Nike Dunk Low Comme des Gar\u00e7ons Stampa&nbsp;Presenta una parte superiore di Nexkin, un tessuto intrecciabile traslucido. Questo materiale innovativo consente una buona resistenza al maltempo e porta un effetto strutturato alla [&hellip;]<\/p>\n","protected":false},"featured_media":20456,"template":"","meta":[],"product_brand":[302],"product_cat":[15,304,293],"product_tag":[],"class_list":{"0":"post-20460","1":"product","2":"type-product","3":"status-publish","4":"has-post-thumbnail","6":"product_brand-nike","7":"product_cat-all","8":"product_cat-dunk-low","9":"product_cat-sneakers","11":"first","12":"instock","13":"sale","14":"shipping-taxable","15":"purchasable","16":"product-type-variable"},"jetpack_sharing_enabled":true,"_links":{"self":[{"href":"https:\/\/muvluxe.com\/it\/wp-json\/wp\/v2\/product\/20460","targetHints":{"allow":["GET"]}}],"collection":[{"href":"https:\/\/muvluxe.com\/it\/wp-json\/wp\/v2\/product"}],"about":[{"href":"https:\/\/muvluxe.com\/it\/wp-json\/wp\/v2\/types\/product"}],"wp:featuredmedia":[{"embeddable":true,"href":"https:\/\/muvluxe.com\/it\/wp-json\/wp\/v2\/media\/20456"}],"wp:attachment":[{"href":"https:\/\/muvluxe.com\/it\/wp-json\/wp\/v2\/media?parent=20460"}],"wp:term":[{"taxonomy":"product_brand","embeddable":true,"href":"https:\/\/muvluxe.com\/it\/wp-json\/wp\/v2\/product_brand?post=20460"},{"taxonomy":"product_cat","embeddable":true,"href":"https:\/\/muvluxe.com\/it\/wp-json\/wp\/v2\/product_cat?post=20460"},{"taxonomy":"product_tag","embeddable":true,"href":"https:\/\/muvluxe.com\/it\/wp-json\/wp\/v2\/product_tag?post=20460"}],"curies":[{"name":"wp","href":"https:\/\/api.w.org\/{rel}","templated":true}]}}