{"id":20526,"date":"2025-07-16T13:37:10","date_gmt":"2025-07-16T13:37:10","guid":{"rendered":"https:\/\/muvluxe.com\/product\/sp-champ-colors\/"},"modified":"2025-10-15T16:47:40","modified_gmt":"2025-10-15T16:47:40","slug":"sp-champ-colors","status":"publish","type":"product","link":"https:\/\/muvluxe.com\/it\/prodotto\/sp-champ-colors\/","title":{"rendered":"sp champ colors"},"content":{"rendered":"<p>Nike rivela l\u2019ultima iterazione del branco&nbsp;<strong>Tono della squadra<\/strong>&nbsp;che occupa i colori delle squadre universitarie di basketball, insieme alle versioni&nbsp;<strong>Brasile<\/strong>&nbsp;E&nbsp;<strong>University Red<\/strong>.<\/p>\n<p>L\u00e0&nbsp;<strong>Nike Dunk Low Colori di SP Champs<\/strong>&nbsp;\u00e8 adornato con una tomaia in pelle alternando em\u00e8cement&nbsp;<strong>blu navy<\/strong>&nbsp;e altri in una tonalit\u00e0&nbsp;<strong>orange vivace<\/strong>. Swoosh i lacci, la suola e il lato optano per il blu navy, abbinando la tomaia, durante il marchio Nike Sul tallone in lettere maiuscole e pi\u00f9 classiche sulla lingua finalizza tutto.<\/p>\n<p>Segnando il suo ritorno l\u2019anno scorso come il&nbsp;<strong>Nike Sb Dunk Low Travis Scott<\/strong>&nbsp;o il&nbsp;<strong>Nike Sb Dunk Low Strano amore<\/strong>, questo modello continuer\u00e0 a parlare nel 2020 per la gioia degli amanti della silhouette. In attesa delle prossime iterazioni che Nike potrebbe probabilmente rivelare nelle prossime settimane o mesi, la raccolta di&nbsp;<strong>Nike Dunk Low<\/strong>&nbsp;si trova su Wethenew.<\/p>","protected":false},"excerpt":{"rendered":"<p>Nike rivela l\u2019ultima iterazione del branco&nbsp;Tono della squadra&nbsp;che occupa i colori delle squadre universitarie di basketball, insieme alle versioni&nbsp;Brasile&nbsp;E&nbsp;University Red. L\u00e0&nbsp;Nike Dunk Low Colori di SP Champs&nbsp;\u00e8 adornato con una tomaia in pelle alternando em\u00e8cement&nbsp;blu navy&nbsp;e altri in una tonalit\u00e0&nbsp;orange vivace. Swoosh i lacci, la suola e il lato optano per il blu navy, abbinando [&hellip;]<\/p>\n","protected":false},"featured_media":20523,"template":"","meta":[],"product_brand":[302],"product_cat":[15,304,293],"product_tag":[],"class_list":{"0":"post-20526","1":"product","2":"type-product","3":"status-publish","4":"has-post-thumbnail","6":"product_brand-nike","7":"product_cat-all","8":"product_cat-dunk-low","9":"product_cat-sneakers","11":"first","12":"instock","13":"sale","14":"shipping-taxable","15":"purchasable","16":"product-type-variable"},"jetpack_sharing_enabled":true,"_links":{"self":[{"href":"https:\/\/muvluxe.com\/it\/wp-json\/wp\/v2\/product\/20526","targetHints":{"allow":["GET"]}}],"collection":[{"href":"https:\/\/muvluxe.com\/it\/wp-json\/wp\/v2\/product"}],"about":[{"href":"https:\/\/muvluxe.com\/it\/wp-json\/wp\/v2\/types\/product"}],"wp:featuredmedia":[{"embeddable":true,"href":"https:\/\/muvluxe.com\/it\/wp-json\/wp\/v2\/media\/20523"}],"wp:attachment":[{"href":"https:\/\/muvluxe.com\/it\/wp-json\/wp\/v2\/media?parent=20526"}],"wp:term":[{"taxonomy":"product_brand","embeddable":true,"href":"https:\/\/muvluxe.com\/it\/wp-json\/wp\/v2\/product_brand?post=20526"},{"taxonomy":"product_cat","embeddable":true,"href":"https:\/\/muvluxe.com\/it\/wp-json\/wp\/v2\/product_cat?post=20526"},{"taxonomy":"product_tag","embeddable":true,"href":"https:\/\/muvluxe.com\/it\/wp-json\/wp\/v2\/product_tag?post=20526"}],"curies":[{"name":"wp","href":"https:\/\/api.w.org\/{rel}","templated":true}]}}