{"id":20792,"date":"2025-07-16T13:40:30","date_gmt":"2025-07-16T13:40:30","guid":{"rendered":"https:\/\/muvluxe.com\/product\/disrupt-summit-white-ghost\/"},"modified":"2025-10-15T16:47:05","modified_gmt":"2025-10-15T16:47:05","slug":"disrupt-summit-white-ghost","status":"publish","type":"product","link":"https:\/\/muvluxe.com\/it\/prodotto\/disrupt-summit-white-ghost\/","title":{"rendered":"Disrupt Summit White Ghost"},"content":{"rendered":"<p>La stagione di&nbsp;<strong>Dunk<\/strong>&nbsp;continua con una nuova versione del Dunk Low Disrupt ! Nike rivela cos\u00ec una nuova versione che ruota intorno&nbsp;<strong>colori primaverili<\/strong>&nbsp;: Purple di lavanda e rose pallido.<\/p>\n<p>L\u00e0&nbsp;<strong>Nike Dunk Low Disrupt Vertice White Fantasma<\/strong>&nbsp;presenta una parte superiore&nbsp;<strong>maglia<\/strong>&nbsp;Bianco, arricchito da sovrapposizioni in pelle chiara chiara. Swoosh rose Pastel in pelle liscia che corrisponde alla lingua affinare il gioco a colori.<\/p>\n<p>Il marchio a&nbsp;<strong>Swoosh<\/strong>&nbsp;Respira un vento di modernit\u00e0 su uno dei suoi modelli pi\u00f9 iconici grazie a linee rielaborate e un aspetto sempre pi\u00f9&nbsp;<strong>avanguardia.<\/strong><\/p>\n<p>&nbsp;<\/p>","protected":false},"excerpt":{"rendered":"<p>La stagione di&nbsp;Dunk&nbsp;continua con una nuova versione del Dunk Low Disrupt ! Nike rivela cos\u00ec una nuova versione che ruota intorno&nbsp;colori primaverili&nbsp;: Purple di lavanda e rose pallido. L\u00e0&nbsp;Nike Dunk Low Disrupt Vertice White Fantasma&nbsp;presenta una parte superiore&nbsp;maglia&nbsp;Bianco, arricchito da sovrapposizioni in pelle chiara chiara. Swoosh rose Pastel in pelle liscia che corrisponde alla lingua [&hellip;]<\/p>\n","protected":false},"featured_media":20789,"template":"","meta":[],"product_brand":[302],"product_cat":[15,304,293],"product_tag":[],"class_list":{"0":"post-20792","1":"product","2":"type-product","3":"status-publish","4":"has-post-thumbnail","6":"product_brand-nike","7":"product_cat-all","8":"product_cat-dunk-low","9":"product_cat-sneakers","11":"first","12":"instock","13":"sale","14":"shipping-taxable","15":"purchasable","16":"product-type-variable"},"jetpack_sharing_enabled":true,"_links":{"self":[{"href":"https:\/\/muvluxe.com\/it\/wp-json\/wp\/v2\/product\/20792","targetHints":{"allow":["GET"]}}],"collection":[{"href":"https:\/\/muvluxe.com\/it\/wp-json\/wp\/v2\/product"}],"about":[{"href":"https:\/\/muvluxe.com\/it\/wp-json\/wp\/v2\/types\/product"}],"wp:featuredmedia":[{"embeddable":true,"href":"https:\/\/muvluxe.com\/it\/wp-json\/wp\/v2\/media\/20789"}],"wp:attachment":[{"href":"https:\/\/muvluxe.com\/it\/wp-json\/wp\/v2\/media?parent=20792"}],"wp:term":[{"taxonomy":"product_brand","embeddable":true,"href":"https:\/\/muvluxe.com\/it\/wp-json\/wp\/v2\/product_brand?post=20792"},{"taxonomy":"product_cat","embeddable":true,"href":"https:\/\/muvluxe.com\/it\/wp-json\/wp\/v2\/product_cat?post=20792"},{"taxonomy":"product_tag","embeddable":true,"href":"https:\/\/muvluxe.com\/it\/wp-json\/wp\/v2\/product_tag?post=20792"}],"curies":[{"name":"wp","href":"https:\/\/api.w.org\/{rel}","templated":true}]}}