{"id":20858,"date":"2025-07-16T13:41:14","date_gmt":"2025-07-16T13:41:14","guid":{"rendered":"https:\/\/muvluxe.com\/product\/clear-swoosh\/"},"modified":"2025-10-15T16:46:37","modified_gmt":"2025-10-15T16:46:37","slug":"clear-swoosh","status":"publish","type":"product","link":"https:\/\/muvluxe.com\/it\/prodotto\/clear-swoosh\/","title":{"rendered":"Clear Swoosh"},"content":{"rendered":"<p>Il gigante di Beaverton ci offre una variazione&nbsp;<strong>sobrio<\/strong>&nbsp;E&nbsp;<strong>raffinato<\/strong>&nbsp;Dal suo bassa bassa successo!<\/p>\n<p>L\u00e0&nbsp;<strong>Nike Dunk Low Clear Swoosh<\/strong>&nbsp;\u00e8 adornato con una base in&nbsp;<strong>pelle grigia<\/strong>&nbsp;che \u00e8 migliorato dalle sovrapposizioni di<strong>&nbsp;pelle azzurra<\/strong>. Lacci assortiti e un Nike ricamato sull\u2019offerta Heeltab a&nbsp;<strong>Aspetto vintage<\/strong>&nbsp;con la silhouette immaginata da Peter Moore. La sua originalit\u00e0 si basa su&nbsp;<strong>swoosh laterale<\/strong>&nbsp;In&nbsp;<strong>TPU trasparente<\/strong>&nbsp;allo sguardo futuristico. L\u2019intero tutto poggia su una suola bianca con la suola blu.<\/p>\n<p>L\u00e0&nbsp;<strong>Dunk Low<\/strong>&nbsp;non \u00e8 pronto a rallentare la sua espansione e continua a reinventarsi nelle stagioni!<\/p>","protected":false},"excerpt":{"rendered":"<p>Il gigante di Beaverton ci offre una variazione&nbsp;sobrio&nbsp;E&nbsp;raffinato&nbsp;Dal suo bassa bassa successo! L\u00e0&nbsp;Nike Dunk Low Clear Swoosh&nbsp;\u00e8 adornato con una base in&nbsp;pelle grigia&nbsp;che \u00e8 migliorato dalle sovrapposizioni di&nbsp;pelle azzurra. Lacci assortiti e un Nike ricamato sull\u2019offerta Heeltab a&nbsp;Aspetto vintage&nbsp;con la silhouette immaginata da Peter Moore. La sua originalit\u00e0 si basa su&nbsp;swoosh laterale&nbsp;In&nbsp;TPU trasparente&nbsp;allo sguardo futuristico. [&hellip;]<\/p>\n","protected":false},"featured_media":20855,"template":"","meta":[],"product_brand":[302],"product_cat":[15,304,293],"product_tag":[],"class_list":{"0":"post-20858","1":"product","2":"type-product","3":"status-publish","4":"has-post-thumbnail","6":"product_brand-nike","7":"product_cat-all","8":"product_cat-dunk-low","9":"product_cat-sneakers","11":"first","12":"instock","13":"sale","14":"shipping-taxable","15":"purchasable","16":"product-type-variable"},"jetpack_sharing_enabled":true,"_links":{"self":[{"href":"https:\/\/muvluxe.com\/it\/wp-json\/wp\/v2\/product\/20858","targetHints":{"allow":["GET"]}}],"collection":[{"href":"https:\/\/muvluxe.com\/it\/wp-json\/wp\/v2\/product"}],"about":[{"href":"https:\/\/muvluxe.com\/it\/wp-json\/wp\/v2\/types\/product"}],"wp:featuredmedia":[{"embeddable":true,"href":"https:\/\/muvluxe.com\/it\/wp-json\/wp\/v2\/media\/20855"}],"wp:attachment":[{"href":"https:\/\/muvluxe.com\/it\/wp-json\/wp\/v2\/media?parent=20858"}],"wp:term":[{"taxonomy":"product_brand","embeddable":true,"href":"https:\/\/muvluxe.com\/it\/wp-json\/wp\/v2\/product_brand?post=20858"},{"taxonomy":"product_cat","embeddable":true,"href":"https:\/\/muvluxe.com\/it\/wp-json\/wp\/v2\/product_cat?post=20858"},{"taxonomy":"product_tag","embeddable":true,"href":"https:\/\/muvluxe.com\/it\/wp-json\/wp\/v2\/product_tag?post=20858"}],"curies":[{"name":"wp","href":"https:\/\/api.w.org\/{rel}","templated":true}]}}