{"id":20924,"date":"2025-07-16T13:41:54","date_gmt":"2025-07-16T13:41:54","guid":{"rendered":"https:\/\/muvluxe.com\/product\/disrupt-black-white-gum\/"},"modified":"2025-10-15T16:46:34","modified_gmt":"2025-10-15T16:46:34","slug":"disrupt-black-white-gum","status":"publish","type":"product","link":"https:\/\/muvluxe.com\/it\/prodotto\/disrupt-black-white-gum\/","title":{"rendered":"Disrupt Black White Gum"},"content":{"rendered":"<p>Il ritorno del&nbsp;<strong>Dunk<\/strong>&nbsp;sul palco sneakers Non non sar\u00e0 riuscito a ispirare il marchio a Swoosh. Presentato per la prima volta lo scorso settembre, il&nbsp;<span style=\"text-decoration: underline\"><strong>Nike Dunk Low Disrupt<\/strong><\/span>&nbsp;\u00e8 una versione modernizzata della silhouette retr\u00f2.<\/p>\n<p>L\u00e0&nbsp;<strong>Nike Dunk Low Disrupt black White Gum<\/strong>&nbsp;ha una tomaia di miscelazione&nbsp;<strong>pelle<\/strong>&nbsp;E&nbsp;<strong>maglia<\/strong>&nbsp;per un rendering bi-materiale&nbsp;<strong>rilievo<\/strong>. La tomaia completa black \u00e8 in contrasto con la goccia bianca mentre una suola con piattaforma bianca e gomma porta una coppia unica alla coppia.<\/p>\n<p><strong>Proporzioni reinventate<\/strong>&nbsp;E&nbsp;<strong>Linee robuste<\/strong>, L\u00e0 Dunk Low Disrupt respira nuova energia in uno dei modelli che hanno forgiato l\u2019eredit\u00e0 di Nike.<\/p>\n<p>&nbsp;<\/p>","protected":false},"excerpt":{"rendered":"<p>Il ritorno del&nbsp;Dunk&nbsp;sul palco sneakers Non non sar\u00e0 riuscito a ispirare il marchio a Swoosh. Presentato per la prima volta lo scorso settembre, il&nbsp;Nike Dunk Low Disrupt&nbsp;\u00e8 una versione modernizzata della silhouette retr\u00f2. L\u00e0&nbsp;Nike Dunk Low Disrupt black White Gum&nbsp;ha una tomaia di miscelazione&nbsp;pelle&nbsp;E&nbsp;maglia&nbsp;per un rendering bi-materiale&nbsp;rilievo. La tomaia completa black \u00e8 in contrasto con [&hellip;]<\/p>\n","protected":false},"featured_media":20921,"template":"","meta":[],"product_brand":[302],"product_cat":[15,304,293],"product_tag":[],"class_list":{"0":"post-20924","1":"product","2":"type-product","3":"status-publish","4":"has-post-thumbnail","6":"product_brand-nike","7":"product_cat-all","8":"product_cat-dunk-low","9":"product_cat-sneakers","11":"first","12":"instock","13":"sale","14":"shipping-taxable","15":"purchasable","16":"product-type-variable"},"jetpack_sharing_enabled":true,"_links":{"self":[{"href":"https:\/\/muvluxe.com\/it\/wp-json\/wp\/v2\/product\/20924","targetHints":{"allow":["GET"]}}],"collection":[{"href":"https:\/\/muvluxe.com\/it\/wp-json\/wp\/v2\/product"}],"about":[{"href":"https:\/\/muvluxe.com\/it\/wp-json\/wp\/v2\/types\/product"}],"wp:featuredmedia":[{"embeddable":true,"href":"https:\/\/muvluxe.com\/it\/wp-json\/wp\/v2\/media\/20921"}],"wp:attachment":[{"href":"https:\/\/muvluxe.com\/it\/wp-json\/wp\/v2\/media?parent=20924"}],"wp:term":[{"taxonomy":"product_brand","embeddable":true,"href":"https:\/\/muvluxe.com\/it\/wp-json\/wp\/v2\/product_brand?post=20924"},{"taxonomy":"product_cat","embeddable":true,"href":"https:\/\/muvluxe.com\/it\/wp-json\/wp\/v2\/product_cat?post=20924"},{"taxonomy":"product_tag","embeddable":true,"href":"https:\/\/muvluxe.com\/it\/wp-json\/wp\/v2\/product_tag?post=20924"}],"curies":[{"name":"wp","href":"https:\/\/api.w.org\/{rel}","templated":true}]}}