{"id":21014,"date":"2025-07-16T13:42:52","date_gmt":"2025-07-16T13:42:52","guid":{"rendered":"https:\/\/muvluxe.com\/product\/disrupt-2-desert-bronze\/"},"modified":"2025-10-15T16:46:32","modified_gmt":"2025-10-15T16:46:32","slug":"disrupt-2-desert-bronze","status":"publish","type":"product","link":"https:\/\/muvluxe.com\/it\/prodotto\/disrupt-2-desert-bronze\/","title":{"rendered":"Disrupt 2 Desert Bronze"},"content":{"rendered":"<p>Per questo inizio dell\u2019anno, l\u2019iconico&nbsp;<strong>Dunk Low Disrupt<\/strong>&nbsp;Offre un bel restyling e ha un lifting con un modello nuovo di zecca che attinge dal patrimonio retr\u00f2 del modello.<\/p>\n<p>L\u00e0&nbsp;<strong>Nike Dunk Low Disrupt 2 Desert Bronze<\/strong>&nbsp;indossa una struttura in&nbsp;<strong>tessuto marrone<\/strong>&nbsp;che \u00e8 coperto da pannelli in&nbsp;<strong>Suede<\/strong>&nbsp;pi\u00f9 scuro. Delle&nbsp;<strong>Dettagli rosa<\/strong>&nbsp;Empower Swoosh sui pannelli e sul marchio&nbsp;<strong>Nike<\/strong>&nbsp;Sulla lingua. Un unico con la tecnologia&nbsp;<strong>Cratere<\/strong>&nbsp;Affina l\u2019aspetto&nbsp;<strong>monocromo<\/strong>&nbsp;rivisitato.<\/p>\n<p>Il suo aspetto e design non strutturati&nbsp;<strong>ecologico<\/strong>&nbsp;Fai questo&nbsp;<strong>Dunk Low<\/strong>&nbsp;Senza precedenti, un must per la stagione!<\/p>\n<p>&nbsp;<\/p>","protected":false},"excerpt":{"rendered":"<p>Per questo inizio dell\u2019anno, l\u2019iconico&nbsp;Dunk Low Disrupt&nbsp;Offre un bel restyling e ha un lifting con un modello nuovo di zecca che attinge dal patrimonio retr\u00f2 del modello. L\u00e0&nbsp;Nike Dunk Low Disrupt 2 Desert Bronze&nbsp;indossa una struttura in&nbsp;tessuto marrone&nbsp;che \u00e8 coperto da pannelli in&nbsp;Suede&nbsp;pi\u00f9 scuro. Delle&nbsp;Dettagli rosa&nbsp;Empower Swoosh sui pannelli e sul marchio&nbsp;Nike&nbsp;Sulla lingua. Un unico [&hellip;]<\/p>\n","protected":false},"featured_media":21011,"template":"","meta":[],"product_brand":[302],"product_cat":[15,304,293],"product_tag":[],"class_list":{"0":"post-21014","1":"product","2":"type-product","3":"status-publish","4":"has-post-thumbnail","6":"product_brand-nike","7":"product_cat-all","8":"product_cat-dunk-low","9":"product_cat-sneakers","11":"first","12":"instock","13":"sale","14":"shipping-taxable","15":"purchasable","16":"product-type-variable"},"jetpack_sharing_enabled":true,"_links":{"self":[{"href":"https:\/\/muvluxe.com\/it\/wp-json\/wp\/v2\/product\/21014","targetHints":{"allow":["GET"]}}],"collection":[{"href":"https:\/\/muvluxe.com\/it\/wp-json\/wp\/v2\/product"}],"about":[{"href":"https:\/\/muvluxe.com\/it\/wp-json\/wp\/v2\/types\/product"}],"wp:featuredmedia":[{"embeddable":true,"href":"https:\/\/muvluxe.com\/it\/wp-json\/wp\/v2\/media\/21011"}],"wp:attachment":[{"href":"https:\/\/muvluxe.com\/it\/wp-json\/wp\/v2\/media?parent=21014"}],"wp:term":[{"taxonomy":"product_brand","embeddable":true,"href":"https:\/\/muvluxe.com\/it\/wp-json\/wp\/v2\/product_brand?post=21014"},{"taxonomy":"product_cat","embeddable":true,"href":"https:\/\/muvluxe.com\/it\/wp-json\/wp\/v2\/product_cat?post=21014"},{"taxonomy":"product_tag","embeddable":true,"href":"https:\/\/muvluxe.com\/it\/wp-json\/wp\/v2\/product_tag?post=21014"}],"curies":[{"name":"wp","href":"https:\/\/api.w.org\/{rel}","templated":true}]}}