{"id":21083,"date":"2025-07-16T13:45:26","date_gmt":"2025-07-16T13:45:26","guid":{"rendered":"https:\/\/muvluxe.com\/product\/veneer\/"},"modified":"2025-10-15T16:45:55","modified_gmt":"2025-10-15T16:45:55","slug":"veneer","status":"publish","type":"product","link":"https:\/\/muvluxe.com\/it\/prodotto\/veneer\/","title":{"rendered":"Veneer"},"content":{"rendered":"<p>Svelato per la prima volta nel 2001 con il pacchetto&nbsp;<strong>Brutto ducking<\/strong>, L\u00e0&nbsp;<strong>Dunk Low Impiallacciatura<\/strong>&nbsp;Tanto ambito dai primi fan sta ottenendo un lifting con una nuova edizione 2020.<\/p>\n<p>L\u00e0&nbsp;<strong>NIKE Dunk Low Impiallacciatura (2020)<\/strong>&nbsp;\u00e8 adornato con una parte superiore&nbsp;<strong>Svezia<\/strong>&nbsp;Tonalit\u00e0 di miscelazione premium di kaki, marrone e verde viola. Lo swoosh laterale viola \u00e8 abbinato a lacci e suola per un risultato colorato. Branding \u201c<strong>NIKE<\/strong>\u201c\u00c8 applicato al rinforzo nella Svezia viola del tallone. Infine, un\u2019intersuola bianca porta il tocco finale a questa ristampa!<\/p>\n<p>Per mantenere uno dei suoi pi\u00f9 grandi successi dell\u2019anno 2020 in The Heat of the Heat, la societ\u00e0 Beaverton ribadisce un colore che dovrebbe deliziare i fan&nbsp;<strong>OG<\/strong>&nbsp;Silhouette!<\/p>\n<p><span style=\"font-size: 14.4px\">otto i riflettori, l\u2019azienda di Beaverton sta reiterando una colorway che dovrebbe deliziare i fan <\/span><strong style=\"font-size: 14.4px\">OG<\/strong><span style=\"font-size: 14.4px\"> della silhouette!<\/span><\/p>\n<p>&nbsp;<\/p>","protected":false},"excerpt":{"rendered":"<p>Svelato per la prima volta nel 2001 con il pacchetto&nbsp;Brutto ducking, L\u00e0&nbsp;Dunk Low Impiallacciatura&nbsp;Tanto ambito dai primi fan sta ottenendo un lifting con una nuova edizione 2020. L\u00e0&nbsp;NIKE Dunk Low Impiallacciatura (2020)&nbsp;\u00e8 adornato con una parte superiore&nbsp;Svezia&nbsp;Tonalit\u00e0 di miscelazione premium di kaki, marrone e verde viola. Lo swoosh laterale viola \u00e8 abbinato a lacci e [&hellip;]<\/p>\n","protected":false},"featured_media":21079,"template":"","meta":[],"product_brand":[302],"product_cat":[15,304,293],"product_tag":[],"class_list":{"0":"post-21083","1":"product","2":"type-product","3":"status-publish","4":"has-post-thumbnail","6":"product_brand-nike","7":"product_cat-all","8":"product_cat-dunk-low","9":"product_cat-sneakers","11":"first","12":"instock","13":"sale","14":"shipping-taxable","15":"purchasable","16":"product-type-variable"},"jetpack_sharing_enabled":true,"_links":{"self":[{"href":"https:\/\/muvluxe.com\/it\/wp-json\/wp\/v2\/product\/21083","targetHints":{"allow":["GET"]}}],"collection":[{"href":"https:\/\/muvluxe.com\/it\/wp-json\/wp\/v2\/product"}],"about":[{"href":"https:\/\/muvluxe.com\/it\/wp-json\/wp\/v2\/types\/product"}],"wp:featuredmedia":[{"embeddable":true,"href":"https:\/\/muvluxe.com\/it\/wp-json\/wp\/v2\/media\/21079"}],"wp:attachment":[{"href":"https:\/\/muvluxe.com\/it\/wp-json\/wp\/v2\/media?parent=21083"}],"wp:term":[{"taxonomy":"product_brand","embeddable":true,"href":"https:\/\/muvluxe.com\/it\/wp-json\/wp\/v2\/product_brand?post=21083"},{"taxonomy":"product_cat","embeddable":true,"href":"https:\/\/muvluxe.com\/it\/wp-json\/wp\/v2\/product_cat?post=21083"},{"taxonomy":"product_tag","embeddable":true,"href":"https:\/\/muvluxe.com\/it\/wp-json\/wp\/v2\/product_tag?post=21083"}],"curies":[{"name":"wp","href":"https:\/\/api.w.org\/{rel}","templated":true}]}}