{"id":21526,"date":"2025-07-16T13:50:52","date_gmt":"2025-07-16T13:50:52","guid":{"rendered":"https:\/\/muvluxe.com\/product\/crater-light-photo-blue\/"},"modified":"2025-10-15T16:44:53","modified_gmt":"2025-10-15T16:44:53","slug":"crater-light-photo-blue","status":"publish","type":"product","link":"https:\/\/muvluxe.com\/it\/prodotto\/crater-light-photo-blue\/","title":{"rendered":"Crater Light Photo Blue"},"content":{"rendered":"<p>Il marchio a&nbsp;<strong>Swoosh<\/strong>&nbsp;ci offre una nuova versione&nbsp;<strong>ecologico<\/strong>&nbsp;Dal suo modello retr\u00f2, riservato esclusivamente per piccoli piedi!<\/p>\n<p>L\u00e0&nbsp;<strong>Nike Dunk Low Cratere Light Photo Blue&nbsp;<\/strong>\u00c8 adornato con un\u2019asta in&nbsp;<strong>pelle nera<\/strong>&nbsp;Avviato da sovrapposizioni in pelle&nbsp;<strong>blu royal<\/strong>. Uno swoosh&nbsp;<strong>Verde turquoise<\/strong>&nbsp;sorge sui pannelli della silhouette e concorda attentamente per i marchi Nike lingua. Questo sfoggia&nbsp;<strong>Lacci bianchi<\/strong>&nbsp;che contrastano con il resto della tomaia. Stampa&nbsp;<strong>Cratere<\/strong>&nbsp;Distribuito sul tallone e poi sulla suola. Fa eco all\u2019uso di materiali riciclati che hanno permesso l\u2019assemblaggio della coppia.<\/p>\n<p>Questa&nbsp;<strong>Nike Dunk Low<\/strong>&nbsp;senza precedenti fa parte della collezione&nbsp;<strong>Passa a zero<\/strong>&nbsp;che mira a ridurre l\u2019impronta di carbonio e quindi favorire lo sviluppo sostenibile.<strong><br \/>\n<\/strong><\/p>","protected":false},"excerpt":{"rendered":"<p>Il marchio a&nbsp;Swoosh&nbsp;ci offre una nuova versione&nbsp;ecologico&nbsp;Dal suo modello retr\u00f2, riservato esclusivamente per piccoli piedi! L\u00e0&nbsp;Nike Dunk Low Cratere Light Photo Blue&nbsp;\u00c8 adornato con un\u2019asta in&nbsp;pelle nera&nbsp;Avviato da sovrapposizioni in pelle&nbsp;blu royal. Uno swoosh&nbsp;Verde turquoise&nbsp;sorge sui pannelli della silhouette e concorda attentamente per i marchi Nike lingua. Questo sfoggia&nbsp;Lacci bianchi&nbsp;che contrastano con il resto della [&hellip;]<\/p>\n","protected":false},"featured_media":21523,"template":"","meta":[],"product_brand":[302],"product_cat":[15,304,293],"product_tag":[],"class_list":{"0":"post-21526","1":"product","2":"type-product","3":"status-publish","4":"has-post-thumbnail","6":"product_brand-nike","7":"product_cat-all","8":"product_cat-dunk-low","9":"product_cat-sneakers","11":"first","12":"instock","13":"sale","14":"shipping-taxable","15":"purchasable","16":"product-type-variable"},"jetpack_sharing_enabled":true,"_links":{"self":[{"href":"https:\/\/muvluxe.com\/it\/wp-json\/wp\/v2\/product\/21526","targetHints":{"allow":["GET"]}}],"collection":[{"href":"https:\/\/muvluxe.com\/it\/wp-json\/wp\/v2\/product"}],"about":[{"href":"https:\/\/muvluxe.com\/it\/wp-json\/wp\/v2\/types\/product"}],"wp:featuredmedia":[{"embeddable":true,"href":"https:\/\/muvluxe.com\/it\/wp-json\/wp\/v2\/media\/21523"}],"wp:attachment":[{"href":"https:\/\/muvluxe.com\/it\/wp-json\/wp\/v2\/media?parent=21526"}],"wp:term":[{"taxonomy":"product_brand","embeddable":true,"href":"https:\/\/muvluxe.com\/it\/wp-json\/wp\/v2\/product_brand?post=21526"},{"taxonomy":"product_cat","embeddable":true,"href":"https:\/\/muvluxe.com\/it\/wp-json\/wp\/v2\/product_cat?post=21526"},{"taxonomy":"product_tag","embeddable":true,"href":"https:\/\/muvluxe.com\/it\/wp-json\/wp\/v2\/product_tag?post=21526"}],"curies":[{"name":"wp","href":"https:\/\/api.w.org\/{rel}","templated":true}]}}