{"id":21705,"date":"2025-07-16T13:53:17","date_gmt":"2025-07-16T13:53:17","guid":{"rendered":"https:\/\/muvluxe.com\/product\/sp-college-navy\/"},"modified":"2025-10-15T16:44:46","modified_gmt":"2025-10-15T16:44:46","slug":"sp-college-navy","status":"publish","type":"product","link":"https:\/\/muvluxe.com\/it\/prodotto\/sp-college-navy\/","title":{"rendered":"SP College Navy"},"content":{"rendered":"<p>Quest\u2019anno di nuovo, il&nbsp;<strong>Dunk<\/strong>&nbsp;\u00e8 inevitabilmente in tutte le menti, attesta il numero di nuove versioni presentate negli ultimi mesi. Se la sua ricomparsa sulla scena sneakers pu\u00f2 creare un dibattito, \u00e8 sempre con ammirazione che scopriamo i nuovi colori offerti da Nike.<\/p>\n<p>L\u00e0&nbsp;<strong>Nike Dunk Low SP College Navy<\/strong>&nbsp;Presenta a&nbsp;<strong>bicolore<\/strong>, degno del primo Dunk. La sua base in pelle \u00e8 immacolata di&nbsp;<strong>grigio<\/strong>&nbsp;e di&nbsp;<strong>blu navy<\/strong>. I pannelli grigi coprono la guardia del fango, le aree di allacciatura e la parte posteriore della coppia mentre le parti blu blu sul resto della coppia portano contrasto. Branding Nike ricamato in&nbsp;<strong>rosso<\/strong>&nbsp;Sul tallone solleva il design e completa il codice colore. \u00c8 lo stesso per il marchio della scheda. Infine, il tutto poggia su una suola bianca e grigia.<\/p>\n<p>Non \u00e8 pi\u00f9 da dimostrare a nessuno, lo swoosh eccelle nell\u2019arte di mettere il suo&nbsp;<strong>Modelli retr\u00f2<\/strong>&nbsp;aggiornato, abbastanza per deliziare gli amanti di Dunk Chi sar\u00e0 necessariamente in grado di trovare una scarpa al piede nel 2021!<\/p>\n<p>&nbsp;<\/p>\n<p>&nbsp;<\/p>","protected":false},"excerpt":{"rendered":"<p>Quest\u2019anno di nuovo, il&nbsp;Dunk&nbsp;\u00e8 inevitabilmente in tutte le menti, attesta il numero di nuove versioni presentate negli ultimi mesi. Se la sua ricomparsa sulla scena sneakers pu\u00f2 creare un dibattito, \u00e8 sempre con ammirazione che scopriamo i nuovi colori offerti da Nike. L\u00e0&nbsp;Nike Dunk Low SP College Navy&nbsp;Presenta a&nbsp;bicolore, degno del primo Dunk. La sua [&hellip;]<\/p>\n","protected":false},"featured_media":21701,"template":"","meta":[],"product_brand":[302],"product_cat":[15,304,293],"product_tag":[],"class_list":{"0":"post-21705","1":"product","2":"type-product","3":"status-publish","4":"has-post-thumbnail","6":"product_brand-nike","7":"product_cat-all","8":"product_cat-dunk-low","9":"product_cat-sneakers","11":"first","12":"instock","13":"sale","14":"shipping-taxable","15":"purchasable","16":"product-type-variable"},"jetpack_sharing_enabled":true,"_links":{"self":[{"href":"https:\/\/muvluxe.com\/it\/wp-json\/wp\/v2\/product\/21705","targetHints":{"allow":["GET"]}}],"collection":[{"href":"https:\/\/muvluxe.com\/it\/wp-json\/wp\/v2\/product"}],"about":[{"href":"https:\/\/muvluxe.com\/it\/wp-json\/wp\/v2\/types\/product"}],"wp:featuredmedia":[{"embeddable":true,"href":"https:\/\/muvluxe.com\/it\/wp-json\/wp\/v2\/media\/21701"}],"wp:attachment":[{"href":"https:\/\/muvluxe.com\/it\/wp-json\/wp\/v2\/media?parent=21705"}],"wp:term":[{"taxonomy":"product_brand","embeddable":true,"href":"https:\/\/muvluxe.com\/it\/wp-json\/wp\/v2\/product_brand?post=21705"},{"taxonomy":"product_cat","embeddable":true,"href":"https:\/\/muvluxe.com\/it\/wp-json\/wp\/v2\/product_cat?post=21705"},{"taxonomy":"product_tag","embeddable":true,"href":"https:\/\/muvluxe.com\/it\/wp-json\/wp\/v2\/product_tag?post=21705"}],"curies":[{"name":"wp","href":"https:\/\/api.w.org\/{rel}","templated":true}]}}