{"id":21793,"date":"2025-07-16T13:54:10","date_gmt":"2025-07-16T13:54:10","guid":{"rendered":"https:\/\/muvluxe.com\/product\/orange-pearl\/"},"modified":"2025-10-15T16:43:23","modified_gmt":"2025-10-15T16:43:23","slug":"orange-pearl","status":"publish","type":"product","link":"https:\/\/muvluxe.com\/it\/prodotto\/orange-pearl\/","title":{"rendered":"Orange Pearl"},"content":{"rendered":"<p>Reintrodotto attraverso i colori universitari del famoso pacchetto&nbsp;<strong>Sii fedele alla tua scuola<\/strong>, L\u00e0&nbsp;<strong>Nike Dunk<\/strong>&nbsp;riapparve in tutte le sue forme all\u2019inizio del 2021.<\/p>\n<p>L\u00e0&nbsp;<strong>Nike Dunk Low Orange Pearl<\/strong>&nbsp;Visualizza una tomaia pi\u00f9 classica, composta da pelle liscia. Tutto il fascino di design \u00e8 portato da un\u2019alternanza di pannelli&nbsp;<strong>Bianchi<\/strong>&nbsp;e un\u2019ombra&nbsp;<strong>rose arancia<\/strong>&nbsp;pastello.<\/p>\n<p>In occasione del ritorno della sua silhouette retr\u00f2, Nike Non raschiare la creativit\u00e0 e non cessa mai di offrire colori pi\u00f9 inediti, se riempire gli amanti incondizionati del modello o seguaci appena convinti \u2026<\/p>","protected":false},"excerpt":{"rendered":"<p>Reintrodotto attraverso i colori universitari del famoso pacchetto&nbsp;Sii fedele alla tua scuola, L\u00e0&nbsp;Nike Dunk&nbsp;riapparve in tutte le sue forme all\u2019inizio del 2021. L\u00e0&nbsp;Nike Dunk Low Orange Pearl&nbsp;Visualizza una tomaia pi\u00f9 classica, composta da pelle liscia. Tutto il fascino di design \u00e8 portato da un\u2019alternanza di pannelli&nbsp;Bianchi&nbsp;e un\u2019ombra&nbsp;rose arancia&nbsp;pastello. In occasione del ritorno della sua silhouette [&hellip;]<\/p>\n","protected":false},"featured_media":21791,"template":"","meta":[],"product_brand":[302],"product_cat":[15,304,293],"product_tag":[],"class_list":{"0":"post-21793","1":"product","2":"type-product","3":"status-publish","4":"has-post-thumbnail","6":"product_brand-nike","7":"product_cat-all","8":"product_cat-dunk-low","9":"product_cat-sneakers","11":"first","12":"instock","13":"sale","14":"shipping-taxable","15":"purchasable","16":"product-type-variable"},"jetpack_sharing_enabled":true,"_links":{"self":[{"href":"https:\/\/muvluxe.com\/it\/wp-json\/wp\/v2\/product\/21793","targetHints":{"allow":["GET"]}}],"collection":[{"href":"https:\/\/muvluxe.com\/it\/wp-json\/wp\/v2\/product"}],"about":[{"href":"https:\/\/muvluxe.com\/it\/wp-json\/wp\/v2\/types\/product"}],"wp:featuredmedia":[{"embeddable":true,"href":"https:\/\/muvluxe.com\/it\/wp-json\/wp\/v2\/media\/21791"}],"wp:attachment":[{"href":"https:\/\/muvluxe.com\/it\/wp-json\/wp\/v2\/media?parent=21793"}],"wp:term":[{"taxonomy":"product_brand","embeddable":true,"href":"https:\/\/muvluxe.com\/it\/wp-json\/wp\/v2\/product_brand?post=21793"},{"taxonomy":"product_cat","embeddable":true,"href":"https:\/\/muvluxe.com\/it\/wp-json\/wp\/v2\/product_cat?post=21793"},{"taxonomy":"product_tag","embeddable":true,"href":"https:\/\/muvluxe.com\/it\/wp-json\/wp\/v2\/product_tag?post=21793"}],"curies":[{"name":"wp","href":"https:\/\/api.w.org\/{rel}","templated":true}]}}