{"id":21927,"date":"2025-07-16T13:55:37","date_gmt":"2025-07-16T13:55:37","guid":{"rendered":"https:\/\/muvluxe.com\/product\/disrupt-multi-color\/"},"modified":"2025-10-15T16:43:18","modified_gmt":"2025-10-15T16:43:18","slug":"disrupt-multi-color","status":"publish","type":"product","link":"https:\/\/muvluxe.com\/it\/prodotto\/disrupt-multi-color\/","title":{"rendered":"Disrupt Multi-Color"},"content":{"rendered":"<p>Il marchio di Swoosh \u00e8 tornato con un nuovo&nbsp;<strong>Dunk Low Disrupt<\/strong>. Dopo edizioni con colori pastello,&nbsp;<strong>Nike<\/strong>&nbsp;ha optato per un file design Colore di alto livello!<\/p>\n<p>L\u00e0&nbsp;<strong>Nike Dunk Low Disrupt Multicolore<\/strong>&nbsp;Visualizza una base in&nbsp;<strong>maglia<\/strong>&nbsp;giallo e bianco, notato dai pannelli in&nbsp;<strong>pelle<\/strong>&nbsp;Blu, verde e rosso. Notiamo la presenza della solita spina dorsale e l\u2019intersuola con un aspetto distrutto. Una suola nera in semplicit\u00e0 completa il tutto.<\/p>\n<p>Il marchio a&nbsp;<strong>Swoosh<\/strong>&nbsp;Respira un vento di modernit\u00e0 su uno dei suoi modelli pi\u00f9 alla moda del momento grazie alle linee rielaborate e ad un aspetto sempre pi\u00f9&nbsp;<strong>avanguardia.<\/strong><\/p>\n<p>&nbsp;<\/p>","protected":false},"excerpt":{"rendered":"<p>Il marchio di Swoosh \u00e8 tornato con un nuovo&nbsp;Dunk Low Disrupt. Dopo edizioni con colori pastello,&nbsp;Nike&nbsp;ha optato per un file design Colore di alto livello! L\u00e0&nbsp;Nike Dunk Low Disrupt Multicolore&nbsp;Visualizza una base in&nbsp;maglia&nbsp;giallo e bianco, notato dai pannelli in&nbsp;pelle&nbsp;Blu, verde e rosso. Notiamo la presenza della solita spina dorsale e l\u2019intersuola con un aspetto distrutto. [&hellip;]<\/p>\n","protected":false},"featured_media":21924,"template":"","meta":[],"product_brand":[302],"product_cat":[15,304,293],"product_tag":[],"class_list":{"0":"post-21927","1":"product","2":"type-product","3":"status-publish","4":"has-post-thumbnail","6":"product_brand-nike","7":"product_cat-all","8":"product_cat-dunk-low","9":"product_cat-sneakers","11":"first","12":"instock","13":"sale","14":"shipping-taxable","15":"purchasable","16":"product-type-variable"},"jetpack_sharing_enabled":true,"_links":{"self":[{"href":"https:\/\/muvluxe.com\/it\/wp-json\/wp\/v2\/product\/21927","targetHints":{"allow":["GET"]}}],"collection":[{"href":"https:\/\/muvluxe.com\/it\/wp-json\/wp\/v2\/product"}],"about":[{"href":"https:\/\/muvluxe.com\/it\/wp-json\/wp\/v2\/types\/product"}],"wp:featuredmedia":[{"embeddable":true,"href":"https:\/\/muvluxe.com\/it\/wp-json\/wp\/v2\/media\/21924"}],"wp:attachment":[{"href":"https:\/\/muvluxe.com\/it\/wp-json\/wp\/v2\/media?parent=21927"}],"wp:term":[{"taxonomy":"product_brand","embeddable":true,"href":"https:\/\/muvluxe.com\/it\/wp-json\/wp\/v2\/product_brand?post=21927"},{"taxonomy":"product_cat","embeddable":true,"href":"https:\/\/muvluxe.com\/it\/wp-json\/wp\/v2\/product_cat?post=21927"},{"taxonomy":"product_tag","embeddable":true,"href":"https:\/\/muvluxe.com\/it\/wp-json\/wp\/v2\/product_tag?post=21927"}],"curies":[{"name":"wp","href":"https:\/\/api.w.org\/{rel}","templated":true}]}}