{"id":21949,"date":"2025-07-16T13:55:51","date_gmt":"2025-07-16T13:55:51","guid":{"rendered":"https:\/\/muvluxe.com\/product\/disrupt-cactus-flower\/"},"modified":"2025-10-15T16:42:43","modified_gmt":"2025-10-15T16:42:43","slug":"disrupt-cactus-flower","status":"publish","type":"product","link":"https:\/\/muvluxe.com\/it\/prodotto\/disrupt-cactus-flower\/","title":{"rendered":"Disrupt Cactus Flower"},"content":{"rendered":"<p class=\"p1\">Il marchio Beaverton continua le varianti della sua nuova silhouette&nbsp;<strong>Dunk Low Disrupt<\/strong>. Dopo il&nbsp;<span class=\"s1\"><b>Multicolore<\/b><\/span>, questo \u00e8 il colore \u201c<b>Fiore di cactus<\/b>\u201cChe \u00e8 onorato.<\/p>\n<p class=\"p1\">L\u00e0&nbsp;<b>Nike Dunk Low Disrupt Fiore di cactus<\/b>&nbsp;Visualizza una base in&nbsp;<b>pelle<\/b>&nbsp;<b>bianco<\/b>, la silhouette indossa&nbsp;<b>pannelli<\/b>&nbsp;<b>viola<\/b>, due colori che verranno mescolati con i marchi del modello. Troviamo la spina dorsale e l\u2019aspetto&nbsp;<b>non strutturato<\/b>&nbsp;Sull\u2019intersuola per un aspetto pi\u00f9 moderno. Una suola&nbsp;<b>abbinamento<\/b>&nbsp;Al tutto il Silhouette viene aggiunto.<\/p>\n<p class=\"p1\">Il marchio a&nbsp;<b>Swoosh<\/b>&nbsp;Respira un vento di modernit\u00e0 su uno dei suoi modelli pi\u00f9 iconici grazie a linee rielaborate e un aspetto sempre pi\u00f9&nbsp;<b>avanguardia<\/b>.<\/p>","protected":false},"excerpt":{"rendered":"<p>Il marchio Beaverton continua le varianti della sua nuova silhouette&nbsp;Dunk Low Disrupt. Dopo il&nbsp;Multicolore, questo \u00e8 il colore \u201cFiore di cactus\u201cChe \u00e8 onorato. L\u00e0&nbsp;Nike Dunk Low Disrupt Fiore di cactus&nbsp;Visualizza una base in&nbsp;pelle&nbsp;bianco, la silhouette indossa&nbsp;pannelli&nbsp;viola, due colori che verranno mescolati con i marchi del modello. Troviamo la spina dorsale e l\u2019aspetto&nbsp;non strutturato&nbsp;Sull\u2019intersuola per un [&hellip;]<\/p>\n","protected":false},"featured_media":21946,"template":"","meta":[],"product_brand":[302],"product_cat":[15,304,293],"product_tag":[],"class_list":{"0":"post-21949","1":"product","2":"type-product","3":"status-publish","4":"has-post-thumbnail","6":"product_brand-nike","7":"product_cat-all","8":"product_cat-dunk-low","9":"product_cat-sneakers","11":"first","12":"instock","13":"sale","14":"shipping-taxable","15":"purchasable","16":"product-type-variable"},"jetpack_sharing_enabled":true,"_links":{"self":[{"href":"https:\/\/muvluxe.com\/it\/wp-json\/wp\/v2\/product\/21949","targetHints":{"allow":["GET"]}}],"collection":[{"href":"https:\/\/muvluxe.com\/it\/wp-json\/wp\/v2\/product"}],"about":[{"href":"https:\/\/muvluxe.com\/it\/wp-json\/wp\/v2\/types\/product"}],"wp:featuredmedia":[{"embeddable":true,"href":"https:\/\/muvluxe.com\/it\/wp-json\/wp\/v2\/media\/21946"}],"wp:attachment":[{"href":"https:\/\/muvluxe.com\/it\/wp-json\/wp\/v2\/media?parent=21949"}],"wp:term":[{"taxonomy":"product_brand","embeddable":true,"href":"https:\/\/muvluxe.com\/it\/wp-json\/wp\/v2\/product_brand?post=21949"},{"taxonomy":"product_cat","embeddable":true,"href":"https:\/\/muvluxe.com\/it\/wp-json\/wp\/v2\/product_cat?post=21949"},{"taxonomy":"product_tag","embeddable":true,"href":"https:\/\/muvluxe.com\/it\/wp-json\/wp\/v2\/product_tag?post=21949"}],"curies":[{"name":"wp","href":"https:\/\/api.w.org\/{rel}","templated":true}]}}