{"id":21971,"date":"2025-07-16T13:56:07","date_gmt":"2025-07-16T13:56:07","guid":{"rendered":"https:\/\/muvluxe.com\/product\/community-garden\/"},"modified":"2025-10-15T16:42:43","modified_gmt":"2025-10-15T16:42:43","slug":"community-garden","status":"publish","type":"product","link":"https:\/\/muvluxe.com\/it\/prodotto\/community-garden\/","title":{"rendered":"Community Garden"},"content":{"rendered":"<p class=\"p1\">Una delle pi\u00f9&nbsp;<strong>apprezzato<\/strong>&nbsp;dell\u2019anno 2020 ritorna con un nuovo colore che rende la comunit\u00e0 del Sneakers.<\/p>\n<p class=\"p1\">L\u00e0&nbsp;<strong>Nike Dunk Low Giardino comunitario<\/strong>&nbsp;\u00e8 adornato con a design&nbsp;<strong>patchwork<\/strong>&nbsp;Composto da una moltitudine di stampe. Per lo pi\u00f9 mescolando tonalit\u00e0 verdi e bordeautiche, uno swoosh in pelle gialla contrasta la coppia. IL design termina su una suola dotata di a&nbsp;<strong>suola<\/strong>&nbsp;giallo pallido.<\/p>\n<p class=\"p1\">Un modello gi\u00e0 molto popolare con design colorato e costruzione&nbsp;<strong>Premium<\/strong>, questa coppia promette gi\u00e0 di essere una delle pi\u00f9 grandi uscite dell\u2019anno!<\/p>\n<p class=\"p1\">","protected":false},"excerpt":{"rendered":"<p>Una delle pi\u00f9&nbsp;apprezzato&nbsp;dell\u2019anno 2020 ritorna con un nuovo colore che rende la comunit\u00e0 del Sneakers. L\u00e0&nbsp;Nike Dunk Low Giardino comunitario&nbsp;\u00e8 adornato con a design&nbsp;patchwork&nbsp;Composto da una moltitudine di stampe. Per lo pi\u00f9 mescolando tonalit\u00e0 verdi e bordeautiche, uno swoosh in pelle gialla contrasta la coppia. IL design termina su una suola dotata di a&nbsp;suola&nbsp;giallo pallido. [&hellip;]<\/p>\n","protected":false},"featured_media":21968,"template":"","meta":[],"product_brand":[302],"product_cat":[15,304,293],"product_tag":[],"class_list":{"0":"post-21971","1":"product","2":"type-product","3":"status-publish","4":"has-post-thumbnail","6":"product_brand-nike","7":"product_cat-all","8":"product_cat-dunk-low","9":"product_cat-sneakers","11":"first","12":"instock","13":"sale","14":"shipping-taxable","15":"purchasable","16":"product-type-variable"},"jetpack_sharing_enabled":true,"_links":{"self":[{"href":"https:\/\/muvluxe.com\/it\/wp-json\/wp\/v2\/product\/21971","targetHints":{"allow":["GET"]}}],"collection":[{"href":"https:\/\/muvluxe.com\/it\/wp-json\/wp\/v2\/product"}],"about":[{"href":"https:\/\/muvluxe.com\/it\/wp-json\/wp\/v2\/types\/product"}],"wp:featuredmedia":[{"embeddable":true,"href":"https:\/\/muvluxe.com\/it\/wp-json\/wp\/v2\/media\/21968"}],"wp:attachment":[{"href":"https:\/\/muvluxe.com\/it\/wp-json\/wp\/v2\/media?parent=21971"}],"wp:term":[{"taxonomy":"product_brand","embeddable":true,"href":"https:\/\/muvluxe.com\/it\/wp-json\/wp\/v2\/product_brand?post=21971"},{"taxonomy":"product_cat","embeddable":true,"href":"https:\/\/muvluxe.com\/it\/wp-json\/wp\/v2\/product_cat?post=21971"},{"taxonomy":"product_tag","embeddable":true,"href":"https:\/\/muvluxe.com\/it\/wp-json\/wp\/v2\/product_tag?post=21971"}],"curies":[{"name":"wp","href":"https:\/\/api.w.org\/{rel}","templated":true}]}}