{"id":22106,"date":"2025-07-16T14:25:00","date_gmt":"2025-07-16T14:25:00","guid":{"rendered":"https:\/\/muvluxe.com\/product\/bordeaux-3\/"},"modified":"2025-10-15T16:42:37","modified_gmt":"2025-10-15T16:42:37","slug":"bordeaux-3","status":"publish","type":"product","link":"https:\/\/muvluxe.com\/it\/prodotto\/bordeaux-3\/","title":{"rendered":"Bordeaux"},"content":{"rendered":"<div>\n<p>Il popolare Low-Top \u00e8 adornato con un colore che ha gi\u00e0 vinto nel cuore della comunit\u00e0. Gi\u00e0 visto sul&nbsp;<strong>Nike Dunk High Squadra a vela Red<\/strong>, il colore di Bordeaux viene a prendere il&nbsp;<strong>Nike Dunk Low<\/strong>&nbsp;!<\/p>\n<p>L\u00e0&nbsp;<strong>Nike Dunk Low Bordeaux<\/strong>&nbsp;Visualizza la solita tomaia in pelle&nbsp;<strong>bianco<\/strong>, sublimate da sovrapposizioni in&nbsp;<strong>pelle bordeaux<\/strong>&nbsp;Su occhiali, parafango e tallone. Gli elementi di&nbsp;<strong>Branding<\/strong>&nbsp;Sulla lingua e sul tallone estendono l\u2019associazione dei colori. Un\u2019intersuola bianca accoppiata con una suola bordeaux completa il tutto.<\/p>\n<p>Questa nuova edizione si unisce all\u2019elenco dei colori presente sia nelle versioni High E Low !<\/p>\n<\/div>","protected":false},"excerpt":{"rendered":"<p>Il popolare Low-Top \u00e8 adornato con un colore che ha gi\u00e0 vinto nel cuore della comunit\u00e0. Gi\u00e0 visto sul&nbsp;Nike Dunk High Squadra a vela Red, il colore di Bordeaux viene a prendere il&nbsp;Nike Dunk Low&nbsp;! L\u00e0&nbsp;Nike Dunk Low Bordeaux&nbsp;Visualizza la solita tomaia in pelle&nbsp;bianco, sublimate da sovrapposizioni in&nbsp;pelle bordeaux&nbsp;Su occhiali, parafango e tallone. Gli elementi [&hellip;]<\/p>\n","protected":false},"featured_media":22102,"template":"","meta":[],"product_brand":[302],"product_cat":[15,304,293],"product_tag":[],"class_list":{"0":"post-22106","1":"product","2":"type-product","3":"status-publish","4":"has-post-thumbnail","6":"product_brand-nike","7":"product_cat-all","8":"product_cat-dunk-low","9":"product_cat-sneakers","11":"first","12":"instock","13":"sale","14":"shipping-taxable","15":"purchasable","16":"product-type-variable"},"jetpack_sharing_enabled":true,"_links":{"self":[{"href":"https:\/\/muvluxe.com\/it\/wp-json\/wp\/v2\/product\/22106","targetHints":{"allow":["GET"]}}],"collection":[{"href":"https:\/\/muvluxe.com\/it\/wp-json\/wp\/v2\/product"}],"about":[{"href":"https:\/\/muvluxe.com\/it\/wp-json\/wp\/v2\/types\/product"}],"wp:featuredmedia":[{"embeddable":true,"href":"https:\/\/muvluxe.com\/it\/wp-json\/wp\/v2\/media\/22102"}],"wp:attachment":[{"href":"https:\/\/muvluxe.com\/it\/wp-json\/wp\/v2\/media?parent=22106"}],"wp:term":[{"taxonomy":"product_brand","embeddable":true,"href":"https:\/\/muvluxe.com\/it\/wp-json\/wp\/v2\/product_brand?post=22106"},{"taxonomy":"product_cat","embeddable":true,"href":"https:\/\/muvluxe.com\/it\/wp-json\/wp\/v2\/product_cat?post=22106"},{"taxonomy":"product_tag","embeddable":true,"href":"https:\/\/muvluxe.com\/it\/wp-json\/wp\/v2\/product_tag?post=22106"}],"curies":[{"name":"wp","href":"https:\/\/api.w.org\/{rel}","templated":true}]}}