{"id":25377,"date":"2025-07-16T17:25:55","date_gmt":"2025-07-16T17:25:55","guid":{"rendered":"https:\/\/muvluxe.com\/product\/beluga-2-0\/"},"modified":"2025-10-15T13:31:21","modified_gmt":"2025-10-15T13:31:21","slug":"beluga-2-0","status":"publish","type":"product","link":"https:\/\/muvluxe.com\/it\/prodotto\/beluga-2-0\/","title":{"rendered":"Beluga 2.0"},"content":{"rendered":"<p>Non pi\u00f9 per presentare il&nbsp;<strong>Adidas Yeezy Boost 350 V2<\/strong>. Dal rilascio del Beluga Nel settembre 2016 sono nati pi\u00f9 di 10 colori, ciascuno esaurito poche ore dopo la sua uscita.<\/p>\n<p>Assunzione dei colori del Yeezy Boost 350 V2<strong>&nbsp;<\/strong>OG Invertendo i toni di \u201d stripe \u201cE\u201d SPLY \u2013 350 \u201c. La scarpa Primeknit \u00e8 costituita dal suo motivo Zebrate grigio chiaro e grigio scuro. Troviamo note di orange Nella scheda del tallone e per scrivere \u201cSPLY-350\u201d.<\/p>\n<p>L\u00e0 Beluga 2.0 fa parte del trio di questo inverno, riunendo il&nbsp;<strong>Semi Frozen Yellow<\/strong>&nbsp;e il&nbsp;<strong>Blue Tint<\/strong>. Con questo modello, Kanye West e Adidas volevano dare l\u2019opportunit\u00e0 di rendere questa silhouette pi\u00f9 accessibile, che di solito \u00e8 estremamente limitata.<\/p>","protected":false},"excerpt":{"rendered":"<p>Non pi\u00f9 per presentare il&nbsp;Adidas Yeezy Boost 350 V2. Dal rilascio del Beluga Nel settembre 2016 sono nati pi\u00f9 di 10 colori, ciascuno esaurito poche ore dopo la sua uscita. Assunzione dei colori del Yeezy Boost 350 V2&nbsp;OG Invertendo i toni di \u201d stripe \u201cE\u201d SPLY \u2013 350 \u201c. La scarpa Primeknit \u00e8 costituita dal [&hellip;]<\/p>\n","protected":false},"featured_media":25373,"template":"","meta":[],"product_brand":[311],"product_cat":[15,293,313],"product_tag":[],"class_list":{"0":"post-25377","1":"product","2":"type-product","3":"status-publish","4":"has-post-thumbnail","6":"product_brand-yeezy","7":"product_cat-all","8":"product_cat-sneakers","9":"product_cat-yeezy-350","11":"first","12":"instock","13":"sale","14":"shipping-taxable","15":"purchasable","16":"product-type-variable"},"jetpack_sharing_enabled":true,"_links":{"self":[{"href":"https:\/\/muvluxe.com\/it\/wp-json\/wp\/v2\/product\/25377","targetHints":{"allow":["GET"]}}],"collection":[{"href":"https:\/\/muvluxe.com\/it\/wp-json\/wp\/v2\/product"}],"about":[{"href":"https:\/\/muvluxe.com\/it\/wp-json\/wp\/v2\/types\/product"}],"wp:featuredmedia":[{"embeddable":true,"href":"https:\/\/muvluxe.com\/it\/wp-json\/wp\/v2\/media\/25373"}],"wp:attachment":[{"href":"https:\/\/muvluxe.com\/it\/wp-json\/wp\/v2\/media?parent=25377"}],"wp:term":[{"taxonomy":"product_brand","embeddable":true,"href":"https:\/\/muvluxe.com\/it\/wp-json\/wp\/v2\/product_brand?post=25377"},{"taxonomy":"product_cat","embeddable":true,"href":"https:\/\/muvluxe.com\/it\/wp-json\/wp\/v2\/product_cat?post=25377"},{"taxonomy":"product_tag","embeddable":true,"href":"https:\/\/muvluxe.com\/it\/wp-json\/wp\/v2\/product_tag?post=25377"}],"curies":[{"name":"wp","href":"https:\/\/api.w.org\/{rel}","templated":true}]}}