{"id":25641,"date":"2025-07-16T17:28:17","date_gmt":"2025-07-16T17:28:17","guid":{"rendered":"https:\/\/muvluxe.com\/product\/yecheil-reflective\/"},"modified":"2025-10-15T13:29:51","modified_gmt":"2025-10-15T13:29:51","slug":"yecheil-reflective","status":"publish","type":"product","link":"https:\/\/muvluxe.com\/it\/prodotto\/yecheil-reflective\/","title":{"rendered":"Yecheil (Reflective)"},"content":{"rendered":"<p>Rivelato nel 2015, la collezione&nbsp;Yeezy, immaginato dal rapper Kanye West, continua a ottenere un lifting. Questo \u00e8 tanto pi\u00f9 il caso per il&nbsp;Yeezy Boost 350 V2&nbsp;i cui nuovi colori proliferano.<\/p>\n<p>Per questa nuova colorazione&nbsp;<strong>Yecheil<\/strong>, Yeezy Mostra audacia e opta per l\u2019originalit\u00e0. La rottura \u00e8 sorprendente rispetto ai pallet solitamente utilizzati. In effetti, le tonalit\u00e0 naturali e abbastanza neutre di Yeezy sono stati sostituiti da una miscela di&nbsp;<strong>colori luminosi<\/strong>. La tomaia Primeknit \u00e8 multicolore. La tessitura nera di base rivela diversi fili di colori diversi: bordeaux, rosso, viola, giallo, rose, verde blu. I colori sono distribuiti linearmente sulla scarpa, lasciando il suo solito posto al marchio. Per ogni colore, la tessitura \u00e8 diversa, il che offre una stampa e un effetto di asimmetria molto efficace. Elemento essenziale, tecnologia Boost \u00e8 usato per la suola nera. E poich\u00e9 ogni dettaglio conta, i lacci rotondi occupano anche il codice colore della coppia.<\/p>\n<p>Questo rifacimento innovativo, disponibile e non riflettente porter\u00e0 colore alle collezioni dei fan del marchio.<\/p>\n<p>&nbsp;<\/p>","protected":false},"excerpt":{"rendered":"<p>Rivelato nel 2015, la collezione&nbsp;Yeezy, immaginato dal rapper Kanye West, continua a ottenere un lifting. Questo \u00e8 tanto pi\u00f9 il caso per il&nbsp;Yeezy Boost 350 V2&nbsp;i cui nuovi colori proliferano. Per questa nuova colorazione&nbsp;Yecheil, Yeezy Mostra audacia e opta per l\u2019originalit\u00e0. La rottura \u00e8 sorprendente rispetto ai pallet solitamente utilizzati. In effetti, le tonalit\u00e0 naturali [&hellip;]<\/p>\n","protected":false},"featured_media":25638,"template":"","meta":[],"product_brand":[311],"product_cat":[15,293,313],"product_tag":[],"class_list":{"0":"post-25641","1":"product","2":"type-product","3":"status-publish","4":"has-post-thumbnail","6":"product_brand-yeezy","7":"product_cat-all","8":"product_cat-sneakers","9":"product_cat-yeezy-350","11":"first","12":"instock","13":"sale","14":"shipping-taxable","15":"purchasable","16":"product-type-variable"},"jetpack_sharing_enabled":true,"_links":{"self":[{"href":"https:\/\/muvluxe.com\/it\/wp-json\/wp\/v2\/product\/25641","targetHints":{"allow":["GET"]}}],"collection":[{"href":"https:\/\/muvluxe.com\/it\/wp-json\/wp\/v2\/product"}],"about":[{"href":"https:\/\/muvluxe.com\/it\/wp-json\/wp\/v2\/types\/product"}],"wp:featuredmedia":[{"embeddable":true,"href":"https:\/\/muvluxe.com\/it\/wp-json\/wp\/v2\/media\/25638"}],"wp:attachment":[{"href":"https:\/\/muvluxe.com\/it\/wp-json\/wp\/v2\/media?parent=25641"}],"wp:term":[{"taxonomy":"product_brand","embeddable":true,"href":"https:\/\/muvluxe.com\/it\/wp-json\/wp\/v2\/product_brand?post=25641"},{"taxonomy":"product_cat","embeddable":true,"href":"https:\/\/muvluxe.com\/it\/wp-json\/wp\/v2\/product_cat?post=25641"},{"taxonomy":"product_tag","embeddable":true,"href":"https:\/\/muvluxe.com\/it\/wp-json\/wp\/v2\/product_tag?post=25641"}],"curies":[{"name":"wp","href":"https:\/\/api.w.org\/{rel}","templated":true}]}}