{"id":25803,"date":"2025-07-16T17:30:03","date_gmt":"2025-07-16T17:30:03","guid":{"rendered":"https:\/\/muvluxe.com\/product\/static-non-reflective\/"},"modified":"2025-10-15T13:29:46","modified_gmt":"2025-10-15T13:29:46","slug":"static-non-reflective","status":"publish","type":"product","link":"https:\/\/muvluxe.com\/it\/prodotto\/static-non-reflective\/","title":{"rendered":"Static (Non-Reflective)"},"content":{"rendered":"<p>Dalla rivelazione della silhouette 350 V2 Quando Yeezy Stagione 3, i colori sono collegati e il successo \u00e8 sempre l\u00ec per Kanye West e Adidas. \u00c8 innegabile che il&nbsp;<strong>Yeezy Boost 350 V2<\/strong>&nbsp;\u00e8 uno dei pi\u00f9 grandi successi sneakers degli ultimi anni.<\/p>\n<p>Per quest\u2019ultimo colore annuale, Adidas aggiorna completamente la sua emblematica silhouette e rivela il&nbsp;<strong>Yeezy Boost 350 V2 Static,&nbsp;<\/strong>Nella versione classica o riflettente. Troviamo, come nei modelli precedenti, una tomaia metallica Primeknit, condivisa tra grigio chiaro e bianco. Ma ci\u00f2 che rende la particolarit\u00e0 e l\u2019unicit\u00e0 del modello \u00e8 la banda trasparente che veste il lato della silhouette. Il tutto poggia su una suola Boost Portare un grande comfort alla coppia.<\/p>\n<p>Questo colore senza precedenti non mancher\u00e0 di creare una sensazione nei dilettanti di Kanye West Media Designer e pi\u00f9 in generale nel mondo di sneakers.<\/p>","protected":false},"excerpt":{"rendered":"<p>Dalla rivelazione della silhouette 350 V2 Quando Yeezy Stagione 3, i colori sono collegati e il successo \u00e8 sempre l\u00ec per Kanye West e Adidas. \u00c8 innegabile che il&nbsp;Yeezy Boost 350 V2&nbsp;\u00e8 uno dei pi\u00f9 grandi successi sneakers degli ultimi anni. Per quest\u2019ultimo colore annuale, Adidas aggiorna completamente la sua emblematica silhouette e rivela il&nbsp;Yeezy [&hellip;]<\/p>\n","protected":false},"featured_media":25799,"template":"","meta":[],"product_brand":[311],"product_cat":[15,293,313],"product_tag":[],"class_list":{"0":"post-25803","1":"product","2":"type-product","3":"status-publish","4":"has-post-thumbnail","6":"product_brand-yeezy","7":"product_cat-all","8":"product_cat-sneakers","9":"product_cat-yeezy-350","11":"first","12":"instock","13":"sale","14":"shipping-taxable","15":"purchasable","16":"product-type-variable"},"jetpack_sharing_enabled":true,"_links":{"self":[{"href":"https:\/\/muvluxe.com\/it\/wp-json\/wp\/v2\/product\/25803","targetHints":{"allow":["GET"]}}],"collection":[{"href":"https:\/\/muvluxe.com\/it\/wp-json\/wp\/v2\/product"}],"about":[{"href":"https:\/\/muvluxe.com\/it\/wp-json\/wp\/v2\/types\/product"}],"wp:featuredmedia":[{"embeddable":true,"href":"https:\/\/muvluxe.com\/it\/wp-json\/wp\/v2\/media\/25799"}],"wp:attachment":[{"href":"https:\/\/muvluxe.com\/it\/wp-json\/wp\/v2\/media?parent=25803"}],"wp:term":[{"taxonomy":"product_brand","embeddable":true,"href":"https:\/\/muvluxe.com\/it\/wp-json\/wp\/v2\/product_brand?post=25803"},{"taxonomy":"product_cat","embeddable":true,"href":"https:\/\/muvluxe.com\/it\/wp-json\/wp\/v2\/product_cat?post=25803"},{"taxonomy":"product_tag","embeddable":true,"href":"https:\/\/muvluxe.com\/it\/wp-json\/wp\/v2\/product_tag?post=25803"}],"curies":[{"name":"wp","href":"https:\/\/api.w.org\/{rel}","templated":true}]}}