{"id":25909,"date":"2025-07-16T17:40:14","date_gmt":"2025-07-16T17:40:14","guid":{"rendered":"https:\/\/muvluxe.com\/product\/citrin-reflective\/"},"modified":"2025-10-15T13:29:06","modified_gmt":"2025-10-15T13:29:06","slug":"citrin-reflective","status":"publish","type":"product","link":"https:\/\/muvluxe.com\/it\/prodotto\/citrin-reflective\/","title":{"rendered":"Citrin (Reflective)"},"content":{"rendered":"<p>Kanye West e Adidas offrono al Yeezy Boost 350 V2 Un nuovo nuovo colore. Vicino ad Antlia rilasciata in precedenza, questa versione Citrin \u00e8 vestita in un design Con toni giallo pallido, ispirati alla pietra \u201ccitrina\u201d.<\/p>\n<p>L\u00e0&nbsp;<strong>Yeezy Boost 350 V2 Citrina<\/strong>&nbsp;\u00e8 costituito da una tomaia gialla Primeknit. Come il 350 V2 Lundmark per esempio, l\u2019heeltab \u00e8 assente dalla silhouette. La banda traslucida \u00e8 leggermente ingiallita per dare contrasto con la vista. \u00c8 anche supportato da note\/creme beige sulla suola insostituibile Boost.<\/p>\n<p>Sobrio ed efficiente, questo nuovo Yeezy senza dubbio avr\u00e0 successo con i fan del rapper\/produttore\/designer e molti sneakers Tossicodipendenti!<\/p>","protected":false},"excerpt":{"rendered":"<p>Kanye West e Adidas offrono al Yeezy Boost 350 V2 Un nuovo nuovo colore. Vicino ad Antlia rilasciata in precedenza, questa versione Citrin \u00e8 vestita in un design Con toni giallo pallido, ispirati alla pietra \u201ccitrina\u201d. L\u00e0&nbsp;Yeezy Boost 350 V2 Citrina&nbsp;\u00e8 costituito da una tomaia gialla Primeknit. Come il 350 V2 Lundmark per esempio, l\u2019heeltab [&hellip;]<\/p>\n","protected":false},"featured_media":25906,"template":"","meta":[],"product_brand":[311],"product_cat":[15,293,313],"product_tag":[],"class_list":{"0":"post-25909","1":"product","2":"type-product","3":"status-publish","4":"has-post-thumbnail","6":"product_brand-yeezy","7":"product_cat-all","8":"product_cat-sneakers","9":"product_cat-yeezy-350","11":"first","12":"instock","13":"sale","14":"shipping-taxable","15":"purchasable","16":"product-type-variable"},"jetpack_sharing_enabled":true,"_links":{"self":[{"href":"https:\/\/muvluxe.com\/it\/wp-json\/wp\/v2\/product\/25909","targetHints":{"allow":["GET"]}}],"collection":[{"href":"https:\/\/muvluxe.com\/it\/wp-json\/wp\/v2\/product"}],"about":[{"href":"https:\/\/muvluxe.com\/it\/wp-json\/wp\/v2\/types\/product"}],"wp:featuredmedia":[{"embeddable":true,"href":"https:\/\/muvluxe.com\/it\/wp-json\/wp\/v2\/media\/25906"}],"wp:attachment":[{"href":"https:\/\/muvluxe.com\/it\/wp-json\/wp\/v2\/media?parent=25909"}],"wp:term":[{"taxonomy":"product_brand","embeddable":true,"href":"https:\/\/muvluxe.com\/it\/wp-json\/wp\/v2\/product_brand?post=25909"},{"taxonomy":"product_cat","embeddable":true,"href":"https:\/\/muvluxe.com\/it\/wp-json\/wp\/v2\/product_cat?post=25909"},{"taxonomy":"product_tag","embeddable":true,"href":"https:\/\/muvluxe.com\/it\/wp-json\/wp\/v2\/product_tag?post=25909"}],"curies":[{"name":"wp","href":"https:\/\/api.w.org\/{rel}","templated":true}]}}