{"id":26231,"date":"2025-07-16T17:43:58","date_gmt":"2025-07-16T17:43:58","guid":{"rendered":"https:\/\/muvluxe.com\/product\/earth\/"},"modified":"2025-10-15T13:28:06","modified_gmt":"2025-10-15T13:28:06","slug":"earth","status":"publish","type":"product","link":"https:\/\/muvluxe.com\/it\/prodotto\/earth\/","title":{"rendered":"Earth"},"content":{"rendered":"<p><strong>Kanye West<\/strong>&nbsp;E&nbsp;<strong>Adidas<\/strong>&nbsp;hanno segnato il loro ritorno con il rilascio di una raccolta regionale di&nbsp;<strong>Yeezy 350 V2,<\/strong>&nbsp;tra cui 4 modelli esclusivi in ??una regione del mondo. L\u00e0&nbsp;<strong>Yeezy Boost 350 V2 Terra<\/strong>&nbsp;\u00e8 il modello per gli Stati Uniti.<\/p>\n<p>L\u00e0<strong>&nbsp;Yeezy Boost 350 V2 Terra<\/strong>&nbsp;\u00e8 adornato con una base di tessuti marrone Primeknit, concessa con l\u2019unica dotata di tecnologia Boost. Troviamo la band semi-Translucide specifico per 350 edizioni V2, cos\u00ec come una suola in gomma, chiamata anche \u201cgummole\u201d.<\/p>\n<p>Con colori&nbsp;<strong>Lino<\/strong>&nbsp;E&nbsp;<strong>Coda leggera<\/strong>, il 350 V2 La Terra completa la collezione di regione esclusiva immaginata da Mr. West e il marchio con tre band, pianificate in quantit\u00e0 limitate \u2026 ma disponibile su Wethenew!<\/p>","protected":false},"excerpt":{"rendered":"<p>Kanye West&nbsp;E&nbsp;Adidas&nbsp;hanno segnato il loro ritorno con il rilascio di una raccolta regionale di&nbsp;Yeezy 350 V2,&nbsp;tra cui 4 modelli esclusivi in ??una regione del mondo. L\u00e0&nbsp;Yeezy Boost 350 V2 Terra&nbsp;\u00e8 il modello per gli Stati Uniti. L\u00e0&nbsp;Yeezy Boost 350 V2 Terra&nbsp;\u00e8 adornato con una base di tessuti marrone Primeknit, concessa con l\u2019unica dotata di tecnologia [&hellip;]<\/p>\n","protected":false},"featured_media":26227,"template":"","meta":[],"product_brand":[311],"product_cat":[15,293,313],"product_tag":[],"class_list":{"0":"post-26231","1":"product","2":"type-product","3":"status-publish","4":"has-post-thumbnail","6":"product_brand-yeezy","7":"product_cat-all","8":"product_cat-sneakers","9":"product_cat-yeezy-350","11":"first","12":"instock","13":"sale","14":"shipping-taxable","15":"purchasable","16":"product-type-variable"},"jetpack_sharing_enabled":true,"_links":{"self":[{"href":"https:\/\/muvluxe.com\/it\/wp-json\/wp\/v2\/product\/26231","targetHints":{"allow":["GET"]}}],"collection":[{"href":"https:\/\/muvluxe.com\/it\/wp-json\/wp\/v2\/product"}],"about":[{"href":"https:\/\/muvluxe.com\/it\/wp-json\/wp\/v2\/types\/product"}],"wp:featuredmedia":[{"embeddable":true,"href":"https:\/\/muvluxe.com\/it\/wp-json\/wp\/v2\/media\/26227"}],"wp:attachment":[{"href":"https:\/\/muvluxe.com\/it\/wp-json\/wp\/v2\/media?parent=26231"}],"wp:term":[{"taxonomy":"product_brand","embeddable":true,"href":"https:\/\/muvluxe.com\/it\/wp-json\/wp\/v2\/product_brand?post=26231"},{"taxonomy":"product_cat","embeddable":true,"href":"https:\/\/muvluxe.com\/it\/wp-json\/wp\/v2\/product_cat?post=26231"},{"taxonomy":"product_tag","embeddable":true,"href":"https:\/\/muvluxe.com\/it\/wp-json\/wp\/v2\/product_tag?post=26231"}],"curies":[{"name":"wp","href":"https:\/\/api.w.org\/{rel}","templated":true}]}}