{"id":26257,"date":"2025-07-16T17:44:16","date_gmt":"2025-07-16T17:44:16","guid":{"rendered":"https:\/\/muvluxe.com\/product\/natural\/"},"modified":"2025-10-15T13:28:05","modified_gmt":"2025-10-15T13:28:05","slug":"natural","status":"publish","type":"product","link":"https:\/\/muvluxe.com\/it\/prodotto\/natural\/","title":{"rendered":"Natural"},"content":{"rendered":"<p>La famiglia di&nbsp;<strong>Yeezy Boost 350 V2<\/strong>&nbsp;cresce di nuovo con l\u2019arrivo del colore&nbsp;<b>Naturale<\/b>. Con toni chiari e facile da trasportare questa versione sar\u00e0 perfetta per l\u2019inizio dell\u2019anno scolastico.<\/p>\n<p>L\u00e0&nbsp;<strong>Adidas Yeezy Boost 350 V2 Naturale<\/strong>&nbsp;\u00e8 costituito da una parte superiore&nbsp;<strong>Break White Primeknit<\/strong>. Come praticamente tutto Yeezy Il pi\u00f9 recente, l\u2019Heeltab \u00e8 questa volta assente dalla silhouette. La banda&nbsp;<strong>traslucido<\/strong>&nbsp;Porta ancora questo tocco di modernit\u00e0 che piace cos\u00ec tanto. \u00c8 anche supportato da note\/creme beige sulla suola insostituibile&nbsp;<strong>Boost<\/strong>.<\/p>\n<p>Questo colore senza precedenti non mancher\u00e0 di creare la sensazione nei dilettanti del progettista dei media&nbsp;<strong>Kanye West<\/strong>&nbsp;E pi\u00f9 in generale nei fan di Adidas.<\/p>","protected":false},"excerpt":{"rendered":"<p>La famiglia di&nbsp;Yeezy Boost 350 V2&nbsp;cresce di nuovo con l\u2019arrivo del colore&nbsp;Naturale. Con toni chiari e facile da trasportare questa versione sar\u00e0 perfetta per l\u2019inizio dell\u2019anno scolastico. L\u00e0&nbsp;Adidas Yeezy Boost 350 V2 Naturale&nbsp;\u00e8 costituito da una parte superiore&nbsp;Break White Primeknit. Come praticamente tutto Yeezy Il pi\u00f9 recente, l\u2019Heeltab \u00e8 questa volta assente dalla silhouette. La [&hellip;]<\/p>\n","protected":false},"featured_media":26254,"template":"","meta":[],"product_brand":[311],"product_cat":[15,293,313],"product_tag":[],"class_list":{"0":"post-26257","1":"product","2":"type-product","3":"status-publish","4":"has-post-thumbnail","6":"product_brand-yeezy","7":"product_cat-all","8":"product_cat-sneakers","9":"product_cat-yeezy-350","11":"first","12":"instock","13":"sale","14":"shipping-taxable","15":"purchasable","16":"product-type-variable"},"jetpack_sharing_enabled":true,"_links":{"self":[{"href":"https:\/\/muvluxe.com\/it\/wp-json\/wp\/v2\/product\/26257","targetHints":{"allow":["GET"]}}],"collection":[{"href":"https:\/\/muvluxe.com\/it\/wp-json\/wp\/v2\/product"}],"about":[{"href":"https:\/\/muvluxe.com\/it\/wp-json\/wp\/v2\/types\/product"}],"wp:featuredmedia":[{"embeddable":true,"href":"https:\/\/muvluxe.com\/it\/wp-json\/wp\/v2\/media\/26254"}],"wp:attachment":[{"href":"https:\/\/muvluxe.com\/it\/wp-json\/wp\/v2\/media?parent=26257"}],"wp:term":[{"taxonomy":"product_brand","embeddable":true,"href":"https:\/\/muvluxe.com\/it\/wp-json\/wp\/v2\/product_brand?post=26257"},{"taxonomy":"product_cat","embeddable":true,"href":"https:\/\/muvluxe.com\/it\/wp-json\/wp\/v2\/product_cat?post=26257"},{"taxonomy":"product_tag","embeddable":true,"href":"https:\/\/muvluxe.com\/it\/wp-json\/wp\/v2\/product_tag?post=26257"}],"curies":[{"name":"wp","href":"https:\/\/api.w.org\/{rel}","templated":true}]}}