{"id":26440,"date":"2025-07-16T17:46:00","date_gmt":"2025-07-16T17:46:00","guid":{"rendered":"https:\/\/muvluxe.com\/product\/mono-clay\/"},"modified":"2025-10-15T13:27:35","modified_gmt":"2025-10-15T13:27:35","slug":"mono-clay","status":"publish","type":"product","link":"https:\/\/muvluxe.com\/it\/prodotto\/mono-clay\/","title":{"rendered":"Mono Clay"},"content":{"rendered":"<p>E il rapper di Chicago continua a innovare attraverso nuovi colori e nuovi design ! Questo \u00e8 evidenziato dal nuovo&nbsp;<strong>Pacchetto mono<\/strong>, rivelando tre nuovi colori per i famosi&nbsp;<strong>Yeezy Boost 350 V2<\/strong>&nbsp;!<\/p>\n<p class=\"_1zmv_\">L\u00e0&nbsp;<strong>Adidas Yeezy Boost 350 V2 Mono Clay<\/strong>&nbsp;\u00e8 adornato con una base traslucida orange pallido sollevato da a&nbsp;<strong>stripe<\/strong>&nbsp;oscillare tra giallo e orange. C\u2019\u00e8 una bozza leggermente posteriore&nbsp;<strong>rosa<\/strong>. La solita intersuola dotata di tecnologia&nbsp;<strong>Boost<\/strong>, unito a lacci corrispondenti e suola migliora il tutto.<\/p>\n<p class=\"_1zmv_\">Preso in giro per diverse settimane, questo nuovo&nbsp;<strong>Pacchetto mono<\/strong>&nbsp;respira nuova energia nella gamma di Yeezy 350 V2.<\/p>","protected":false},"excerpt":{"rendered":"<p>E il rapper di Chicago continua a innovare attraverso nuovi colori e nuovi design ! Questo \u00e8 evidenziato dal nuovo&nbsp;Pacchetto mono, rivelando tre nuovi colori per i famosi&nbsp;Yeezy Boost 350 V2&nbsp;! L\u00e0&nbsp;Adidas Yeezy Boost 350 V2 Mono Clay&nbsp;\u00e8 adornato con una base traslucida orange pallido sollevato da a&nbsp;stripe&nbsp;oscillare tra giallo e orange. C\u2019\u00e8 una bozza [&hellip;]<\/p>\n","protected":false},"featured_media":26436,"template":"","meta":[],"product_brand":[311],"product_cat":[15,293,313],"product_tag":[],"class_list":{"0":"post-26440","1":"product","2":"type-product","3":"status-publish","4":"has-post-thumbnail","6":"product_brand-yeezy","7":"product_cat-all","8":"product_cat-sneakers","9":"product_cat-yeezy-350","11":"first","12":"instock","13":"sale","14":"shipping-taxable","15":"purchasable","16":"product-type-variable"},"jetpack_sharing_enabled":true,"_links":{"self":[{"href":"https:\/\/muvluxe.com\/it\/wp-json\/wp\/v2\/product\/26440","targetHints":{"allow":["GET"]}}],"collection":[{"href":"https:\/\/muvluxe.com\/it\/wp-json\/wp\/v2\/product"}],"about":[{"href":"https:\/\/muvluxe.com\/it\/wp-json\/wp\/v2\/types\/product"}],"wp:featuredmedia":[{"embeddable":true,"href":"https:\/\/muvluxe.com\/it\/wp-json\/wp\/v2\/media\/26436"}],"wp:attachment":[{"href":"https:\/\/muvluxe.com\/it\/wp-json\/wp\/v2\/media?parent=26440"}],"wp:term":[{"taxonomy":"product_brand","embeddable":true,"href":"https:\/\/muvluxe.com\/it\/wp-json\/wp\/v2\/product_brand?post=26440"},{"taxonomy":"product_cat","embeddable":true,"href":"https:\/\/muvluxe.com\/it\/wp-json\/wp\/v2\/product_cat?post=26440"},{"taxonomy":"product_tag","embeddable":true,"href":"https:\/\/muvluxe.com\/it\/wp-json\/wp\/v2\/product_tag?post=26440"}],"curies":[{"name":"wp","href":"https:\/\/api.w.org\/{rel}","templated":true}]}}