{"id":26710,"date":"2025-07-16T17:49:07","date_gmt":"2025-07-16T17:49:07","guid":{"rendered":"https:\/\/muvluxe.com\/product\/mono-ice\/"},"modified":"2025-10-15T13:24:49","modified_gmt":"2025-10-15T13:24:49","slug":"mono-ice","status":"publish","type":"product","link":"https:\/\/muvluxe.com\/it\/prodotto\/mono-ice\/","title":{"rendered":"Mono Ice"},"content":{"rendered":"<p>Vero pioniere della moda,&nbsp;<strong>Kanye West<\/strong>&nbsp;riesce ancora a sorprenderci. Questa notizia \u00e8 evidenziata&nbsp;<strong>Yeezy Boost 350 V2<\/strong>, che si distingue da altre edizioni grazie a una tomaia traslucida.<\/p>\n<p>L\u00e0&nbsp;<strong>Adidas Yeezy Boost 350 V2 Mono Ice<\/strong>&nbsp;Visualizza una base&nbsp;<strong>traslucido<\/strong>&nbsp;Usando diverse tonalit\u00e0 di blu cielo. Troviamo il solito&nbsp;<strong>stripe<\/strong>&nbsp;Con questo tempo un blu leggermente pi\u00f9 scuro. Diversi motivi per ricordare la forma di&nbsp;<strong>Yeezy 450 Cloud White<\/strong>&nbsp;Aggiungi al tutto, mentre un\u2019intersuola bianca raffina tutto.<\/p>\n<p>Preso in giro per diverse settimane, questo nuovo&nbsp;<strong>Pacchetto mono<\/strong>&nbsp;respira nuova energia nella gamma di Yeezy 350 V2.<\/p>\n<p>&nbsp;<\/p>","protected":false},"excerpt":{"rendered":"<p>Vero pioniere della moda,&nbsp;Kanye West&nbsp;riesce ancora a sorprenderci. Questa notizia \u00e8 evidenziata&nbsp;Yeezy Boost 350 V2, che si distingue da altre edizioni grazie a una tomaia traslucida. L\u00e0&nbsp;Adidas Yeezy Boost 350 V2 Mono Ice&nbsp;Visualizza una base&nbsp;traslucido&nbsp;Usando diverse tonalit\u00e0 di blu cielo. Troviamo il solito&nbsp;stripe&nbsp;Con questo tempo un blu leggermente pi\u00f9 scuro. Diversi motivi per ricordare la [&hellip;]<\/p>\n","protected":false},"featured_media":26706,"template":"","meta":[],"product_brand":[311],"product_cat":[15,293,313],"product_tag":[],"class_list":{"0":"post-26710","1":"product","2":"type-product","3":"status-publish","4":"has-post-thumbnail","6":"product_brand-yeezy","7":"product_cat-all","8":"product_cat-sneakers","9":"product_cat-yeezy-350","11":"first","12":"instock","13":"sale","14":"shipping-taxable","15":"purchasable","16":"product-type-variable"},"jetpack_sharing_enabled":true,"_links":{"self":[{"href":"https:\/\/muvluxe.com\/it\/wp-json\/wp\/v2\/product\/26710","targetHints":{"allow":["GET"]}}],"collection":[{"href":"https:\/\/muvluxe.com\/it\/wp-json\/wp\/v2\/product"}],"about":[{"href":"https:\/\/muvluxe.com\/it\/wp-json\/wp\/v2\/types\/product"}],"wp:featuredmedia":[{"embeddable":true,"href":"https:\/\/muvluxe.com\/it\/wp-json\/wp\/v2\/media\/26706"}],"wp:attachment":[{"href":"https:\/\/muvluxe.com\/it\/wp-json\/wp\/v2\/media?parent=26710"}],"wp:term":[{"taxonomy":"product_brand","embeddable":true,"href":"https:\/\/muvluxe.com\/it\/wp-json\/wp\/v2\/product_brand?post=26710"},{"taxonomy":"product_cat","embeddable":true,"href":"https:\/\/muvluxe.com\/it\/wp-json\/wp\/v2\/product_cat?post=26710"},{"taxonomy":"product_tag","embeddable":true,"href":"https:\/\/muvluxe.com\/it\/wp-json\/wp\/v2\/product_tag?post=26710"}],"curies":[{"name":"wp","href":"https:\/\/api.w.org\/{rel}","templated":true}]}}