{"id":29637,"date":"2025-07-17T12:40:35","date_gmt":"2025-07-17T12:40:35","guid":{"rendered":"https:\/\/muvluxe.com\/product\/core-black\/"},"modified":"2025-10-14T23:15:29","modified_gmt":"2025-10-14T23:15:29","slug":"core-black","status":"publish","type":"product","link":"https:\/\/muvluxe.com\/it\/prodotto\/core-black\/","title":{"rendered":"Core Black"},"content":{"rendered":"<p>Dopo il&nbsp;<strong>Samba<\/strong>&nbsp;e il&nbsp;<strong>Gazelle<\/strong>, Adidas mette in evidenza una nuova silhouette ispirata a Skate e 2000.<\/p>\n<p>L\u00e0&nbsp;<strong>ADIDAS CAMPUS 00S CORE Black (Nero)<\/strong>&nbsp;presenta una base in&nbsp;<strong>pelle nera<\/strong>, accompagnato da&nbsp;<strong>Tre spesse strisce bianche<\/strong>&nbsp;Sul pannello laterale, le caratteristiche del marchio e concesse alla scheda del tallone. Vicino a&nbsp;<strong>Campus degli anni \u201980<\/strong>, questo modello rivela anche una suola ingiallita, per accentuare l\u2019effetto&nbsp;<strong>Vintage ?<\/strong>, accompagnato da una suola in gomma.&nbsp;A differenza della versione per adulti, la suola \u00e8 bianca sui modelli GS.<\/p>\n<p>Su questo modello, non possiamo garantire che i lacci saranno bianchi. A volte la coppia \u00e8 dotata di lacci neri quando \u00e8 consegna.<\/p>\n<p>PS:&nbsp;<strong>Dimensioni GS&nbsp;di questo modello (dimensioni con la menzione \u201cy\u201d nella versione statunitense nel selettore delle dimensioni)&nbsp;<\/strong>avere un interno&nbsp;nero a differenza di&nbsp;<strong>Taglie per adulti<\/strong>. I suoi lacci si distinguono anche perch\u00e9 sono pi\u00f9 sottili e pi\u00f9 neri.<\/p>","protected":false},"excerpt":{"rendered":"<p>Dopo il&nbsp;Samba&nbsp;e il&nbsp;Gazelle, Adidas mette in evidenza una nuova silhouette ispirata a Skate e 2000. L\u00e0&nbsp;ADIDAS CAMPUS 00S CORE Black (Nero)&nbsp;presenta una base in&nbsp;pelle nera, accompagnato da&nbsp;Tre spesse strisce bianche&nbsp;Sul pannello laterale, le caratteristiche del marchio e concesse alla scheda del tallone. Vicino a&nbsp;Campus degli anni \u201980, questo modello rivela anche una suola ingiallita, per [&hellip;]<\/p>\n","protected":false},"featured_media":29633,"template":"","meta":[],"product_brand":[322],"product_cat":[323,15,293],"product_tag":[],"class_list":{"0":"post-29637","1":"product","2":"type-product","3":"status-publish","4":"has-post-thumbnail","6":"product_brand-adidas","7":"product_cat-adidas-campus","8":"product_cat-all","9":"product_cat-sneakers","11":"first","12":"instock","13":"sale","14":"shipping-taxable","15":"purchasable","16":"product-type-variable"},"jetpack_sharing_enabled":true,"_links":{"self":[{"href":"https:\/\/muvluxe.com\/it\/wp-json\/wp\/v2\/product\/29637","targetHints":{"allow":["GET"]}}],"collection":[{"href":"https:\/\/muvluxe.com\/it\/wp-json\/wp\/v2\/product"}],"about":[{"href":"https:\/\/muvluxe.com\/it\/wp-json\/wp\/v2\/types\/product"}],"wp:featuredmedia":[{"embeddable":true,"href":"https:\/\/muvluxe.com\/it\/wp-json\/wp\/v2\/media\/29633"}],"wp:attachment":[{"href":"https:\/\/muvluxe.com\/it\/wp-json\/wp\/v2\/media?parent=29637"}],"wp:term":[{"taxonomy":"product_brand","embeddable":true,"href":"https:\/\/muvluxe.com\/it\/wp-json\/wp\/v2\/product_brand?post=29637"},{"taxonomy":"product_cat","embeddable":true,"href":"https:\/\/muvluxe.com\/it\/wp-json\/wp\/v2\/product_cat?post=29637"},{"taxonomy":"product_tag","embeddable":true,"href":"https:\/\/muvluxe.com\/it\/wp-json\/wp\/v2\/product_tag?post=29637"}],"curies":[{"name":"wp","href":"https:\/\/api.w.org\/{rel}","templated":true}]}}