{"id":30284,"date":"2025-07-17T12:44:57","date_gmt":"2025-07-17T12:44:57","guid":{"rendered":"https:\/\/muvluxe.com\/product\/light-blue-earth-strata\/"},"modified":"2025-10-14T23:15:30","modified_gmt":"2025-10-14T23:15:30","slug":"light-blue-earth-strata","status":"publish","type":"product","link":"https:\/\/muvluxe.com\/it\/prodotto\/light-blue-earth-strata\/","title":{"rendered":"Light Blue Earth Strata"},"content":{"rendered":"<p>Cr\u00e9\u00e9e en&nbsp;<strong>1979<\/strong>&nbsp;pour les professionnels du handball, la&nbsp;<strong>Adidas Handball Spezial<\/strong>&nbsp;fait son retour avec un style \u00e9pur\u00e9.<\/p>\n<p>La&nbsp;<strong>Adidas Handball Spezial Light Blue Earth Strata<\/strong>&nbsp;pr\u00e9sente une tige en&nbsp;<strong>daim<\/strong>&nbsp;de&nbsp;<strong>haute qualit\u00e9<\/strong>&nbsp;dans des tons de&nbsp;<strong>bleu clair<\/strong>,&nbsp;<strong>marron<\/strong>&nbsp;et&nbsp;<strong>jaune<\/strong>, ajoutant une touche de modernit\u00e9 \u00e0 ce mod\u00e8le classique.&nbsp;La semelle ext\u00e9rieure en&nbsp;<strong>gomme<\/strong>&nbsp;assure une&nbsp;<strong>adh\u00e9rence optimale<\/strong>&nbsp;sur et en dehors du terrain, tandis que la semelle interm\u00e9diaire en&nbsp;offre un confort exceptionnel pour un usage quotidien.<\/p>\n<div class=\"styles_productColors__qcEeB\">\n<div class=\"styles_productColor___Qp_Z\"><\/div>\n<\/div>","protected":false},"excerpt":{"rendered":"<p>Cr\u00e9\u00e9e en&nbsp;1979&nbsp;pour les professionnels du handball, la&nbsp;Adidas Handball Spezial&nbsp;fait son retour avec un style \u00e9pur\u00e9. La&nbsp;Adidas Handball Spezial Light Blue Earth Strata&nbsp;pr\u00e9sente une tige en&nbsp;daim&nbsp;de&nbsp;haute qualit\u00e9&nbsp;dans des tons de&nbsp;bleu clair,&nbsp;marron&nbsp;et&nbsp;jaune, ajoutant une touche de modernit\u00e9 \u00e0 ce mod\u00e8le classique.&nbsp;La semelle ext\u00e9rieure en&nbsp;gomme&nbsp;assure une&nbsp;adh\u00e9rence optimale&nbsp;sur et en dehors du terrain, tandis que la semelle interm\u00e9diaire en&nbsp;offre [&hellip;]<\/p>\n","protected":false},"featured_media":30280,"template":"","meta":[],"product_brand":[322],"product_cat":[323,15,293],"product_tag":[],"class_list":{"0":"post-30284","1":"product","2":"type-product","3":"status-publish","4":"has-post-thumbnail","6":"product_brand-adidas","7":"product_cat-adidas-campus","8":"product_cat-all","9":"product_cat-sneakers","11":"first","12":"instock","13":"sale","14":"shipping-taxable","15":"purchasable","16":"product-type-variable"},"jetpack_sharing_enabled":true,"_links":{"self":[{"href":"https:\/\/muvluxe.com\/it\/wp-json\/wp\/v2\/product\/30284","targetHints":{"allow":["GET"]}}],"collection":[{"href":"https:\/\/muvluxe.com\/it\/wp-json\/wp\/v2\/product"}],"about":[{"href":"https:\/\/muvluxe.com\/it\/wp-json\/wp\/v2\/types\/product"}],"wp:featuredmedia":[{"embeddable":true,"href":"https:\/\/muvluxe.com\/it\/wp-json\/wp\/v2\/media\/30280"}],"wp:attachment":[{"href":"https:\/\/muvluxe.com\/it\/wp-json\/wp\/v2\/media?parent=30284"}],"wp:term":[{"taxonomy":"product_brand","embeddable":true,"href":"https:\/\/muvluxe.com\/it\/wp-json\/wp\/v2\/product_brand?post=30284"},{"taxonomy":"product_cat","embeddable":true,"href":"https:\/\/muvluxe.com\/it\/wp-json\/wp\/v2\/product_cat?post=30284"},{"taxonomy":"product_tag","embeddable":true,"href":"https:\/\/muvluxe.com\/it\/wp-json\/wp\/v2\/product_tag?post=30284"}],"curies":[{"name":"wp","href":"https:\/\/api.w.org\/{rel}","templated":true}]}}