{"id":30858,"date":"2025-07-18T01:04:51","date_gmt":"2025-07-18T01:04:51","guid":{"rendered":"https:\/\/muvluxe.com\/product\/blazer-mid-grim-reaper\/"},"modified":"2025-10-15T18:02:28","modified_gmt":"2025-10-15T18:02:28","slug":"blazer-mid-grim-reaper","status":"publish","type":"product","link":"https:\/\/muvluxe.com\/it\/prodotto\/blazer-mid-grim-reaper\/","title":{"rendered":"Blazer Mid Grim Reaper"},"content":{"rendered":"<div>Nike e Off-White tornano con una nuova capsule! Svelata su Instagram qualche settimana fa, la collaborazione intitolata \u201cSpooky Pack\u201d riunisce due modelli di blazer ispirati alla famosa festa di ottobre: \u200b\u200bHalloween.<\/div>\n<div><\/div>\n<div>Inizialmente destinata a essere solo un rumor, l\u2019uscita delle \u201cGrim Reaper\u201d \u00e8 stata ufficialmente confermata quando la stella NBA Lebron James ha pubblicato su Instagram delle foto in cui indossava il misterioso modello. \u201cGrim Reaper\u201d, o \u201cLa Faucheuse\u201d in francese, si riferisce ai colori scuri che si ritrovano nel suo design.<\/div>\n<div><\/div>\n<div>Il modello \u00e8 progettato secondo lo stesso principio delle Nike Blazer precedentemente sviluppate da Virgil Abloh all\u2019interno di \u201cThe Ten\u201d. Lo swoosh \u00e8 ribassato, la tomaia \u00e8 rinforzata e la linguetta \u00e8 imbottita per rivelare la schiuma e garantire un comfort ottimale. Infine, la firma Off-White all\u2019interno della scarpa conferma l\u2019aspetto decostruito della silhouette. Una coppia di cui probabilmente sentiremo parlare a lungo!<\/div>","protected":false},"excerpt":{"rendered":"<p>Nike e Off-White tornano con una nuova capsule! Svelata su Instagram qualche settimana fa, la collaborazione intitolata \u201cSpooky Pack\u201d riunisce due modelli di blazer ispirati alla famosa festa di ottobre: \u200b\u200bHalloween. Inizialmente destinata a essere solo un rumor, l\u2019uscita delle \u201cGrim Reaper\u201d \u00e8 stata ufficialmente confermata quando la stella NBA Lebron James ha pubblicato su [&hellip;]<\/p>\n","protected":false},"featured_media":30854,"template":"","meta":[],"product_brand":[337],"product_cat":[15,338,293],"product_tag":[],"class_list":{"0":"post-30858","1":"product","2":"type-product","3":"status-publish","4":"has-post-thumbnail","6":"product_brand-off-white","7":"product_cat-all","8":"product_cat-off-white-sneakers","9":"product_cat-sneakers","11":"first","12":"instock","13":"sale","14":"shipping-taxable","15":"purchasable","16":"product-type-variable"},"jetpack_sharing_enabled":true,"_links":{"self":[{"href":"https:\/\/muvluxe.com\/it\/wp-json\/wp\/v2\/product\/30858","targetHints":{"allow":["GET"]}}],"collection":[{"href":"https:\/\/muvluxe.com\/it\/wp-json\/wp\/v2\/product"}],"about":[{"href":"https:\/\/muvluxe.com\/it\/wp-json\/wp\/v2\/types\/product"}],"wp:featuredmedia":[{"embeddable":true,"href":"https:\/\/muvluxe.com\/it\/wp-json\/wp\/v2\/media\/30854"}],"wp:attachment":[{"href":"https:\/\/muvluxe.com\/it\/wp-json\/wp\/v2\/media?parent=30858"}],"wp:term":[{"taxonomy":"product_brand","embeddable":true,"href":"https:\/\/muvluxe.com\/it\/wp-json\/wp\/v2\/product_brand?post=30858"},{"taxonomy":"product_cat","embeddable":true,"href":"https:\/\/muvluxe.com\/it\/wp-json\/wp\/v2\/product_cat?post=30858"},{"taxonomy":"product_tag","embeddable":true,"href":"https:\/\/muvluxe.com\/it\/wp-json\/wp\/v2\/product_tag?post=30858"}],"curies":[{"name":"wp","href":"https:\/\/api.w.org\/{rel}","templated":true}]}}