{"id":31017,"date":"2025-07-18T10:36:14","date_gmt":"2025-07-18T10:36:14","guid":{"rendered":"https:\/\/muvluxe.com\/product\/b23\/"},"modified":"2025-10-15T17:23:34","modified_gmt":"2025-10-15T17:23:34","slug":"b23","status":"publish","type":"product","link":"https:\/\/muvluxe.com\/it\/prodotto\/b23\/","title":{"rendered":"B23"},"content":{"rendered":"<p>L\u00e0<strong>&nbsp;B23<\/strong>&nbsp;\u00e8 il modello di sneaker High -French House&nbsp;<strong>Dior<\/strong>. Il marchio di lusso, portato via dalla tendenza streetwear E sneakers Attuale, tira fuori il proprio modello di basket. Molto ispirato dal modello di&nbsp;<strong>Converse Chuck Taylor 70\u2019s<\/strong>, questo B23 mira ad essere leggero e complesso sia come illustrato molto bene nella sua composizione.<\/p>\n<p>Questa coppia \u00e8 composta da una tela chiamata \u201cOblique\u201d, un tessuto tecnico sviluppato da Dior. La lingua \u00e8 fatta di vitello bianco, sormontato da lacci di cotone. IL design La modalit\u00e0 coppia \u00e8 completata da una suola a due color. Infine, c\u2019\u00e8 un unico gomma con toni bianchi e neri, su cui arriva la firma di Dior.<\/p>","protected":false},"excerpt":{"rendered":"<p>L\u00e0&nbsp;B23&nbsp;\u00e8 il modello di sneaker High -French House&nbsp;Dior. Il marchio di lusso, portato via dalla tendenza streetwear E sneakers Attuale, tira fuori il proprio modello di basket. Molto ispirato dal modello di&nbsp;Converse Chuck Taylor 70\u2019s, questo B23 mira ad essere leggero e complesso sia come illustrato molto bene nella sua composizione. Questa coppia \u00e8 composta [&hellip;]<\/p>\n","protected":false},"featured_media":31014,"template":"","meta":[],"product_brand":[230],"product_cat":[15,339,293],"product_tag":[],"class_list":{"0":"post-31017","1":"product","2":"type-product","3":"status-publish","4":"has-post-thumbnail","6":"product_brand-dior","7":"product_cat-all","8":"product_cat-dior-sneakers","9":"product_cat-sneakers","11":"first","12":"instock","13":"sale","14":"shipping-taxable","15":"purchasable","16":"product-type-variable"},"jetpack_sharing_enabled":true,"_links":{"self":[{"href":"https:\/\/muvluxe.com\/it\/wp-json\/wp\/v2\/product\/31017","targetHints":{"allow":["GET"]}}],"collection":[{"href":"https:\/\/muvluxe.com\/it\/wp-json\/wp\/v2\/product"}],"about":[{"href":"https:\/\/muvluxe.com\/it\/wp-json\/wp\/v2\/types\/product"}],"wp:featuredmedia":[{"embeddable":true,"href":"https:\/\/muvluxe.com\/it\/wp-json\/wp\/v2\/media\/31014"}],"wp:attachment":[{"href":"https:\/\/muvluxe.com\/it\/wp-json\/wp\/v2\/media?parent=31017"}],"wp:term":[{"taxonomy":"product_brand","embeddable":true,"href":"https:\/\/muvluxe.com\/it\/wp-json\/wp\/v2\/product_brand?post=31017"},{"taxonomy":"product_cat","embeddable":true,"href":"https:\/\/muvluxe.com\/it\/wp-json\/wp\/v2\/product_cat?post=31017"},{"taxonomy":"product_tag","embeddable":true,"href":"https:\/\/muvluxe.com\/it\/wp-json\/wp\/v2\/product_tag?post=31017"}],"curies":[{"name":"wp","href":"https:\/\/api.w.org\/{rel}","templated":true}]}}