{"id":31350,"date":"2025-07-18T10:52:27","date_gmt":"2025-07-18T10:52:27","guid":{"rendered":"https:\/\/muvluxe.com\/product\/oversized-white\/"},"modified":"2025-10-15T17:07:42","modified_gmt":"2025-10-15T17:07:42","slug":"oversized-white","status":"publish","type":"product","link":"https:\/\/muvluxe.com\/it\/prodotto\/oversized-white\/","title":{"rendered":"Oversized White"},"content":{"rendered":"<p class=\"p1\"><span class=\"s1\"><b>Sizing<\/b><\/span>&nbsp;: Taille grand, prendre une taille plus petit que votre taille habituelle.<\/p>\n<p class=\"p1\">Fond\u00e9e en&nbsp;<span class=\"s1\"><b>1992,<\/b><\/span>&nbsp;la Maison Alexander McQueen est un pilier de l\u2019industrie du luxe. En ayant imagin\u00e9 la silhouette \u00e0 la semelle oversized, cette derni\u00e8re a r\u00e9invent\u00e9 la tendance, se d\u00e9clinant \u00e0 pr\u00e9sent dans une multitude de coloris.<\/p>\n<p class=\"p1\">La&nbsp;<span class=\"s1\"><b>Alexander McQueen Oversized White<\/b><\/span>&nbsp;se pare d\u2019une base monochrome blanche en cuir. Tous les \u00e9l\u00e9ments y sont accord\u00e9s, \u00e0 l\u2019instar de la semelle, des lacets et de l\u2019empi\u00e8cement au talon. Seule l\u2019inscription dor\u00e9e \u00ab Alexander McQueen \u00bb \u00e0 l\u2019arri\u00e8re vient contraster.<\/p>\n<p class=\"p1\">Ce mod\u00e8le aussi versatile qu\u2019intemporel conna\u00eet de nombreuses d\u00e9clinaisons de coloris, se classant ainsi dans une vaste gamme compl\u00e9tant tous les looks !<\/p>","protected":false},"excerpt":{"rendered":"<p>Sizing&nbsp;: Taille grand, prendre une taille plus petit que votre taille habituelle. Fond\u00e9e en&nbsp;1992,&nbsp;la Maison Alexander McQueen est un pilier de l\u2019industrie du luxe. En ayant imagin\u00e9 la silhouette \u00e0 la semelle oversized, cette derni\u00e8re a r\u00e9invent\u00e9 la tendance, se d\u00e9clinant \u00e0 pr\u00e9sent dans une multitude de coloris. La&nbsp;Alexander McQueen Oversized White&nbsp;se pare d\u2019une base [&hellip;]<\/p>\n","protected":false},"featured_media":31348,"template":"","meta":[],"product_brand":[353],"product_cat":[354,15,293],"product_tag":[],"class_list":{"0":"post-31350","1":"product","2":"type-product","3":"status-publish","4":"has-post-thumbnail","6":"product_brand-alexander-mcqueen","7":"product_cat-alexander-mcqueen-sneakers","8":"product_cat-all","9":"product_cat-sneakers","11":"first","12":"instock","13":"sale","14":"shipping-taxable","15":"purchasable","16":"product-type-variable"},"jetpack_sharing_enabled":true,"_links":{"self":[{"href":"https:\/\/muvluxe.com\/it\/wp-json\/wp\/v2\/product\/31350","targetHints":{"allow":["GET"]}}],"collection":[{"href":"https:\/\/muvluxe.com\/it\/wp-json\/wp\/v2\/product"}],"about":[{"href":"https:\/\/muvluxe.com\/it\/wp-json\/wp\/v2\/types\/product"}],"wp:featuredmedia":[{"embeddable":true,"href":"https:\/\/muvluxe.com\/it\/wp-json\/wp\/v2\/media\/31348"}],"wp:attachment":[{"href":"https:\/\/muvluxe.com\/it\/wp-json\/wp\/v2\/media?parent=31350"}],"wp:term":[{"taxonomy":"product_brand","embeddable":true,"href":"https:\/\/muvluxe.com\/it\/wp-json\/wp\/v2\/product_brand?post=31350"},{"taxonomy":"product_cat","embeddable":true,"href":"https:\/\/muvluxe.com\/it\/wp-json\/wp\/v2\/product_cat?post=31350"},{"taxonomy":"product_tag","embeddable":true,"href":"https:\/\/muvluxe.com\/it\/wp-json\/wp\/v2\/product_tag?post=31350"}],"curies":[{"name":"wp","href":"https:\/\/api.w.org\/{rel}","templated":true}]}}