{"id":31403,"date":"2025-07-18T10:53:11","date_gmt":"2025-07-18T10:53:11","guid":{"rendered":"https:\/\/muvluxe.com\/product\/oversized-black\/"},"modified":"2025-10-15T17:07:41","modified_gmt":"2025-10-15T17:07:41","slug":"oversized-black","status":"publish","type":"product","link":"https:\/\/muvluxe.com\/it\/prodotto\/oversized-black\/","title":{"rendered":"Oversized Black"},"content":{"rendered":"<p><strong>Alexander McQueen<\/strong>&nbsp;est un des acteurs principaux de l\u2019industrie du luxe et s\u2019est rapidement plac\u00e9 comme leader sur le march\u00e9 des&nbsp;<strong>\u201cdad shoes\u201d&nbsp;<\/strong>gr\u00e2ce \u00e0 ses sneakers aux semelles surdimensionn\u00e9es.<\/p>\n<p>La&nbsp;<strong>Alexander McQueen Oversized Black<\/strong>&nbsp;pr\u00e9sente une base en cuir compl\u00e8tement noire, avec un empi\u00e8cement ton-sur-ton pr\u00e9sent sur le talon et accueillant l\u2019inscription \u201cAlexander Mcqueen\u201d dor\u00e9e. La semelle surdimensionn\u00e9e est blanche et vient contraster le design de cette cr\u00e9ation.<\/p>\n<p>Cette d\u00e9clinaison du mod\u00e8le iconique \u201cOversized\u201d pr\u00e9sente un look sobre permettant de constituer un look chic et d\u00e9contract\u00e9 !<\/p>","protected":false},"excerpt":{"rendered":"<p>Alexander McQueen&nbsp;est un des acteurs principaux de l\u2019industrie du luxe et s\u2019est rapidement plac\u00e9 comme leader sur le march\u00e9 des&nbsp;\u201cdad shoes\u201d&nbsp;gr\u00e2ce \u00e0 ses sneakers aux semelles surdimensionn\u00e9es. La&nbsp;Alexander McQueen Oversized Black&nbsp;pr\u00e9sente une base en cuir compl\u00e8tement noire, avec un empi\u00e8cement ton-sur-ton pr\u00e9sent sur le talon et accueillant l\u2019inscription \u201cAlexander Mcqueen\u201d dor\u00e9e. La semelle surdimensionn\u00e9e est [&hellip;]<\/p>\n","protected":false},"featured_media":31400,"template":"","meta":[],"product_brand":[353],"product_cat":[354,15,293],"product_tag":[],"class_list":{"0":"post-31403","1":"product","2":"type-product","3":"status-publish","4":"has-post-thumbnail","6":"product_brand-alexander-mcqueen","7":"product_cat-alexander-mcqueen-sneakers","8":"product_cat-all","9":"product_cat-sneakers","11":"first","12":"instock","13":"sale","14":"shipping-taxable","15":"purchasable","16":"product-type-variable"},"jetpack_sharing_enabled":true,"_links":{"self":[{"href":"https:\/\/muvluxe.com\/it\/wp-json\/wp\/v2\/product\/31403","targetHints":{"allow":["GET"]}}],"collection":[{"href":"https:\/\/muvluxe.com\/it\/wp-json\/wp\/v2\/product"}],"about":[{"href":"https:\/\/muvluxe.com\/it\/wp-json\/wp\/v2\/types\/product"}],"wp:featuredmedia":[{"embeddable":true,"href":"https:\/\/muvluxe.com\/it\/wp-json\/wp\/v2\/media\/31400"}],"wp:attachment":[{"href":"https:\/\/muvluxe.com\/it\/wp-json\/wp\/v2\/media?parent=31403"}],"wp:term":[{"taxonomy":"product_brand","embeddable":true,"href":"https:\/\/muvluxe.com\/it\/wp-json\/wp\/v2\/product_brand?post=31403"},{"taxonomy":"product_cat","embeddable":true,"href":"https:\/\/muvluxe.com\/it\/wp-json\/wp\/v2\/product_cat?post=31403"},{"taxonomy":"product_tag","embeddable":true,"href":"https:\/\/muvluxe.com\/it\/wp-json\/wp\/v2\/product_tag?post=31403"}],"curies":[{"name":"wp","href":"https:\/\/api.w.org\/{rel}","templated":true}]}}