{"id":31420,"date":"2025-07-18T10:53:27","date_gmt":"2025-07-18T10:53:27","guid":{"rendered":"https:\/\/muvluxe.com\/product\/oversized-worker-blue\/"},"modified":"2025-10-15T17:07:40","modified_gmt":"2025-10-15T17:07:40","slug":"oversized-worker-blue","status":"publish","type":"product","link":"https:\/\/muvluxe.com\/it\/prodotto\/oversized-worker-blue\/","title":{"rendered":"Oversized Worker Blue"},"content":{"rendered":"<div class=\"styles_head__ScAK7\">\n<p class=\"styles_design-body__aQY6y styles_grey-900__t6kc2\">\n<\/div>\n<div>\n<div class=\"styles_design-body__aQY6y styles_grey-500__LeHwk styles_panelBody__SU5lt styles_isFirstPanel__QgT2W\">\n<p><strong>Sizing<\/strong>&nbsp;: Taille grand, prendre une taille plus petit que votre taille habituelle.<\/p>\n<p><strong>Alexander McQueen<\/strong>, fond\u00e9 en&nbsp;<strong>1992&nbsp;<\/strong>par&nbsp;<strong>M. McQueen<\/strong>&nbsp;est un pilier de l\u2019industrie du luxe. En inventant une silhouette \u00e0 la semelle surdimensionn\u00e9e, la maison remet alors au go\u00fbt du jour la tendance de ces sneakers et s\u2019impose directement comme l\u2019acteur principal du march\u00e9 \u00e0 ce sujet, avec des cr\u00e9ations comme la&nbsp;<strong>Oversized Worker Blue<\/strong>.<\/p>\n<p>La&nbsp;<strong>Alexander McQueen Oversized Worker Blue<\/strong>&nbsp;se pare d\u2019un ensemble blanc en cuir, accord\u00e9e \u00e0 l\u2019empi\u00e8cement bleu en su\u00e8de sur le talon o\u00f9 l\u2019inscription dor\u00e9e \u00ab Alexander McQueen \u00bb vient s\u2019apposer. La semelle surdimensionn\u00e9e en caoutchouc, bien propre \u00e0 la silhouette du mod\u00e8le, s\u2019habille enti\u00e8rement de blanc. Le la\u00e7age droit avec ses lacets plats donne la touche finale \u00e0 la cr\u00e9ation.<\/p>\n<p>Ce mod\u00e8le devenu incontournable ne cesse de voir sa collection s\u2019agrandir de coloris divers et vari\u00e9s. Parmi eux, la&nbsp;<strong>Oversized Ivory Black<\/strong>&nbsp;!<\/p>\n<\/div>\n<\/div>","protected":false},"excerpt":{"rendered":"<p>Sizing&nbsp;: Taille grand, prendre une taille plus petit que votre taille habituelle. Alexander McQueen, fond\u00e9 en&nbsp;1992&nbsp;par&nbsp;M. McQueen&nbsp;est un pilier de l\u2019industrie du luxe. En inventant une silhouette \u00e0 la semelle surdimensionn\u00e9e, la maison remet alors au go\u00fbt du jour la tendance de ces sneakers et s\u2019impose directement comme l\u2019acteur principal du march\u00e9 \u00e0 ce sujet, [&hellip;]<\/p>\n","protected":false},"featured_media":31417,"template":"","meta":[],"product_brand":[353],"product_cat":[354,15,293],"product_tag":[],"class_list":{"0":"post-31420","1":"product","2":"type-product","3":"status-publish","4":"has-post-thumbnail","6":"product_brand-alexander-mcqueen","7":"product_cat-alexander-mcqueen-sneakers","8":"product_cat-all","9":"product_cat-sneakers","11":"first","12":"instock","13":"sale","14":"shipping-taxable","15":"purchasable","16":"product-type-variable"},"jetpack_sharing_enabled":true,"_links":{"self":[{"href":"https:\/\/muvluxe.com\/it\/wp-json\/wp\/v2\/product\/31420","targetHints":{"allow":["GET"]}}],"collection":[{"href":"https:\/\/muvluxe.com\/it\/wp-json\/wp\/v2\/product"}],"about":[{"href":"https:\/\/muvluxe.com\/it\/wp-json\/wp\/v2\/types\/product"}],"wp:featuredmedia":[{"embeddable":true,"href":"https:\/\/muvluxe.com\/it\/wp-json\/wp\/v2\/media\/31417"}],"wp:attachment":[{"href":"https:\/\/muvluxe.com\/it\/wp-json\/wp\/v2\/media?parent=31420"}],"wp:term":[{"taxonomy":"product_brand","embeddable":true,"href":"https:\/\/muvluxe.com\/it\/wp-json\/wp\/v2\/product_brand?post=31420"},{"taxonomy":"product_cat","embeddable":true,"href":"https:\/\/muvluxe.com\/it\/wp-json\/wp\/v2\/product_cat?post=31420"},{"taxonomy":"product_tag","embeddable":true,"href":"https:\/\/muvluxe.com\/it\/wp-json\/wp\/v2\/product_tag?post=31420"}],"curies":[{"name":"wp","href":"https:\/\/api.w.org\/{rel}","templated":true}]}}